
{"id":365,"date":"2019-02-28T19:08:35","date_gmt":"2019-02-28T18:08:35","guid":{"rendered":"https:\/\/www.bios-shop.eu\/product\/persoenlichkeitsnumeroskop-lang\/"},"modified":"2026-02-12T04:14:00","modified_gmt":"2026-02-12T03:14:00","slug":"personalnumeroscopio-lungo","status":"publish","type":"product","link":"https:\/\/new.bios-shop.eu\/it\/produkt\/persoenlichkeitsnumeroskop-lang\/","title":{"rendered":"Personalit\u00e0 numeroscopio lungo"},"content":{"rendered":"<p><span style=\"font-weight: 400;\"><\/span><\/p>\n<h2>Descrizione<\/h2>\n<h3><strong>L'analisi psicologico-numerologica completa e lunga della personalit\u00e0<\/strong><\/h3>\n<p>Il numeroscopio psicologico-numerologico della personalit\u00e0, lungo e dettagliato, con circa 90-120 pagine A4, viene compilato sulla base dei vostri dati numerologici (nome, cognome e data di nascita del vostro nome attuale o \"feel-good name\") nel nostro\u00a0<a href=\"https:\/\/rechner.psychologischenumerologie.eu\/\" target=\"_blank\" rel=\"noopener\">calcolatore numerologico online<\/a>\u00a0<strong>calcolati individualmente per voi<\/strong>\u00a0e come\u00a0<strong>ebook in PDF dal design accattivante, da stampare e leggere<\/strong>\u00a0disponibile per il download.<\/p>\n<p><strong>Contenuti:<\/strong><\/p>\n<ul>\n<li><strong>lunghi testi descrittivi di tutti i 34 numeri di un'analisi psicologico-numerologica completa della personalit\u00e0<\/strong><\/li>\n<li><strong>Incluse tutte le cifre a livello di \"Potenziale e vocazione\".<\/strong>\u00a0con: numero del talento, numero dell'espressione, numero della creativit\u00e0 (numero del nome), numero del cognome, numero della professione, numero della visione, numero della vocazione.<\/li>\n<\/ul>\n<p>Tutti gli altri testi a\u00a0<strong>crescere personalmente<\/strong>e numerosi\u00a0<strong>Esercizi e auto-riflessione:<\/strong><\/p>\n<ul>\n<li><strong>Numero di vita<\/strong>Sezioni: Lesioni mentali e lati ombra, compiti di vita, auto-riflessione e affermazioni<\/li>\n<li><strong>3 Esercizi di autoapprendimento sui numeri radicali<\/strong><\/li>\n<li><strong>Figura della salute<\/strong>\u00a0- comprese le raccomandazioni, le opzioni terapeutiche, gli esercizi<\/li>\n<li><strong>Numero dell'anima:<\/strong>\u00a0Sezioni: Modelli di pensiero e strategia comportamentale, domande per l'auto-riflessione<\/li>\n<li>Matrice mentale - numeri esistenti:\u00a0<strong>Lesioni emotive<\/strong>\u00a0Frequenza<\/li>\n<li>Lezioni karmiche: Compito di apprendimento e\u00a0<strong>Lesioni mentali<\/strong><\/li>\n<li><strong>Raccomandazioni<\/strong>\u00a0per l'Anno personale e per l'anno successivo dell'Anno personale<\/li>\n<\/ul>\n<p><strong><br \/>\n-&gt; Questo \u00e8 un acquisto a credito per creare da soli il numeroscopio.<\/strong>\u00a0nel calcolatore online di Numerologia Psicologica:\u00a0<a href=\"https:\/\/rechner.psychologischenumerologie.eu\/\" target=\"_blank\" rel=\"noopener\">https:\/\/rechner.psychologischenumerologie.eu\/<\/a><\/p>\n<p><strong>Nota importante:<\/strong>\u00a0<strong>Deve essere ordinato nel negozio con lo stesso indirizzo e-mail (e la stessa password) con cui ci si \u00e8 registrati nel sito.\u00a0<a href=\"https:\/\/rechner.psychologischenumerologie.eu\/\" target=\"_blank\" rel=\"noopener\">calcolatore numerologico online<\/a>\u00a0altrimenti l'acquisto non pu\u00f2 essere assegnato in background.<\/strong><\/p>\n<h2 style=\"padding-top: 25px;\">Pagamento<\/h2>\n<p>Il pagamento \u00e8 possibile tramite Paypal, carte di credito VISA e Mastercard e addebito diretto SEPA \/ bonifico bancario dal conto.<\/p>\n<h2 style=\"padding-top: 25px;\">Come si accede al PDF dopo l'acquisto?<\/h2>\n<h3><strong>Questo \u00e8 il modo in cui si accede al PDF\/ebook dopo l'acquisto:<\/strong><\/h3>\n<p>Dopo aver acquistato il credito per l'analisi numerologica, potete effettuare voi stessi l'analisi numerologica utilizzando il nostro calcolatore online di numerologia psicologica su\u00a0<a href=\"https:\/\/rechner.psychologischenumerologie.eu\/\" target=\"_blank\" rel=\"noopener\">https:\/\/rechner.psychologischenumerologie.eu<\/a>\u00a0e scaricarlo in formato PDF.<\/p>\n<p><strong>La creazione e il download funzionano come segue:<\/strong><\/p>\n<p><strong>1)<\/strong>\u00a0Accedete al calcolatore numerologico con i vostri dati utente (indirizzo e-mail e password) che avete utilizzato per bios-shop.eu:\u00a0<a href=\"https:\/\/rechner.psychologischenumerologie.eu\/login\" target=\"_blank\" rel=\"noopener\">https:\/\/rechner.psychologischenumerologie.eu\/login<\/a><br \/>\nAssicuratevi di utilizzare nel calcolatore numerologico lo stesso indirizzo e-mail che utilizzate nel negozio, in modo che il credito possa essere assegnato correttamente.<\/p>\n<p><strong>2)<\/strong>\u00a0Dopo aver effettuato l'accesso, nell'angolo in alto a sinistra, sotto la voce \"Saldo\", dovrebbe comparire un saldo di un credito (o il numero di crediti acquistati).<\/p>\n<p><strong>3)<\/strong>\u00a0Ora create la vostra analisi numerologica con i dati desiderati usando il pulsante + pi\u00f9 e poi salvatela nel computer usando il simbolo del dischetto (se non \u00e8 gi\u00e0 stato fatto).<\/p>\n<p><strong>4)<\/strong>\u00a0Nell'area \"Le mie analisi\", aprite la cartella in cui avete salvato la vostra analisi numerologica (il vostro numeroscopio) cliccando sulla freccia verso il basso \"v\" e poi cliccate sul simbolo PDF nella riga dei vostri dati salvati sulla destra. Nel menu che appare, selezionare \"Acquista PDF lungo\" e confermare che si desidera utilizzare un credito dal proprio saldo attuale.<\/p>\n<p><strong>5)<\/strong>\u00a0Cliccate poi nuovamente sul simbolo PDF nella riga dell'analisi numerologica desiderata per scaricare il PDF e su \"PDF lungo\".<\/p>\n<p><strong>FATTO!<\/strong><\/p>\n<p>--&gt; Il PDF viene creato e scaricato immediatamente nella cartella di download standard del browser.<\/p>\n<p><strong>Ci sono domande?<\/strong><\/p>\n<p>Se avete ancora delle domande, ad esempio su come funziona esattamente il tutto, su quale nome dovreste usare per l'analisi e su cos'altro pu\u00f2 fare il Calcolatore Psicologico di Numerologia Online, allora siete invitati a dare un'occhiata alla sezione\u00a0<strong><a href=\"https:\/\/www.youtube.com\/playlist?list=PLdDfZZ2BgyGJl9SzEkKRAyBbrMuwfnw55\" target=\"_blank\" rel=\"noopener\">Guarda i video tutorial sul Calcolatore Psicologico Numerologico Online su YouTube<\/a><\/strong>.<\/p>\n<h2 style=\"padding-top: 25px;\">Video tutorial sulla calcolatrice<\/h2>\n<h3><strong>Come raggiungere i nostri 5 video tutorial su YouTube:<\/strong><\/h3>\n<p>Se desiderate una spiegazione dettagliata, ...<\/p>\n<ul>\n<li>come funziona esattamente il tutto,<\/li>\n<li>quale nome utilizzare per l'analisi,<\/li>\n<li>come funziona l'acquisto di un'analisi numerologica a pagamento e<\/li>\n<li>cos'altro pu\u00f2 fare il Calcolatore Psicologico Numerologico Online, ...<\/li>\n<\/ul>\n<p>... allora siete invitati a scaricare il file\u00a0<strong><a href=\"https:\/\/www.youtube.com\/playlist?list=PLdDfZZ2BgyGJl9SzEkKRAyBbrMuwfnw55\" target=\"_blank\" rel=\"noopener\">Guarda i video tutorial sul Calcolatore Psicologico Numerologico Online su YouTube<\/a><\/strong>.<\/p>\n<h2 style=\"padding-top: 25px;\">Anteprima<\/h2>\n<p>Un esempio di 'Personality Numeroscope long' Premium PDF-ebook di 93 pagine A4, creato con il calcolatore online di Numerologia Psicologica su\u00a0<a href=\"https:\/\/rechner.psychologischenumerologie.eu\/\" target=\"_blank\" rel=\"noopener\">https:\/\/rechner.psychologischenumerologie.eu<\/a>.<\/p>\n<p>Nota: I dati di esempio con \"Viola Rosenberger, 10.04.1980\" sono gli stessi che si trovano nei libri di Numerologia Psicologica Volume 1 e Volume 2.<\/p>","protected":false},"excerpt":{"rendered":"<p><strong>Numeroscopio della personalit\u00e0 lungo e dettagliato con circa 90-120 pagine A4<\/strong> in base ai loro dati numerologici (nome, cognome e data di nascita) come un bellissimo ebook in formato PDF da stampare e leggere.<\/p>\n<p><span style=\"color: #00aae7;\"><strong>-&gt; Acquisto di crediti per creare da soli il numeroscopio<\/strong><\/span> nel calcolatore online di Numerologia Psicologica su <a href=\"https:\/\/rechner.psychologischenumerologie.eu\/\" target=\"_blank\" rel=\"noopener noreferrer\">https:\/\/rechner.psychologischenumerologie.eu\/<\/a>.<\/p>\n<p>ISBN: 978-3-902907-13-4<\/p>","protected":false},"featured_media":5642,"comment_status":"open","ping_status":"closed","template":"","meta":{"_acf_changed":false,"bwfblock_default_font":""},"product_brand":[],"product_cat":[103,99],"product_tag":[90,91],"class_list":{"0":"post-365","1":"product","2":"type-product","3":"status-publish","4":"has-post-thumbnail","6":"product_cat-numerologische-analysen","7":"product_cat-ebooks","8":"product_tag-numerologie","9":"product_tag-persoenlichkeit","11":"first","12":"instock","13":"virtual","14":"taxable","15":"purchasable","16":"product-type-simple"},"bundled_by":[],"bundle_stock_status":"instock","bundle_stock_quantity":null,"bundle_virtual":false,"bundle_layout":"","bundle_add_to_cart_form_location":"","bundle_editable_in_cart":false,"bundle_sold_individually_context":"","bundle_item_grouping":"","bundle_min_size":"","bundle_max_size":"","bundle_price":[],"bundled_items":[],"bundle_sell_ids":[],"acf":[],"_links":{"self":[{"href":"https:\/\/new.bios-shop.eu\/it\/wp-json\/wp\/v2\/product\/365","targetHints":{"allow":["GET"]}}],"collection":[{"href":"https:\/\/new.bios-shop.eu\/it\/wp-json\/wp\/v2\/product"}],"about":[{"href":"https:\/\/new.bios-shop.eu\/it\/wp-json\/wp\/v2\/types\/product"}],"replies":[{"embeddable":true,"href":"https:\/\/new.bios-shop.eu\/it\/wp-json\/wp\/v2\/comments?post=365"}],"wp:featuredmedia":[{"embeddable":true,"href":"https:\/\/new.bios-shop.eu\/it\/wp-json\/wp\/v2\/media\/5642"}],"wp:attachment":[{"href":"https:\/\/new.bios-shop.eu\/it\/wp-json\/wp\/v2\/media?parent=365"}],"wp:term":[{"taxonomy":"product_brand","embeddable":true,"href":"https:\/\/new.bios-shop.eu\/it\/wp-json\/wp\/v2\/product_brand?post=365"},{"taxonomy":"product_cat","embeddable":true,"href":"https:\/\/new.bios-shop.eu\/it\/wp-json\/wp\/v2\/product_cat?post=365"},{"taxonomy":"product_tag","embeddable":true,"href":"https:\/\/new.bios-shop.eu\/it\/wp-json\/wp\/v2\/product_tag?post=365"}],"curies":[{"name":"wp","href":"https:\/\/api.w.org\/{rel}","templated":true}]}}