
{"id":364,"date":"2019-02-28T19:08:35","date_gmt":"2019-02-28T18:08:35","guid":{"rendered":"https:\/\/www.bios-shop.eu\/product\/persoenlichkeitsnumeroskop-kurz\/"},"modified":"2026-03-25T04:18:04","modified_gmt":"2026-03-25T03:18:04","slug":"personalnumeroscopio-corto","status":"publish","type":"product","link":"https:\/\/new.bios-shop.eu\/it\/produkt\/persoenlichkeitsnumeroskop-kurz\/","title":{"rendered":"Personalit\u00e0 numeroscopio breve"},"content":{"rendered":"<p><span style=\"font-weight: 400;\"><\/span><\/p>\n<h2>Descrizione<\/h2>\n<h3><strong>L'analisi psicologico-numerologica breve della personalit\u00e0<\/strong><\/h3>\n<p>Il numeroscopio psicologico-numerologico breve della personalit\u00e0, di circa 45-50 pagine A4, viene compilato sulla base dei vostri dati numerologici (nome, cognome e data di nascita del vostro nome attuale o \"feel-good name\") nella nostra\u00a0<a href=\"https:\/\/rechner.psychologischenumerologie.eu\/\" target=\"_blank\" rel=\"noopener\">calcolatore numerologico online<\/a>\u00a0<strong>calcolati individualmente per voi<\/strong>\u00a0e come\u00a0<strong>ebook in PDF dal design accattivante, da stampare e leggere<\/strong>\u00a0disponibile per il download.<\/p>\n<p><strong>Contenuti:<\/strong><\/p>\n<ul>\n<li><strong>brevi testi descrittivi di 27 (dei 34) numeri di un'analisi psicologico-numerologica della personalit\u00e0, tra cui<\/strong><\/li>\n<li><strong>Il numero della tua vita<\/strong>\u00a0con le ulteriori sezioni<strong>:<\/strong>\u00a0il tema familiare della famiglia d'origine, le fasi della vita, i modelli di pensiero e le strategie comportamentali<\/li>\n<li><strong>Il vostro numero di radice<\/strong><\/li>\n<li><strong>A livello di anima:<\/strong>\u00a0il numero di intensit\u00e0 e il numero di inizio<\/li>\n<li><strong>Le sfaccettature della personalit\u00e0:<\/strong>\u00a0la Griglia della Data di Nascita (con i numeri esistenti, mancanti e isolati) e la Matrice dell'Anima con le Lezioni Karmiche e il Numero di Equilibrio dell'Anima<\/li>\n<li><strong>tutti<\/strong>\u00a0Le vostre prove sul cammino della vita: ovvero\u00a0<strong>tutti<\/strong>\u00a0Cicli vibrazionali, sfide e punti salienti e un'anticipazione del prossimo anno personale<\/li>\n<\/ul>\n<p><strong><br \/>\n-&gt; Questo \u00e8 un acquisto a credito per creare da soli il numeroscopio.<\/strong>\u00a0nel calcolatore online di Numerologia Psicologica:\u00a0<a href=\"https:\/\/rechner.psychologischenumerologie.eu\/\" target=\"_blank\" rel=\"noopener\">https:\/\/rechner.psychologischenumerologie.eu\/<\/a><\/p>\n<p><strong>Nota importante:<\/strong>\u00a0<strong>Deve essere ordinato nel negozio con lo stesso indirizzo e-mail (e la stessa password) con cui ci si \u00e8 registrati nel sito.\u00a0<a href=\"https:\/\/rechner.psychologischenumerologie.eu\/\" target=\"_blank\" rel=\"noopener\">calcolatore numerologico online<\/a>\u00a0altrimenti l'acquisto non pu\u00f2 essere assegnato in background.<\/strong><\/p>\n<h2 style=\"padding-top:25px;\">Pagamento<\/h2>\n<p>Il pagamento \u00e8 possibile tramite Paypal, carte di credito VISA e Mastercard e addebito diretto SEPA \/ bonifico bancario dal conto.<\/p>\n<h2 style=\"padding-top:25px;\">Come si accede al PDF dopo l'acquisto?<\/h2>\n<h3><strong>Questo \u00e8 il modo in cui si accede al PDF\/ebook dopo l'acquisto:<\/strong><\/h3>\n<p>Dopo aver acquistato il credito per l'analisi numerologica, potete effettuare voi stessi l'analisi numerologica utilizzando il nostro calcolatore online di numerologia psicologica su\u00a0<a href=\"https:\/\/rechner.psychologischenumerologie.eu\/\" target=\"_blank\" rel=\"noopener\">https:\/\/rechner.psychologischenumerologie.eu<\/a>\u00a0e scaricarlo in formato PDF.<\/p>\n<p><strong>La creazione e il download funzionano come segue:<\/strong><\/p>\n<p><strong>1)<\/strong>\u00a0Accedete al calcolatore numerologico con i vostri dati utente (indirizzo e-mail e password) che avete utilizzato per bios-shop.eu:\u00a0<a href=\"https:\/\/rechner.psychologischenumerologie.eu\/login\" target=\"_blank\" rel=\"noopener\">https:\/\/rechner.psychologischenumerologie.eu\/login<\/a><br \/>\nAssicuratevi di utilizzare nel calcolatore numerologico lo stesso indirizzo e-mail che utilizzate nel negozio, in modo che il credito possa essere assegnato correttamente.<\/p>\n<p><strong>2)<\/strong>\u00a0Dopo aver effettuato l'accesso, nell'angolo in alto a sinistra, sotto la voce \"Saldo\", dovrebbe comparire un saldo di un credito (o il numero di crediti acquistati).<\/p>\n<p><strong>3)<\/strong>\u00a0Ora create la vostra analisi numerologica con i dati desiderati usando il pulsante + pi\u00f9 e poi salvatela nel computer usando il simbolo del dischetto (se non \u00e8 gi\u00e0 stato fatto).<\/p>\n<p><strong>4)<\/strong>\u00a0Nell'area \"Le mie analisi\", aprite la cartella in cui avete salvato la vostra analisi numerologica (il vostro numeroscopio) cliccando sulla freccia verso il basso \"v\" e poi cliccate sul simbolo PDF nella riga dei vostri dati salvati sulla destra. Nel menu che appare, selezionare \"Acquista PDF breve\" e confermare che si desidera utilizzare un credito dal proprio saldo attuale.<\/p>\n<p><strong>5)<\/strong>\u00a0Cliccare nuovamente sul simbolo PDF nella riga dell'analisi numerologica desiderata per scaricare il PDF e su \"Short PDF\".<\/p>\n<p><strong>FATTO!<\/strong><\/p>\n<p>--&gt; Il PDF viene creato e scaricato immediatamente nella cartella di download standard del browser.<\/p>\n<p><strong>Ci sono domande?<\/strong><\/p>\n<p>Se avete ancora delle domande, ad esempio su come funziona esattamente il tutto, su quale nome dovreste usare per l'analisi e su cos'altro pu\u00f2 fare il Calcolatore Psicologico di Numerologia Online, allora siete invitati a dare un'occhiata alla sezione\u00a0<strong><a href=\"https:\/\/www.youtube.com\/playlist?list=PLdDfZZ2BgyGJl9SzEkKRAyBbrMuwfnw55\" target=\"_blank\" rel=\"noopener\">Guarda i video tutorial sul Calcolatore Psicologico Numerologico Online su YouTube<\/a><\/strong>.<\/p>\n<h2 style=\"padding-top:25px;\">Video tutorial sulla calcolatrice<\/h2>\n<h3><strong>Come raggiungere i nostri 5 video tutorial su YouTube:<\/strong><\/h3>\n<p>Se desiderate una spiegazione dettagliata, ...<\/p>\n<ul>\n<li>come funziona esattamente il tutto,<\/li>\n<li>quale nome utilizzare per l'analisi,<\/li>\n<li>come funziona l'acquisto di un'analisi numerologica a pagamento e<\/li>\n<li>cos'altro pu\u00f2 fare il Calcolatore Psicologico Numerologico Online, ...<\/li>\n<\/ul>\n<p>... allora siete invitati a scaricare il file\u00a0<strong><a href=\"https:\/\/www.youtube.com\/playlist?list=PLdDfZZ2BgyGJl9SzEkKRAyBbrMuwfnw55\" target=\"_blank\" rel=\"noopener\">Guarda i video tutorial sul Calcolatore Psicologico Numerologico Online su YouTube<\/a><\/strong>.<\/p>\n<h2 style=\"padding-top:25px;\">Anteprima<\/h2>\n<p>Un esempio di 'Personality Numeroscope short' Premium PDF-ebook di 54 pagine A4, creato con il calcolatore online di Numerologia Psicologica su\u00a0<a href=\"https:\/\/rechner.psychologischenumerologie.eu\/\" target=\"_blank\" rel=\"noopener\">https:\/\/rechner.psychologischenumerologie.eu<\/a>.<\/p>\n<p>Nota: I dati di esempio con \"Viola Rosenberger, 10.04.1980\" sono gli stessi che si trovano nei libri di Numerologia Psicologica Volume 1 e Volume 2.<\/p>","protected":false},"excerpt":{"rendered":"<p><strong>Numeroscopio breve della personalit\u00e0 con circa 45-50 pagine A4<\/strong> in base ai loro dati numerologici (nome, cognome e data di nascita) come un bellissimo ebook in formato PDF da stampare e leggere.<\/p>\n<p><span style=\"color: #00aae7;\"><strong>-&gt; Acquisto di crediti per creare da soli il numeroscopio<\/strong><\/span> nel calcolatore online di Numerologia Psicologica: <a href=\"https:\/\/rechner.psychologischenumerologie.eu\/\" target=\"_blank\" rel=\"noopener noreferrer\">https:\/\/rechner.psychologischenumerologie.eu\/<\/a><\/p>\n<p>ISBN: 978-3-902907-12-7<\/p>","protected":false},"featured_media":5640,"comment_status":"open","ping_status":"closed","template":"","meta":{"_acf_changed":false,"bwfblock_default_font":""},"product_brand":[],"product_cat":[103,99],"product_tag":[90,91],"class_list":{"0":"post-364","1":"product","2":"type-product","3":"status-publish","4":"has-post-thumbnail","6":"product_cat-numerologische-analysen","7":"product_cat-ebooks","8":"product_tag-numerologie","9":"product_tag-persoenlichkeit","11":"first","12":"instock","13":"virtual","14":"taxable","15":"purchasable","16":"product-type-simple"},"bundled_by":[],"bundle_stock_status":"instock","bundle_stock_quantity":null,"bundle_virtual":false,"bundle_layout":"","bundle_add_to_cart_form_location":"","bundle_editable_in_cart":false,"bundle_sold_individually_context":"","bundle_item_grouping":"","bundle_min_size":"","bundle_max_size":"","bundle_price":[],"bundled_items":[],"bundle_sell_ids":[],"acf":[],"_links":{"self":[{"href":"https:\/\/new.bios-shop.eu\/it\/wp-json\/wp\/v2\/product\/364","targetHints":{"allow":["GET"]}}],"collection":[{"href":"https:\/\/new.bios-shop.eu\/it\/wp-json\/wp\/v2\/product"}],"about":[{"href":"https:\/\/new.bios-shop.eu\/it\/wp-json\/wp\/v2\/types\/product"}],"replies":[{"embeddable":true,"href":"https:\/\/new.bios-shop.eu\/it\/wp-json\/wp\/v2\/comments?post=364"}],"wp:featuredmedia":[{"embeddable":true,"href":"https:\/\/new.bios-shop.eu\/it\/wp-json\/wp\/v2\/media\/5640"}],"wp:attachment":[{"href":"https:\/\/new.bios-shop.eu\/it\/wp-json\/wp\/v2\/media?parent=364"}],"wp:term":[{"taxonomy":"product_brand","embeddable":true,"href":"https:\/\/new.bios-shop.eu\/it\/wp-json\/wp\/v2\/product_brand?post=364"},{"taxonomy":"product_cat","embeddable":true,"href":"https:\/\/new.bios-shop.eu\/it\/wp-json\/wp\/v2\/product_cat?post=364"},{"taxonomy":"product_tag","embeddable":true,"href":"https:\/\/new.bios-shop.eu\/it\/wp-json\/wp\/v2\/product_tag?post=364"}],"curies":[{"name":"wp","href":"https:\/\/api.w.org\/{rel}","templated":true}]}}