
{"id":357,"date":"2019-02-28T19:08:32","date_gmt":"2019-02-28T18:08:32","guid":{"rendered":"https:\/\/www.bios-shop.eu\/product\/lichtmeditationen-fuer-die-seele\/"},"modified":"2025-12-22T15:50:37","modified_gmt":"2025-12-22T14:50:37","slug":"meditazioni-di-luce-per-lanima","status":"publish","type":"product","link":"https:\/\/new.bios-shop.eu\/it\/produkt\/lichtmeditationen-fuer-die-seele\/","title":{"rendered":"Meditazioni leggere per l'anima"},"content":{"rendered":"<p><span style=\"font-weight: 400;\"><\/span><\/p>\n<h2>Descrizione<\/h2>\n<h3><strong>CD 5: Meditazioni leggere per l'anima<\/strong><\/h3>\n<p>Considerata un simbolo archetipico, la luce \u00e8 espressione della purezza, dello spirito divino e della trasformazione dell'ombra in luminosit\u00e0. La luce rappresenta la possibilit\u00e0 di connettersi con la propria natura divina. Possiamo raggiungere un profondo stato di rilassamento quando riusciamo a generare luce nel nostro inconscio.<\/p>\n<p>Se lo facciamo con l'aiuto dell'immaginazione, raggiungiamo una sensazione di completa connessione con il nostro io e con l'universo.<\/p>\n<p>Quando siamo in questo stato, il viaggio interiore che intraprendiamo attraverso il CD e il significato simbolico e archetipico della luce ci conduce in un percorso consapevole attraverso diverse fasi e stadi del nostro essere. Ogni tappa ci permette di prendere coscienza di un ulteriore livello della nostra sottigliezza attraverso il potere positivo della luce.<\/p>\n<p>Il viaggio dell'anima, iniziato dal CD, porta a una consapevolezza del proprio corpo e a un'intensa pulizia degli organi e del livello cellulare, comprese le informazioni in essi contenute. Dopo l'esame attento e pieno di luce del proprio corpo, il viaggiatore viene accompagnato in particolare ad attivare i chakra e il corpo di luce. Questo rende tangibile il potenziale spirituale e sottile di ogni chakra. Allo stesso modo, nel corso della trasformazione in luce, ogni centro energetico e ogni strato aurico pu\u00f2 dispiegare il potere dell'attenzione concentrata. La meditazione consapevole ci guida all'incontro con la luce della nostra anima e ci permette di percepire attentamente questo potere spirituale e di integrarlo nella nostra vita quotidiana. Questo CD \u00e8 un invito a ricordare che siamo esseri divini pieni di luce e a mostrare che la nostra presenza spirituale pu\u00f2 essere facilmente integrata nella vita quotidiana. Ogni individuo dovrebbe essere sostenuto nel ricordare la propria unicit\u00e0 e serenit\u00e0 e, di conseguenza, essere potenziato.<\/p>\n<h2 style=\"padding-top:25px;\">Contenuti<\/strong><\/h2>\n<p>1. meditazione leggera per il corpo (16 min.)<br \/>\n2. meditazione sui chakra (38 min.)<br \/>\n3. attivare i poteri di autoguarigione (23 min.)<br \/>\n<strong>Totale: 77 minuti<\/strong><\/p>","protected":false},"excerpt":{"rendered":"<p>Il viaggio dell'anima, che trova il suo impulso attraverso il CD, porta alla percezione consapevole del proprio corpo e a un'intensa pulizia degli organi e del livello cellulare insieme alle informazioni in esso contenute. Dopo l'esame leggero e consapevole del proprio corpo, il viaggiatore viene accompagnato in particolare all'attivazione dei suoi chakra e del suo corpo di luce. In questo modo, il potenziale spirituale e sottile di ogni chakra diventa tangibile.<\/p>\n<p><strong>1a ed. 2011, 3 meditazioni guidate, totale: 77 minuti<\/strong><\/p>\n<p>ISBN: 978-3-9503085-4-9<\/p>","protected":false},"featured_media":457,"comment_status":"open","ping_status":"closed","template":"","meta":{"_acf_changed":false,"bwfblock_default_font":""},"product_brand":[],"product_cat":[101],"product_tag":[337,84],"class_list":{"0":"post-357","1":"product","2":"type-product","3":"status-publish","4":"has-post-thumbnail","6":"product_cat-medien","7":"product_tag-meditation","8":"product_tag-energetik","9":"product_shipping_class-physical-products","11":"first","12":"instock","13":"taxable","14":"shipping-taxable","15":"purchasable","16":"product-type-simple"},"bundled_by":[],"bundle_stock_status":"instock","bundle_stock_quantity":null,"bundle_virtual":false,"bundle_layout":"","bundle_add_to_cart_form_location":"","bundle_editable_in_cart":false,"bundle_sold_individually_context":"","bundle_item_grouping":"","bundle_min_size":"","bundle_max_size":"","bundle_price":[],"bundled_items":[],"bundle_sell_ids":[],"acf":[],"_links":{"self":[{"href":"https:\/\/new.bios-shop.eu\/it\/wp-json\/wp\/v2\/product\/357","targetHints":{"allow":["GET"]}}],"collection":[{"href":"https:\/\/new.bios-shop.eu\/it\/wp-json\/wp\/v2\/product"}],"about":[{"href":"https:\/\/new.bios-shop.eu\/it\/wp-json\/wp\/v2\/types\/product"}],"replies":[{"embeddable":true,"href":"https:\/\/new.bios-shop.eu\/it\/wp-json\/wp\/v2\/comments?post=357"}],"wp:featuredmedia":[{"embeddable":true,"href":"https:\/\/new.bios-shop.eu\/it\/wp-json\/wp\/v2\/media\/457"}],"wp:attachment":[{"href":"https:\/\/new.bios-shop.eu\/it\/wp-json\/wp\/v2\/media?parent=357"}],"wp:term":[{"taxonomy":"product_brand","embeddable":true,"href":"https:\/\/new.bios-shop.eu\/it\/wp-json\/wp\/v2\/product_brand?post=357"},{"taxonomy":"product_cat","embeddable":true,"href":"https:\/\/new.bios-shop.eu\/it\/wp-json\/wp\/v2\/product_cat?post=357"},{"taxonomy":"product_tag","embeddable":true,"href":"https:\/\/new.bios-shop.eu\/it\/wp-json\/wp\/v2\/product_tag?post=357"}],"curies":[{"name":"wp","href":"https:\/\/api.w.org\/{rel}","templated":true}]}}