
{"id":356,"date":"2019-02-28T19:08:30","date_gmt":"2019-02-28T18:08:30","guid":{"rendered":"https:\/\/www.bios-shop.eu\/product\/wandlung-mit-der-kraft-des-herzens\/"},"modified":"2025-12-22T16:00:44","modified_gmt":"2025-12-22T15:00:44","slug":"trasformazione-con-la-forza-del-cuore","status":"publish","type":"product","link":"https:\/\/new.bios-shop.eu\/it\/produkt\/wandlung-mit-der-kraft-des-herzens\/","title":{"rendered":"Trasformazione con la forza del cuore"},"content":{"rendered":"<p><span style=\"font-weight: 400;\"><\/span><\/p>\n<h2>Descrizione<\/h2>\n<h3><strong>CD 4: Trasformazione con la forza del cuore<\/strong><\/h3>\n<p>Queste meditazioni guidate accompagnano la nostra anima alla contemplazione e ci permettono di sentire nuovamente le profondit\u00e0 della nostra anima. Attraverso l'esperienza del silenzio, ci conducono a quelle potenti immagini interiori provenienti dal centro del cuore che accompagnano efficacemente la nostra guarigione interiore nell'inconscio. Queste meditazioni con immagini archetipiche e musiche speciali ci permettono di diventare presenti, consapevoli e di guarire nel nostro cuore. L'immersione nel silenzio accompagna la conoscenza di s\u00e9, \u00e8 pratica e pu\u00f2 essere facilmente integrata nella vita quotidiana.<\/p>\n<p>Avere un cuore aperto, spensierato e che vibra liberamente: Questo \u00e8 l'obiettivo di molte persone che desiderano relazioni interpersonali autentiche e chiare. Amicizie, collaborazioni e legami familiari determinano la qualit\u00e0 della nostra vita. Quanto pi\u00f9 brillanti e amorevoli sono queste relazioni, tanto pi\u00f9 facile e rilassato sar\u00e0 il nostro cammino nella vita.<\/p>\n<h2 style=\"padding-top:25px;\">Contenuti<\/strong><\/h2>\n<p align=\"left\">1. aprire il cuore (31 min.)<br \/>\n2. aprirsi all'amore (25 min.)<br \/>\n<strong>Totale: 56 minuti<\/strong><\/p>\n<p><strong>Libretto del CD:\u00a0<\/strong><a href=\"https:\/\/new.bios-shop.eu\/wp-content\/uploads\/CD-Booklet_Seelenreisen-CD-4.pdf\" target=\"_blank\" rel=\"noopener\">Trasformazione con la forza del cuore in PDF<\/a><\/p>","protected":false},"excerpt":{"rendered":"<p>Avere un cuore aperto, spensierato e che vibra liberamente: Questo \u00e8 l'obiettivo di molte persone che desiderano relazioni interpersonali autentiche e chiare. Amicizie, collaborazioni e legami familiari determinano la qualit\u00e0 della nostra vita. Quanto pi\u00f9 brillanti e amorevoli sono queste relazioni, tanto pi\u00f9 facile e rilassato sar\u00e0 il nostro cammino nella vita.<\/p>\n<p><strong>2 meditazioni guidate, totale: 56 minuti<\/strong><\/p>\n<p>ISBN: 978-3-9503085-3-2<\/p>","protected":false},"featured_media":461,"comment_status":"open","ping_status":"closed","template":"","meta":{"_acf_changed":false,"bwfblock_default_font":""},"product_brand":[],"product_cat":[101],"product_tag":[247,337,85],"class_list":{"0":"post-356","1":"product","2":"type-product","3":"status-publish","4":"has-post-thumbnail","6":"product_cat-medien","7":"product_tag-persoenlichkeitsentwicklung","8":"product_tag-meditation","9":"product_tag-mental-und-empathietraining","10":"product_shipping_class-physical-products","12":"first","13":"instock","14":"taxable","15":"shipping-taxable","16":"purchasable","17":"product-type-simple"},"bundled_by":[],"bundle_stock_status":"instock","bundle_stock_quantity":null,"bundle_virtual":false,"bundle_layout":"","bundle_add_to_cart_form_location":"","bundle_editable_in_cart":false,"bundle_sold_individually_context":"","bundle_item_grouping":"","bundle_min_size":"","bundle_max_size":"","bundle_price":[],"bundled_items":[],"bundle_sell_ids":[],"acf":[],"_links":{"self":[{"href":"https:\/\/new.bios-shop.eu\/it\/wp-json\/wp\/v2\/product\/356","targetHints":{"allow":["GET"]}}],"collection":[{"href":"https:\/\/new.bios-shop.eu\/it\/wp-json\/wp\/v2\/product"}],"about":[{"href":"https:\/\/new.bios-shop.eu\/it\/wp-json\/wp\/v2\/types\/product"}],"replies":[{"embeddable":true,"href":"https:\/\/new.bios-shop.eu\/it\/wp-json\/wp\/v2\/comments?post=356"}],"wp:featuredmedia":[{"embeddable":true,"href":"https:\/\/new.bios-shop.eu\/it\/wp-json\/wp\/v2\/media\/461"}],"wp:attachment":[{"href":"https:\/\/new.bios-shop.eu\/it\/wp-json\/wp\/v2\/media?parent=356"}],"wp:term":[{"taxonomy":"product_brand","embeddable":true,"href":"https:\/\/new.bios-shop.eu\/it\/wp-json\/wp\/v2\/product_brand?post=356"},{"taxonomy":"product_cat","embeddable":true,"href":"https:\/\/new.bios-shop.eu\/it\/wp-json\/wp\/v2\/product_cat?post=356"},{"taxonomy":"product_tag","embeddable":true,"href":"https:\/\/new.bios-shop.eu\/it\/wp-json\/wp\/v2\/product_tag?post=356"}],"curies":[{"name":"wp","href":"https:\/\/api.w.org\/{rel}","templated":true}]}}