
{"id":355,"date":"2019-02-28T19:08:30","date_gmt":"2019-02-28T18:08:30","guid":{"rendered":"https:\/\/www.bios-shop.eu\/product\/die-heilende-kraft-der-naturelemente\/"},"modified":"2025-12-22T16:01:05","modified_gmt":"2025-12-22T15:01:05","slug":"il-potere-di-guarigione-degli-elementi-naturali","status":"publish","type":"product","link":"https:\/\/new.bios-shop.eu\/it\/produkt\/die-heilende-kraft-der-naturelemente\/","title":{"rendered":"Il potere curativo degli elementi naturali"},"content":{"rendered":"<p><span style=\"font-weight: 400;\"><\/span><\/p>\n<h2>Descrizione<\/h2>\n<h3><strong>CD 3: Il potere curativo degli elementi naturali<\/strong><\/h3>\n<p>Queste meditazioni guidate accompagnano la nostra anima alla contemplazione e ci permettono di sentire nuovamente le profondit\u00e0 della nostra anima. Attraverso l'esperienza del silenzio, ci conducono a quelle potenti immagini interiori provenienti dal centro del cuore che accompagnano efficacemente la nostra guarigione interiore nell'inconscio. Queste meditazioni con immagini archetipiche e musiche speciali ci permettono di diventare presenti, consapevoli e di guarire nel nostro cuore. L'immersione nel silenzio accompagna la conoscenza di s\u00e9, \u00e8 pratica e pu\u00f2 essere facilmente integrata nella vita quotidiana.<\/p>\n<p>Tutti sentono il desiderio di passeggiare nella natura senza preoccuparsi di nulla e di godere dell'effetto rinfrescante del paesaggio in tutta sicurezza. Tuttavia, questo bisogno \u00e8 sempre pi\u00f9 raramente integrato nella nostra vita quotidiana. Questo CD di meditazione aiuta gli ascoltatori a connettersi con il potere degli elementi naturali e a riaccedere all'energia vitale nascosta in essi.<\/p>\n<h2 style=\"padding-top:25px;\">Contenuti<\/strong><\/h2>\n<p align=\"left\">1. radicarsi nella terra (20 min.)<br \/>\n2. ripartire con la leggerezza del vento (15 min.)<br \/>\n3. immergersi nella vitalit\u00e0 dell'acqua (22 min.)<br \/>\n4. accendere il potere del fuoco interiore (15 min.)<\/p>\n<p align=\"left\"><strong>Totale: 72 minuti<\/strong><\/p>\n<p><strong>Libretto del CD:\u00a0<\/strong><a href=\"https:\/\/new.bios-shop.eu\/wp-content\/uploads\/CD-Booklet_Seelenreisen-CD-3.pdf\" target=\"_blank\" rel=\"noopener\">Il potere curativo degli elementi naturali in formato PDF<\/a><\/p>","protected":false},"excerpt":{"rendered":"<p>Tutti sentono il desiderio di vagare spensieratamente nella natura e di godere dell'effetto rinfrescante del paesaggio in tutta sicurezza. Tuttavia, questa esigenza \u00e8 sempre pi\u00f9 raramente integrata nella vita personale di tutti i giorni. Questo CD di meditazione aiuta l'ascoltatore a connettersi con il potere degli elementi naturali e a ritrovare l'accesso all'energia vitale in essi nascosta.<\/p>\n<p><strong>4 meditazioni guidate, per un totale di 72 minuti.<\/strong><\/p>\n<p>ISBN: 978-3-9503085-2-5<\/p>","protected":false},"featured_media":459,"comment_status":"open","ping_status":"closed","template":"","meta":{"_acf_changed":false,"bwfblock_default_font":""},"product_brand":[],"product_cat":[101],"product_tag":[95,337],"class_list":{"0":"post-355","1":"product","2":"type-product","3":"status-publish","4":"has-post-thumbnail","6":"product_cat-medien","7":"product_tag-schamanismus","8":"product_tag-meditation","9":"product_shipping_class-physical-products","11":"first","12":"instock","13":"taxable","14":"shipping-taxable","15":"purchasable","16":"product-type-simple"},"bundled_by":[],"bundle_stock_status":"instock","bundle_stock_quantity":null,"bundle_virtual":false,"bundle_layout":"","bundle_add_to_cart_form_location":"","bundle_editable_in_cart":false,"bundle_sold_individually_context":"","bundle_item_grouping":"","bundle_min_size":"","bundle_max_size":"","bundle_price":[],"bundled_items":[],"bundle_sell_ids":[],"acf":[],"_links":{"self":[{"href":"https:\/\/new.bios-shop.eu\/it\/wp-json\/wp\/v2\/product\/355","targetHints":{"allow":["GET"]}}],"collection":[{"href":"https:\/\/new.bios-shop.eu\/it\/wp-json\/wp\/v2\/product"}],"about":[{"href":"https:\/\/new.bios-shop.eu\/it\/wp-json\/wp\/v2\/types\/product"}],"replies":[{"embeddable":true,"href":"https:\/\/new.bios-shop.eu\/it\/wp-json\/wp\/v2\/comments?post=355"}],"wp:featuredmedia":[{"embeddable":true,"href":"https:\/\/new.bios-shop.eu\/it\/wp-json\/wp\/v2\/media\/459"}],"wp:attachment":[{"href":"https:\/\/new.bios-shop.eu\/it\/wp-json\/wp\/v2\/media?parent=355"}],"wp:term":[{"taxonomy":"product_brand","embeddable":true,"href":"https:\/\/new.bios-shop.eu\/it\/wp-json\/wp\/v2\/product_brand?post=355"},{"taxonomy":"product_cat","embeddable":true,"href":"https:\/\/new.bios-shop.eu\/it\/wp-json\/wp\/v2\/product_cat?post=355"},{"taxonomy":"product_tag","embeddable":true,"href":"https:\/\/new.bios-shop.eu\/it\/wp-json\/wp\/v2\/product_tag?post=355"}],"curies":[{"name":"wp","href":"https:\/\/api.w.org\/{rel}","templated":true}]}}