
{"id":354,"date":"2019-02-28T19:08:30","date_gmt":"2019-02-28T18:08:30","guid":{"rendered":"https:\/\/www.bios-shop.eu\/product\/das-innere-kind-heilen\/"},"modified":"2025-12-22T15:51:18","modified_gmt":"2025-12-22T14:51:18","slug":"la-guarigione-del-bambino-interiore","status":"publish","type":"product","link":"https:\/\/new.bios-shop.eu\/it\/produkt\/das-innere-kind-heilen\/","title":{"rendered":"Guarire il bambino interiore"},"content":{"rendered":"<p><span style=\"font-weight: 400;\"><\/span><\/p>\n<h2>Descrizione<\/h2>\n<h2 style=\"padding-top:25px;\">CD 2: Guarire il bambino interiore<\/strong><\/h3>\n<p align=\"left\">Queste meditazioni guidate accompagnano la nostra anima alla contemplazione e ci permettono di sentire nuovamente le profondit\u00e0 della nostra anima. Attraverso l'esperienza del silenzio, ci conducono a quelle potenti immagini interiori provenienti dal centro del cuore che accompagnano efficacemente la nostra guarigione interiore nell'inconscio. Queste meditazioni con immagini archetipiche e musiche speciali ci permettono di diventare presenti, consapevoli e di guarire nel nostro cuore. L'immersione nel silenzio accompagna la conoscenza di s\u00e9, \u00e8 pratica e pu\u00f2 essere facilmente integrata nella vita quotidiana.<\/p>\n<p>Con il supporto del CD di meditazione possiamo ritrovare le nostre fonti interiori di forza e di pace. L'ascoltatore \u00e8 accompagnato in un viaggio dell'anima, il cui scopo \u00e8 sia la guarigione emotiva del bambino interiore che la riconciliazione con esso.<\/p>\n<h2 style=\"padding-top:25px;\">Contenuti<\/strong><\/h2>\n<p align=\"left\">1. incontro con il bambino interiore (29 min.)<br \/>\n2. riconciliazione con i genitori (31 min.)<br \/>\n<strong>Totale: 60 minuti<\/strong><\/p>\n<p><strong>Libretto del CD:\u00a0<\/strong><a href=\"https:\/\/new.bios-shop.eu\/wp-content\/uploads\/CD-Booklet_Seelenreisen-CD-2.pdf\" target=\"_blank\" rel=\"noopener\">Guarire il bambino interiore in formato PDF<\/a><\/p>","protected":false},"excerpt":{"rendered":"<p>Con il supporto del CD di meditazione possiamo ritrovare le nostre fonti interiori di forza e di pace. L'ascoltatore \u00e8 accompagnato in un viaggio dell'anima, il cui scopo \u00e8 sia la guarigione emotiva del bambino interiore che la riconciliazione con esso.<\/p>\n<p><strong>2 meditazioni guidate, totale: 60 minuti<\/strong><\/p>\n<p>ISBN: 978-3-9503085-1-8<\/p>","protected":false},"featured_media":455,"comment_status":"open","ping_status":"closed","template":"","meta":{"_acf_changed":false,"bwfblock_default_font":""},"product_brand":[],"product_cat":[101],"product_tag":[85,247,337],"class_list":{"0":"post-354","1":"product","2":"type-product","3":"status-publish","4":"has-post-thumbnail","6":"product_cat-medien","7":"product_tag-mental-und-empathietraining","8":"product_tag-persoenlichkeitsentwicklung","9":"product_tag-meditation","10":"product_shipping_class-physical-products","12":"first","13":"instock","14":"taxable","15":"shipping-taxable","16":"purchasable","17":"product-type-simple"},"bundled_by":[],"bundle_stock_status":"instock","bundle_stock_quantity":null,"bundle_virtual":false,"bundle_layout":"","bundle_add_to_cart_form_location":"","bundle_editable_in_cart":false,"bundle_sold_individually_context":"","bundle_item_grouping":"","bundle_min_size":"","bundle_max_size":"","bundle_price":[],"bundled_items":[],"bundle_sell_ids":[],"acf":[],"_links":{"self":[{"href":"https:\/\/new.bios-shop.eu\/it\/wp-json\/wp\/v2\/product\/354","targetHints":{"allow":["GET"]}}],"collection":[{"href":"https:\/\/new.bios-shop.eu\/it\/wp-json\/wp\/v2\/product"}],"about":[{"href":"https:\/\/new.bios-shop.eu\/it\/wp-json\/wp\/v2\/types\/product"}],"replies":[{"embeddable":true,"href":"https:\/\/new.bios-shop.eu\/it\/wp-json\/wp\/v2\/comments?post=354"}],"wp:featuredmedia":[{"embeddable":true,"href":"https:\/\/new.bios-shop.eu\/it\/wp-json\/wp\/v2\/media\/455"}],"wp:attachment":[{"href":"https:\/\/new.bios-shop.eu\/it\/wp-json\/wp\/v2\/media?parent=354"}],"wp:term":[{"taxonomy":"product_brand","embeddable":true,"href":"https:\/\/new.bios-shop.eu\/it\/wp-json\/wp\/v2\/product_brand?post=354"},{"taxonomy":"product_cat","embeddable":true,"href":"https:\/\/new.bios-shop.eu\/it\/wp-json\/wp\/v2\/product_cat?post=354"},{"taxonomy":"product_tag","embeddable":true,"href":"https:\/\/new.bios-shop.eu\/it\/wp-json\/wp\/v2\/product_tag?post=354"}],"curies":[{"name":"wp","href":"https:\/\/api.w.org\/{rel}","templated":true}]}}