
{"id":14872,"date":"2024-11-07T20:17:22","date_gmt":"2024-11-07T19:17:22","guid":{"rendered":"https:\/\/www.bios-shop.eu\/?post_type=product&#038;p=14872"},"modified":"2025-12-22T15:36:05","modified_gmt":"2025-12-22T14:36:05","slug":"supporto-alla-gravidanza","status":"publish","type":"product","link":"https:\/\/new.bios-shop.eu\/it\/produkt\/schwangerschaftsbegleitung\/","title":{"rendered":"Supporto psicologico ed energetico durante la gravidanza e il travaglio"},"content":{"rendered":"<div><\/div>\n<div>I vari moduli forniscono conoscenze teoriche e pratiche sui temi fondamentali della gravidanza, della nascita e della maternit\u00e0. Queste conoscenze consentono ai partecipanti di assistere le loro clienti con sensibilit\u00e0 e successo durante questo periodo emozionante. Il programma di esercizi costituisce inoltre una base perfetta per il lavoro autonomo a casa: i diplomati hanno l'opportunit\u00e0 di assumersi la responsabilit\u00e0 della propria autocura e di rafforzare cos\u00ec il proprio stato energetico e mentale.<\/div>\n<div><\/div>\n<div>Ogni modulo del corso tratta un argomento centrale specifico, come l'importanza della gravidanza, il ruolo della madre e del bambino e il fenomeno della nascita. Ogni argomento centrale \u00e8 presentato da una prospettiva psicologica, sistemica ed energetica in combinazione con le conoscenze dello sciamanesimo, della medicina tradizionale cinese e della teoria dei chakra. I partecipanti ricevono cos\u00ec una visione ampia, fondata e approfondita di queste aree. Le conoscenze teoriche sono integrate dall'insegnamento di procedure di trattamento efficaci che coprono le pi\u00f9 diverse esigenze delle donne: ad esempio, vengono presentati rituali ed esercizi fisici della tradizione taoista e del Qigong che migliorano lo stato fisico, mentale ed energetico delle donne in modo duraturo e nel pi\u00f9 breve tempo possibile.<\/div>\n<div><\/div>\n<div>\n<h2>Contenuti<\/h2>\n<h3>Modulo 1: Comprendere e accompagnare con amore la gravidanza<\/h3>\n<ul type=\"disc\">\n<li>Introduzione alla visione energetica, sciamanica, psicologica e della MTC della nascita e del parto<\/li>\n<li>Discussione sulla gravidanza come forza di cambiamento<\/li>\n<li>La gravidanza come forza di trasformazione: la nascita e il parto da una prospettiva energetica, sciamanica, psicologica e di MTC<\/li>\n<li>Esercizi, trattamenti energetici, rituali, esercizi di rilassamento e meditazioni guidate per una consapevolezza del proprio corpo durante la gravidanza e il parto.<\/li>\n<\/ul>\n<h3>Modulo 2: Consapevolezza e percezione del corpo<\/h3>\n<ul type=\"disc\">\n<li>Esercizi di consapevolezza del proprio corpo durante la gravidanza.<\/li>\n<li>Esercizi di rilassamento e meditazioni guidate per donne in gravidanza.<\/li>\n<\/ul>\n<h3>Modulo 3: Rafforzare le risorse interiori<\/h3>\n<ul type=\"disc\">\n<li>Rituali e tecniche di guarigione sciamanica per prepararsi alla gravidanza.<\/li>\n<li>Metodi di autotrattamento per rafforzare le risorse interiori.<\/li>\n<\/ul>\n<h3>Modulo 4: Prima fase della gravidanza - arrivo e comprensione<\/h3>\n<ul type=\"disc\">\n<li>Introduzione alla gravidanza come forza trasformativa da diverse prospettive culturali e mediche.<\/li>\n<li>Esercizi e meditazioni guidate per la consapevolezza del corpo e l'accettazione dei primi cambiamenti.<\/li>\n<li>Rituali e trattamenti energetici per rafforzare le basi fisiche ed emotive dei prossimi mesi.<\/li>\n<li>Inizio del lavoro ancestrale per attivare connessioni di sostegno e forza per la gravidanza.<\/li>\n<\/ul>\n<h3>Modulo 5: Seconda fase della gravidanza - crescita e legame<\/h3>\n<ul type=\"disc\">\n<li>Approfondimento degli esercizi di consapevolezza corporea con particolare attenzione alla connessione con il bambino in crescita.<\/li>\n<li>Rituali e meditazioni specifici per il periodo centrale della gravidanza, per rafforzare il legame con il bambino e consolidare il proprio centro.<\/li>\n<li>Continuazione del lavoro ancestrale e integrazione delle tecniche di guarigione sciamanica in preparazione alla nascita.<\/li>\n<li>Esercizi di Yoga e Qigong per sostenere il crescente cambiamento fisico e mantenere una sensazione di forza \"fluida\".<\/li>\n<\/ul>\n<h3>Modulo 6: Terza fase della gravidanza - preparazione al parto<\/h3>\n<ul type=\"disc\">\n<li>Il processo di nascita come empowerment personale<\/li>\n<li>Maternit\u00e0: sostenere energeticamente il processo di legame con il neonato<\/li>\n<li>Concentrarsi sulla preparazione energetica al processo di nascita come atto di potenziamento personale.<\/li>\n<li>Meditazioni e visualizzazioni avanzate per le ultime settimane prima della nascita, per favorire la calma e la fiducia.<\/li>\n<li>Rituali finali e trattamenti energetici per prepararsi all'imminente nascita e maternit\u00e0.<\/li>\n<li>Il processo di nascita come empowerment personale.<\/li>\n<li>Sostegno energetico al processo di legame con il neonato.<\/li>\n<li>Esercizi specifici di yoga e Qigong per rafforzare il corpo e la mente in vista del travaglio.<\/li>\n<\/ul>\n<h3>Modulo 7: Lavoro con gli antenati durante la gravidanza<\/h3>\n<ul type=\"disc\">\n<li>Tecniche di lavoro con gli antenati come risorsa durante la gravidanza e la nascita.<\/li>\n<\/ul>\n<h3>Modulo 8: Yoga e Qigong per una gravidanza di successo<\/h3>\n<ul type=\"disc\">\n<li>Esercizi di Yoga e Qigong per rafforzare il corpo.<\/li>\n<li>Esercizi taoisti e mudra per creare una protezione stabile.<\/li>\n<\/ul>\n<h3>Modulo 9: Supporto energetico postnatale<\/h3>\n<ul type=\"disc\">\n<li>Trattamenti e rituali energetici per l'inizio della maternit\u00e0.<\/li>\n<li>Esercizi e meditazioni per accompagnare i processi di cambiamento del corpo dopo la nascita.<\/li>\n<li>Trattamenti energetici, esercizi e rituali per iniziare la maternit\u00e0 con equilibrio e forza interiore<\/li>\n<li>Trattamenti energetici, esercizi, rituali e meditazioni per accompagnare e sostenere i processi di cambiamento del corpo dopo la nascita nel loro corso naturale<\/li>\n<\/ul>\n<h3>Modulo 10: Rafforzare il legame tra madre e figlio<\/h3>\n<ul>\n<li>Esercizi, rituali, meditazioni, tecniche di training mentale per rafforzare il legame tra madre e figlio<\/li>\n<li>Esercizi di rilassamento, immagini interiori e viaggi di fantasia per rilassarsi, promuovere la serenit\u00e0 e rafforzare la forza fisica e mentale.<\/li>\n<li>Sostegno energetico in caso di parto traumatico, esercizi, trattamenti energetici e rituali per promuovere la rigenerazione e rafforzare la fiducia nel proprio corpo.<\/li>\n<\/ul>\n<h3>Modulo 11: Guarigione e rigenerazione dopo la nascita<\/h3>\n<ul type=\"disc\">\n<li>Sostegno alla guarigione dopo una nascita traumatica.<\/li>\n<li>Esercizi e rituali rigenerativi per rafforzare la fiducia nel proprio corpo<\/li>\n<li>Esercizi, rituali, meditazioni, viaggi di fantasia, training mentale ed esercizi di creativit\u00e0 per accompagnarvi nelle quattro fasi della gravidanza.<\/li>\n<\/ul>\n<p>&nbsp;<\/p>\n<p><a href=\"https:\/\/www.akademiebios.eu\/seminar-schwangerschaft-geburt-begleitung\/\" target=\"_blank\" rel=\"noopener\">Ulteriori informazioni e date sono disponibili qui.<\/a><\/p>\n<\/div>","protected":false},"excerpt":{"rendered":"<p>Seminario: Supporto psicologico ed energetico durante la gravidanza e il travaglio<\/p>","protected":false},"featured_media":14873,"comment_status":"open","ping_status":"closed","template":"","meta":{"_acf_changed":false,"bwfblock_default_font":""},"product_brand":[],"product_cat":[102],"product_tag":[247,348],"class_list":{"0":"post-14872","1":"product","2":"type-product","3":"status-publish","4":"has-post-thumbnail","6":"product_cat-kurse","7":"product_tag-persoenlichkeitsentwicklung","8":"product_tag-frauenarbeit","10":"first","11":"instock","12":"virtual","13":"taxable","14":"purchasable","15":"product-type-simple"},"bundled_by":[],"bundle_stock_status":"instock","bundle_stock_quantity":null,"bundle_virtual":false,"bundle_layout":"","bundle_add_to_cart_form_location":"","bundle_editable_in_cart":false,"bundle_sold_individually_context":"","bundle_item_grouping":"","bundle_min_size":"","bundle_max_size":"","bundle_price":[],"bundled_items":[],"bundle_sell_ids":[],"acf":[],"_links":{"self":[{"href":"https:\/\/new.bios-shop.eu\/it\/wp-json\/wp\/v2\/product\/14872","targetHints":{"allow":["GET"]}}],"collection":[{"href":"https:\/\/new.bios-shop.eu\/it\/wp-json\/wp\/v2\/product"}],"about":[{"href":"https:\/\/new.bios-shop.eu\/it\/wp-json\/wp\/v2\/types\/product"}],"replies":[{"embeddable":true,"href":"https:\/\/new.bios-shop.eu\/it\/wp-json\/wp\/v2\/comments?post=14872"}],"wp:featuredmedia":[{"embeddable":true,"href":"https:\/\/new.bios-shop.eu\/it\/wp-json\/wp\/v2\/media\/14873"}],"wp:attachment":[{"href":"https:\/\/new.bios-shop.eu\/it\/wp-json\/wp\/v2\/media?parent=14872"}],"wp:term":[{"taxonomy":"product_brand","embeddable":true,"href":"https:\/\/new.bios-shop.eu\/it\/wp-json\/wp\/v2\/product_brand?post=14872"},{"taxonomy":"product_cat","embeddable":true,"href":"https:\/\/new.bios-shop.eu\/it\/wp-json\/wp\/v2\/product_cat?post=14872"},{"taxonomy":"product_tag","embeddable":true,"href":"https:\/\/new.bios-shop.eu\/it\/wp-json\/wp\/v2\/product_tag?post=14872"}],"curies":[{"name":"wp","href":"https:\/\/api.w.org\/{rel}","templated":true}]}}