
{"id":316,"date":"2018-11-15T12:48:15","date_gmt":"2018-11-15T12:48:15","guid":{"rendered":"https:\/\/www.bios-shop.eu\/impressum\/"},"modified":"2025-10-02T09:45:00","modified_gmt":"2025-10-02T08:45:00","slug":"impronta","status":"publish","type":"page","link":"https:\/\/new.bios-shop.eu\/it\/impressum\/","title":{"rendered":"Avviso legale"},"content":{"rendered":"<div class=\"woocommerce woocommerce-gzd woocommerce-gzd-complaints-shortcode\">\n\t\t\t<h3>Informazioni ai sensi del \u00a7 19 (3) AStG<\/h3>\n\t\t<p>Legge sulla risoluzione alternativa delle controversie - Negozi online<\/p>\n\t\nNon siamo obbligati o disposti a partecipare a procedure di risoluzione delle controversie davanti a un collegio arbitrale dei consumatori.<\/div>\n\n\n\n<p>Obbligo di informazione ai sensi del \u00a75 della Legge sul commercio elettronico, del \u00a714 del Codice delle societ\u00e0, del \u00a763 della Legge sulla regolamentazione del commercio e obbligo di divulgazione ai sensi del \u00a725 della Legge sui media:<\/p>\n\n\n\n<p><strong>biografia dell'accademia - Dr. Ernestina Mazza OG<\/strong><br>conosciuto anche con il marchio&nbsp;<strong>bios dell'accademia<\/strong><br>Bergmanngasse 46\/1\/2<br>8010 Graz<br>Austria<br><br>Cellulare: +43 (0) 699 \/ 11 22 54 16<br>E-mail:&nbsp;<a href=\"mailto:info@akademiebios.eu\" target=\"_blank\" rel=\"noreferrer noopener\">info@akademiebios.eu<\/a><br>Web:<a href=\"https:\/\/www.akademiebios.eu\/\" target=\"_blank\" rel=\"noopener\">&nbsp;www.akademiebios.eu<\/a><\/p>\n\n\n\n<p><br><strong>UID:\u00a0<\/strong>\u00a0ATU 6849 4523\u00a0<br><strong>Giurisdizione:<\/strong>\u00a0Graz-Ovest<br><strong>Numero di registro della societ\u00e0:<\/strong>\u00a0\u00a0FN 409990 b\u00a0<br><strong>Autorit\u00e0 di vigilanza:<\/strong>\u00a0\u00a0LG per le questioni civili Graz<br><strong>Camera di Commercio:<\/strong>\u00a0 WKO Steiermark &gt; Humanenergetik, editore di libri e media<br><strong>Autorit\u00e0 secondo l'ECG:<\/strong> Comune della citt\u00e0 di Graz<br><strong>Oggetto della societ\u00e0:<\/strong>\u00a0 Formazione e perfezionamento \/ educazione degli adulti nella promozione della salute, nella MTC energetica, nel lavoro sul corpo, negli insegnamenti archetipici, nella psicologia, nel training mentale, nella numerologia, ecc.<\/p>\n\n\n\n<p><strong>Azionisti autorizzati a rappresentare la societ\u00e0:<\/strong>\u00a0Mag. (FH) Clemens Mazza, Dott.ssa. Mag. Dipl. P\u00e4d. Ernestina Mazza<br><strong>Gestione:<\/strong>\u00a0Mag. (FH) Clemens Mazza<br><strong>Direzione pedagogica dell'accademia:<\/strong>\u00a0Dott.ssa. Mag. Dipl. P\u00e4d. Ernestina <br><br><strong>Responsabile dei contenuti editoriali del blog:<\/strong><br>Dott.ssa. Mag. Dipl. P\u00e4d. Ernestina, Bergmanngasse 46\/1\/2, 8010 Graz, Austria<\/p>\n\n\n\n<p><br><strong>Coordinate bancarie Accademia:<\/strong><br>Cassa di risparmio della Germania orientale<br>IBAN: AT25 2081 5000 4001 9655<br>BIC: STSPAT2GXXX<\/p>\n\n\n\n<p><br><strong>bios<sup>\u00ae<\/sup>&nbsp;editore<\/strong><br>un marchio del&nbsp;<strong>&nbsp;biografia dell'accademia - Dr. Ernestina Mazza OG<\/strong><br>VKNR: 120313, GLN: 9007981203131<\/p>\n\n\n\n<p>Bergmanngasse 46\/1\/2<br>8010 Graz<br>Austria<br><br>Cellulare: +43 (0) 699 \/ 1 777 9 111<br>E-mail:&nbsp;<a rel=\"noreferrer noopener\" href=\"mailto:verlag@akademiebios.eu\" target=\"_blank\">info@bios-shop.eu<\/a><br>Web:&nbsp;<a rel=\"noreferrer noopener\" href=\"https:\/\/www.akademiebios.eu\/buchbestellung\/\" target=\"_blank\">www.bios-shop.eu<\/a><\/p>\n\n\n\n<p><\/p>\n\n\n\n<p><strong>Coordinate bancarie dell'editore per i clienti di Austria e Svizzera:<\/strong><br>Cassa di risparmio della Germania orientale<br>IBAN: AT90 2081 5000 0696 6220<br>BIC: STSPAT2GXXX<br><br><strong>Coordinate bancarie dell'editore per i clienti provenienti dalla Germania:<\/strong><br>Cassa di risparmio della Germania orientale<br>IBAN: AT76 2081 5000 4002 8243<br>BIC: STSPAT2GXXX<br><br><\/p>\n\n\n\n<figure class=\"wp-block-image\"><a href=\"https:\/\/www.fairness-im-handel.de\/\" target=\"_blank\" rel=\"noreferrer noopener\"><img decoding=\"async\" src=\"https:\/\/www.akademiebios.eu\/wp-content\/uploads\/2018\/04\/logo-fairness.png\" alt=\"Iniziativa: Equit\u00e0 nel commercio\" title=\"\"><\/a><\/figure>\n\n\n\n<p>Membro dell'iniziativa \"Fairness in Trade\".<br>Informazioni sull'iniziativa:&nbsp;<a rel=\"noreferrer noopener\" href=\"https:\/\/www.fairness-im-handel.de\/\" target=\"_blank\">https:\/\/www.fairness-im-handel.de<\/a><\/p>\n\n\n\n<p><\/p>\n\n\n\n<h2 class=\"wp-block-heading\"><strong>Concetto e design del sito web<\/strong><\/h2>\n\n\n\n<p>Mag. (FH) Clemens Mazza, Media Designer<br><br><\/p>\n\n\n\n<h2 class=\"wp-block-heading\"><strong>Fonti dell'immagine<\/strong><\/h2>\n\n\n\n<p>Tutte le foto - tranne quella della dott.ssa Ernestina Mazza - provengono dal database di immagini www.fotolia.com e la loro fonte \u00e8 indicata nella rispettiva pagina sotto l'immagine. Se non \u00e8 indicata alcuna fonte, l'immagine in questione \u00e8 di pubblico dominio.<\/p>\n\n\n\n<h4 class=\"wp-block-heading\">Fonti di immagine delle immagini di copertina nel cursore:<\/h4>\n\n\n\n<p>1 - Donna all'alba: \u00a9 Maridav - stock.adobe.com<br>2 - Coppia su un prato: \u00a9 vectorfusionart - stock.adobe.com<br>3 - Due donne che fanno coaching su un divano\/sedia: \u00a9 Katarzyna Bialasiewicz Photographee.eu - stock.adobe.com<br>4 - Donna seduta sulla ringhiera del molo in riva al mare: \u00a9 XtravaganT - Fotolia<br>5 - Motivo natalizio con candela: \u00a9 drubig-photo - stock.adobe.com<\/p>\n\n\n\n<p><\/p>\n\n\n\n<h2 class=\"wp-block-heading\"><strong>Avviso di copyright<\/strong><\/h2>\n\n\n\n<p><strong>\u200b<\/strong>Tutti i diritti sono riservati, in particolare il diritto di riproduzione e distribuzione, nonch\u00e9 di traduzione. Nessuna parte di quest'opera pu\u00f2 essere riprodotta in qualsiasi forma, sia con mezzi fotomeccanici, compresa la fotocopiatura, sia con microfilm o qualsiasi altro procedimento, n\u00e9 memorizzata, elaborata, duplicata, distribuita o altrimenti utilizzata mediante sistemi elettronici, in particolare in banche dati, senza l'autorizzazione scritta dell'editore.<\/p>\n\n\n\n<p>Una copia privata dei contenuti \u00e8 consentita solo per scopi privati e non \u00e8 aperta al pubblico (ai sensi dell'articolo 42 (1) e (4) della legge austriaca sul copyright).<\/p>\n\n\n\n<p><strong>I testi di questo sito web sono stati creati con il&nbsp;<\/strong><a href=\"https:\/\/www.copyscape.com\/\" rel=\"noreferrer noopener\" target=\"_blank\"><strong>software di controllo dei plagi online Copyscape<\/strong><\/a><strong>&nbsp;verifica automatica e costante della presenza di copie di questo contenuto su altri siti web.<\/strong>&nbsp;e quindi il plagio - anche in estratti o in forma leggermente modificata - pu\u00f2 essere rilevato. Ci riserviamo tutti i diritti in merito, in particolare per il risarcimento dei danni, la rimozione, l'ingiunzione e la pubblicazione della sentenza.<br><\/p>","protected":false},"excerpt":{"rendered":"<p>Informationspflicht laut \u00a75 E-Commerce Gesetz, \u00a714 Unternehmensgesetzbuch, \u00a763 Gewerbeordnung und Offenlegungspflicht laut \u00a725 Mediengesetz: akademie bios&nbsp;&#8211; Dr. Ernestina Mazza OGauch bekannt unter der Marke&nbsp;akademie bios\u00aeBergmanngasse 46\/1\/28010 Graz\u00d6sterreich Mobil: +43 (0) 699 \/ 11 22 54 16Email:&nbsp;info@akademiebios.euWeb:&nbsp;www.akademiebios.eu UID:\u00a0\u00a0ATU\u00a06849 4523\u00a0Gerichtsstand:\u00a0Graz-WestFirmenbuchnummer:\u00a0\u00a0FN 409990 b\u00a0Aufsichtsbeh\u00f6rde:\u00a0\u00a0LG f\u00fcr Zivilrechtssachen GrazGewerbl. Kammer:\u00a0 WKO Steiermark > Humanenergetik, Buch- und MedienverlagBeh\u00f6rde gem\u00e4\u00df ECG: Magistrat der [&#8230;]\n","protected":false},"author":1,"featured_media":0,"parent":0,"menu_order":0,"comment_status":"closed","ping_status":"closed","template":"","meta":{"_acf_changed":false,"bwfblock_default_font":"","footnotes":""},"class_list":["post-316","page","type-page","status-publish","hentry"],"acf":[],"_links":{"self":[{"href":"https:\/\/new.bios-shop.eu\/it\/wp-json\/wp\/v2\/pages\/316","targetHints":{"allow":["GET"]}}],"collection":[{"href":"https:\/\/new.bios-shop.eu\/it\/wp-json\/wp\/v2\/pages"}],"about":[{"href":"https:\/\/new.bios-shop.eu\/it\/wp-json\/wp\/v2\/types\/page"}],"author":[{"embeddable":true,"href":"https:\/\/new.bios-shop.eu\/it\/wp-json\/wp\/v2\/users\/1"}],"replies":[{"embeddable":true,"href":"https:\/\/new.bios-shop.eu\/it\/wp-json\/wp\/v2\/comments?post=316"}],"version-history":[{"count":0,"href":"https:\/\/new.bios-shop.eu\/it\/wp-json\/wp\/v2\/pages\/316\/revisions"}],"wp:attachment":[{"href":"https:\/\/new.bios-shop.eu\/it\/wp-json\/wp\/v2\/media?parent=316"}],"curies":[{"name":"wp","href":"https:\/\/api.w.org\/{rel}","templated":true}]}}