
{"id":13413,"date":"2023-11-23T20:26:21","date_gmt":"2023-11-23T19:26:21","guid":{"rendered":"https:\/\/www.bios-shop.eu\/?post_type=product&#038;p=13413"},"modified":"2025-12-22T14:15:27","modified_gmt":"2025-12-22T13:15:27","slug":"atelier-guerison-du-jumeau-perdu-un-chemin-vers-lintegrite","status":"publish","type":"product","link":"https:\/\/new.bios-shop.eu\/fr\/produkt\/seminar-heilung-des-verlorenen-zwillings-ein-weg-zur-ganzheit\/","title":{"rendered":"Gu\u00e9rison du jumeau perdu - Un chemin vers la globalit\u00e9"},"content":{"rendered":"<p>Vous sentez-vous souvent incomplet ou comme si vous cherchiez quelque chose dans votre vie qui semble introuvable ?<\/p>\n<p>Avez-vous d\u00e9j\u00e0 eu l'impression qu'il vous manquait un lien profond ou une partie de vous-m\u00eame ?<\/p>\n<p>Vous cherchez des r\u00e9ponses \u00e0 des questions profond\u00e9ment enfouies dans votre pass\u00e9 ?<\/p>\n<p>&nbsp;<\/p>\n<p>Ce s\u00e9minaire unique vous ouvre les portes d'une dimension peu connue mais fondamentale de votre \u00eatre : le monde des jumeaux perdus.<\/p>\n<p>Il s'adresse \u00e0 tous ceux qui sont \u00e0 la recherche de la globalit\u00e9 et qui souhaitent explorer les effets profonds des exp\u00e9riences pr\u00e9natales sur leur vie.<\/p>\n<p>&nbsp;<\/p>\n<p>En quatre modules, nous nous plongerons profond\u00e9ment dans l'exploration du jumeau perdu, apprendrons \u00e0 reconna\u00eetre les signes et les sympt\u00f4mes et utiliserons les constellations syst\u00e9miques pour d\u00e9clencher des processus de gu\u00e9rison. \u00c0 chaque \u00e9tape du s\u00e9minaire, vous d\u00e9velopperez une compr\u00e9hension plus profonde des aspects cach\u00e9s de votre personnalit\u00e9 et acquerrez des comp\u00e9tences pratiques pour gu\u00e9rir les blessures \u00e9motionnelles.<\/p>\n<p>Aucune connaissance pr\u00e9alable n'est requise, seulement une ouverture d'esprit et la volont\u00e9 de s'engager dans un voyage transformateur. \u00c0 la fin du s\u00e9minaire, vous recevrez un certificat qui reconna\u00eetra vos nouvelles connaissances et comp\u00e9tences.<\/p>\n<p><strong>Vous voulez commencer le voyage vers un soi plus complet ? <\/strong><\/p>\n<p>Alors ce s\u00e9minaire est fait pour vous.<\/p>\n<p><strong>Inscrivez-vous d\u00e8s maintenant et d\u00e9couvrez le pouvoir de gu\u00e9rison de la globalit\u00e9.<\/strong><\/p>\n<h2 style=\"padding-top: 25px;\">Contenu du s\u00e9minaire<\/h2>\n<p>Module 1 : D\u00e9couverte et compr\u00e9hension<\/p>\n<p>Module 2 : M\u00e9moire corporelle et traces \u00e9motionnelles<\/p>\n<p>Module 3 : Approches syst\u00e9miques et travail de constellation<\/p>\n<p>Module 4 : Int\u00e9gration et transformation<\/p>\n<p>&nbsp;<\/p>\n<h2>Connaissances pr\u00e9alables<\/h2>\n<p>Aucune connaissance sp\u00e9cifique pr\u00e9alable n'est requise ; le s\u00e9minaire est ouvert aux th\u00e9rapeutes, naturopathes, psychologues et \u00e0 toute personne int\u00e9ress\u00e9e par le sujet.<\/p>\n<p>&nbsp;<\/p>\n<h2>Confirmation de participation<\/h2>\n<p>A l'issue du s\u00e9minaire, les participants re\u00e7oivent une attestation de participation qui certifie les connaissances et les comp\u00e9tences acquises dans le domaine de la gu\u00e9rison du jumeau perdu.<\/p>\n<p>Vous trouverez ici tous les d\u00e9tails sur l'atelier ainsi que les dates actuelles.<\/p>\n<p>Les participants au s\u00e9minaire apprendront \u00e0 reconna\u00eetre et \u00e0 dissoudre les traumatismes pr\u00e9nataux profond\u00e9ment enracin\u00e9s, ce qui conduira \u00e0 une plus grande paix int\u00e9rieure, \u00e0 une confiance primaire renforc\u00e9e et \u00e0 des relations am\u00e9lior\u00e9es.<\/p>\n<h2 style=\"padding-top: 25px;\">Ce que vous apprenez dans cette formation<\/h2>\n<ul>\n<li>Une compr\u00e9hension profonde de la dynamique du jumeau perdu<\/li>\n<li>Capacit\u00e9s d'identification et de traitement th\u00e9rapeutique des traumatismes pr\u00e9nataux<\/li>\n<li>M\u00e9thodes du travail de constellation pour r\u00e9soudre les traumatismes de perte<\/li>\n<li>Techniques d'auto-assistance pour l'int\u00e9gration \u00e9motionnelle et physique.<\/li>\n<\/ul>\n<p>&nbsp;<\/p>\n<h2>Entra\u00eeneur<\/h2>\n<p>Dott.ssa. Ernestina Mazza, auteur, animatrice de s\u00e9minaires, coach et conseill\u00e8re sociale et de vie.<\/p>\n<p>Depuis 20 ans, j'accompagne des personnes sur leur chemin dans le cadre de formations, de s\u00e9minaires et de s\u00e9ances individuelles. Dans mes livres et mes blogs, je partage avec toi mes connaissances et mes exp\u00e9riences.<\/p>\n<p>Je veux ainsi t'aider \u00e0 reconna\u00eetre ton unicit\u00e9 et \u00e0 vivre ton potentiel.<\/p>\n<p style=\"padding-top: 25px;\"><strong>Pour en savoir plus sur moi, consulte<\/strong><\/p>\n<p><a href=\"https:\/\/www.akademiebios.eu\/ernestina-mazza\/\" target=\"_blank\" rel=\"noopener\">https:\/\/www.akademiebios.eu\/ernestina-mazza\/<\/a><\/p>\n<p>&nbsp;<\/p>\n<p>&nbsp;<\/p>\n<p>&nbsp;<\/p>\n<p>&nbsp;<\/p>","protected":false},"excerpt":{"rendered":"<p>Ce s\u00e9minaire s'adresse \u00e0 tous ceux qui sont \u00e0 la recherche de la globalit\u00e9 et qui souhaitent explorer les effets profonds des exp\u00e9riences pr\u00e9natales sur leur vie.<\/p>","protected":false},"featured_media":13422,"comment_status":"open","ping_status":"closed","template":"","meta":{"_acf_changed":false,"bwfblock_default_font":""},"product_brand":[],"product_cat":[102],"product_tag":[247],"class_list":{"0":"post-13413","1":"product","2":"type-product","3":"status-publish","4":"has-post-thumbnail","6":"product_cat-kurse","7":"product_tag-persoenlichkeitsentwicklung","9":"first","10":"instock","11":"virtual","12":"taxable","13":"purchasable","14":"product-type-simple"},"bundled_by":[],"bundle_stock_status":"instock","bundle_stock_quantity":null,"bundle_virtual":false,"bundle_layout":"","bundle_add_to_cart_form_location":"","bundle_editable_in_cart":false,"bundle_sold_individually_context":"","bundle_item_grouping":"","bundle_min_size":"","bundle_max_size":"","bundle_price":[],"bundled_items":[],"bundle_sell_ids":[],"acf":[],"_links":{"self":[{"href":"https:\/\/new.bios-shop.eu\/fr\/wp-json\/wp\/v2\/product\/13413","targetHints":{"allow":["GET"]}}],"collection":[{"href":"https:\/\/new.bios-shop.eu\/fr\/wp-json\/wp\/v2\/product"}],"about":[{"href":"https:\/\/new.bios-shop.eu\/fr\/wp-json\/wp\/v2\/types\/product"}],"replies":[{"embeddable":true,"href":"https:\/\/new.bios-shop.eu\/fr\/wp-json\/wp\/v2\/comments?post=13413"}],"wp:featuredmedia":[{"embeddable":true,"href":"https:\/\/new.bios-shop.eu\/fr\/wp-json\/wp\/v2\/media\/13422"}],"wp:attachment":[{"href":"https:\/\/new.bios-shop.eu\/fr\/wp-json\/wp\/v2\/media?parent=13413"}],"wp:term":[{"taxonomy":"product_brand","embeddable":true,"href":"https:\/\/new.bios-shop.eu\/fr\/wp-json\/wp\/v2\/product_brand?post=13413"},{"taxonomy":"product_cat","embeddable":true,"href":"https:\/\/new.bios-shop.eu\/fr\/wp-json\/wp\/v2\/product_cat?post=13413"},{"taxonomy":"product_tag","embeddable":true,"href":"https:\/\/new.bios-shop.eu\/fr\/wp-json\/wp\/v2\/product_tag?post=13413"}],"curies":[{"name":"wp","href":"https:\/\/api.w.org\/{rel}","templated":true}]}}