
{"id":11850,"date":"2022-12-18T17:34:14","date_gmt":"2022-12-18T16:34:14","guid":{"rendered":"https:\/\/www.bios-shop.eu\/?post_type=product&#038;p=11850"},"modified":"2025-12-22T15:28:01","modified_gmt":"2025-12-22T14:28:01","slug":"energie-et-nutrition","status":"publish","type":"product","link":"https:\/\/new.bios-shop.eu\/fr\/produkt\/energetik-und-ernaehrung\/","title":{"rendered":"\u00c9nerg\u00e9tique et nutrition"},"content":{"rendered":"<p>Dans ce s\u00e9minaire, nous nous pencherons sur la signification psychologique et symbolique des principaux aliments et sur la conception d'un r\u00e9gime alimentaire conscient au moyen de m\u00e9ditations et d'exercices de pleine conscience. Au cours de ce s\u00e9minaire, vous apprendrez \u00e9galement des techniques \u00e9nerg\u00e9tiques qui vous aideront \u00e0 \u00e9nergiser les aliments que vous consommez.<\/p>\n<p>Votre pr\u00e9f\u00e9rence pour certains aliments en dit long sur votre caract\u00e8re, vos aspirations, vos sch\u00e9mas de pens\u00e9e, vos lacunes et m\u00eame vos talents. L'\u00e9tude consciente et approfondie de votre relation avec les aliments d'un point de vue symbolique et \u00e9nerg\u00e9tique vous offre donc la possibilit\u00e9 de d\u00e9velopper votre intuition pour votre mode d'alimentation personnel et intuitif.<\/p>\n<h2 style=\"padding-top: 25px;\">Contenu du s\u00e9minaire<\/h2>\n<ul>\n<li>Signification symbolique, m\u00e9taphorique et psychique des principaux aliments<\/li>\n<li>des exercices de pleine conscience et de m\u00e9ditation ainsi que des rituels pour accompagner les diff\u00e9rents repas<\/li>\n<li>M\u00e9ditations guid\u00e9es et auto-traitements pour stimuler le m\u00e9tabolisme et renforcer la digestion<\/li>\n<li>Techniques \u00e9nerg\u00e9tiques pour l'\u00e9nerg\u00e9tisation des aliments<\/li>\n<li>Travail \u00e9nerg\u00e9tique, chamanique et rituel d'\u00e9nerg\u00e9tisation des aliments<\/li>\n<li>Liens entre le cerveau, le m\u00e9tabolisme et l'alimentation<\/li>\n<li>Images int\u00e9rieures, auto-traitement et exercices de pleine conscience pour acc\u00e9der \u00e0 son propre mode d'alimentation intuitif et individuel<\/li>\n<\/ul>\n<p>Vous pouvez suivre ce s\u00e9minaire en tant que <strong>Formation \u00e0 distance<\/strong>\u00a0et d'assimiler les contenus pratiques et th\u00e9oriques de mani\u00e8re autonome, en fonction de leur rythme d'apprentissage et de leurs ressources en temps.<\/p>\n<p>Vous trouverez toutes les informations sur cette formation \u00e0 distance sur : <a href=\"https:\/\/www.akademiebios.eu\/kurse\/fernstudium-energetik-ernaehrung\/\" target=\"_blank\" rel=\"noopener\">www.akademiebios.eu\/kurse\/fernstudium-energetik-ernaehrung\/<\/a><\/p>\n<p><strong>Conf\u00e9renci\u00e8re :<\/strong> Dott.ssa. Ernestina Mazza<\/p>","protected":false},"excerpt":{"rendered":"<p>Apprenez des techniques \u00e9nerg\u00e9tiques pour \u00e9nerg\u00e9tiser vos aliments. De plus, vous d\u00e9couvrirez comment cr\u00e9er votre alimentation consciente au moyen de m\u00e9ditations et d'exercices de pleine conscience.<\/p>","protected":false},"featured_media":14408,"comment_status":"open","ping_status":"closed","template":"","meta":{"_acf_changed":false,"bwfblock_default_font":""},"product_brand":[],"product_cat":[102],"product_tag":[247],"class_list":{"0":"post-11850","1":"product","2":"type-product","3":"status-publish","4":"has-post-thumbnail","6":"product_cat-kurse","7":"product_tag-persoenlichkeitsentwicklung","9":"first","10":"instock","11":"virtual","12":"taxable","13":"purchasable","14":"product-type-simple"},"bundled_by":[],"bundle_stock_status":"instock","bundle_stock_quantity":null,"bundle_virtual":false,"bundle_layout":"","bundle_add_to_cart_form_location":"","bundle_editable_in_cart":false,"bundle_sold_individually_context":"","bundle_item_grouping":"","bundle_min_size":"","bundle_max_size":"","bundle_price":[],"bundled_items":[],"bundle_sell_ids":[],"acf":[],"_links":{"self":[{"href":"https:\/\/new.bios-shop.eu\/fr\/wp-json\/wp\/v2\/product\/11850","targetHints":{"allow":["GET"]}}],"collection":[{"href":"https:\/\/new.bios-shop.eu\/fr\/wp-json\/wp\/v2\/product"}],"about":[{"href":"https:\/\/new.bios-shop.eu\/fr\/wp-json\/wp\/v2\/types\/product"}],"replies":[{"embeddable":true,"href":"https:\/\/new.bios-shop.eu\/fr\/wp-json\/wp\/v2\/comments?post=11850"}],"wp:featuredmedia":[{"embeddable":true,"href":"https:\/\/new.bios-shop.eu\/fr\/wp-json\/wp\/v2\/media\/14408"}],"wp:attachment":[{"href":"https:\/\/new.bios-shop.eu\/fr\/wp-json\/wp\/v2\/media?parent=11850"}],"wp:term":[{"taxonomy":"product_brand","embeddable":true,"href":"https:\/\/new.bios-shop.eu\/fr\/wp-json\/wp\/v2\/product_brand?post=11850"},{"taxonomy":"product_cat","embeddable":true,"href":"https:\/\/new.bios-shop.eu\/fr\/wp-json\/wp\/v2\/product_cat?post=11850"},{"taxonomy":"product_tag","embeddable":true,"href":"https:\/\/new.bios-shop.eu\/fr\/wp-json\/wp\/v2\/product_tag?post=11850"}],"curies":[{"name":"wp","href":"https:\/\/api.w.org\/{rel}","templated":true}]}}