
{"id":11563,"date":"2022-10-09T23:19:02","date_gmt":"2022-10-09T22:19:02","guid":{"rendered":"https:\/\/www.bios-shop.eu\/?post_type=product&#038;p=11563"},"modified":"2025-12-22T15:24:34","modified_gmt":"2025-12-22T14:24:34","slug":"vision-vers-le-succes","status":"publish","type":"product","link":"https:\/\/new.bios-shop.eu\/fr\/produkt\/vision-zum-erfolg\/","title":{"rendered":"De la vision au succ\u00e8s : le chemin d'une r\u00e9alisation pleine de sens de ta vision de la vie et de la profession !"},"content":{"rendered":"<h2><strong>Le chemin vers la clart\u00e9 et la r\u00e9alisation r\u00e9ussie de ta vision<\/strong><\/h2>\n<p>Les 8 \u00e9tapes suivantes forment le chemin de la clart\u00e9 et de la cr\u00e9ation et r\u00e9alisation pleine de sens de ta vision.<\/p>\n<h3><strong>\u00c9tape 1 : D\u00e9termination de la vision<\/strong><\/h3>\n<ul>\n<li>clarifier ta vision personnelle et professionnelle de la vie<\/li>\n<li>donner forme, images et mots \u00e0 tes id\u00e9es, tes intentions et tes projets de vie<\/li>\n<li>R\u00e9ponds \u00e0 la question : pourquoi est-ce que je veux cela, qu'est-ce que je veux ?<\/li>\n<\/ul>\n<h3><strong>\u00c9tape 2 : Conception du visionnaire<\/strong><\/h3>\n<ul>\n<li>Brainstorming sur le Visionsboard<\/li>\n<li>Voyage int\u00e9rieur m\u00e9diatif vers sa propre vision de la vie<\/li>\n<li>Diversit\u00e9 de la m\u00e9thode (tableau de vision pour la clarification des objectifs, tableau de vision pour la visualisation des objectifs)<\/li>\n<li>S\u00e9lection de mat\u00e9riaux<\/li>\n<li>Conception intuitive du visionboard<\/li>\n<li>Interpr\u00e9tation de l'image et du texte pour clarifier les visions et les objectifs<\/li>\n<li>Conception consciente et cibl\u00e9e du tableau de vision<\/li>\n<\/ul>\n<h3><strong>\u00c9tape 3 : \u00c9liminer les pierres d'achoppement sur le chemin de la vision<\/strong><\/h3>\n<ul>\n<li><span lang=\"DE\">S<\/span><span lang=\"DE\">elbstwerttraining<\/span><\/li>\n<li><span lang=\"DE\">Dissolution des blocages qui freinent la r\u00e9ussite professionnelle<\/span><\/li>\n<li><span lang=\"DE\">Clarification et mise en \u0153uvre progressive de la vision personnelle et professionnelle<\/span><\/li>\n<li><span lang=\"DE\">Entra\u00eenement mental : la bonne r\u00e9sonance pour la prosp\u00e9rit\u00e9 et le succ\u00e8s<\/span><\/li>\n<\/ul>\n<h3><strong>\u00c9tape 4 : Saisir les clients* et percevoir leurs besoins<\/strong><\/h3>\n<ul>\n<li><span lang=\"DE\">Entra\u00eenement \u00e0 l'empathie : apprendre \u00e0 saisir les clients avec empathie<\/span><\/li>\n<li>Identifier sa propre vocation et se concentrer sur le groupe cible appropri\u00e9<\/li>\n<li>Focaliser et raconter sa propre offre<\/li>\n<\/ul>\n<h3><strong>\u00c9tape 5 : D\u00e9velopper l'\u00e9nergie et la pers\u00e9v\u00e9rance<\/strong><\/h3>\n<ul>\n<li><span lang=\"DE\">D\u00e9finition et r\u00e9alisation des objectifs<\/span><\/li>\n<li><span lang=\"DE\">(Trouver) des solutions \u00a0<\/span><\/li>\n<li><span lang=\"DE\">Prendre des d\u00e9cisions de mani\u00e8re s\u00fbre et pr\u00e9voyante\u00a0<\/span><\/li>\n<li><span lang=\"DE\">Tenir la vision et trouver la motivation<\/span><\/li>\n<\/ul>\n<h3><strong>\u00c9tape 6 : Communication et cr\u00e9ation d'un r\u00e9seau<\/strong><\/h3>\n<ul>\n<li><span lang=\"DE\">\u00c9laboration d'une charte, d'une \"corporate identity<\/span><\/li>\n<li><span lang=\"DE\">Corporate Design (design d'entreprise)<\/span><\/li>\n<li><span lang=\"DE\">Elaboration des groupes cibles<\/span><\/li>\n<li><span lang=\"DE\">Communication centr\u00e9e sur le client<\/span><\/li>\n<li><span lang=\"DE\">R\u00e9daction de textes, relations publiques et publicit\u00e9 sur les r\u00e9seaux sociaux<\/span><\/li>\n<\/ul>\n<h3><strong>\u00c9tape 7 : Ton image en tant qu'entrepreneur ind\u00e9pendant<\/strong><\/h3>\n<ul>\n<li><span lang=\"DE\">Strat\u00e9gies de marketing<\/span><\/li>\n<li><span lang=\"DE\">Augmentation de la notori\u00e9t\u00e9<\/span><\/li>\n<li>Identifier les valeurs porteuses pour ton travail<\/li>\n<li>Demander le \"juste\" prix<\/li>\n<li>Se positionner de mani\u00e8re visible sur le march\u00e9<\/li>\n<\/ul>\n<h3><strong>\u00c9tape 8 : Planifier la mise en \u0153uvre avec s\u00e9r\u00e9nit\u00e9<\/strong><\/h3>\n<ul>\n<li class=\"\">Aides pour la mise en \u0153uvre Planification r\u00e9ussie \u00e9tape par \u00e9tape<\/li>\n<li class=\"\">Faire preuve de souplesse et d'ouverture au changement pour r\u00e9aliser sa propre vision<\/li>\n<li class=\"\">Renforcer la capacit\u00e9 \u00e0 se d\u00e9marquer<\/li>\n<li class=\"\">Rester dans la confiance<\/li>\n<li class=\"\">Faire confiance \u00e0 sa propre intuition<\/li>\n<\/ul>\n<h2 style=\"padding-top: 25px;\">Dates<\/h2>\n<p>Vous trouverez toutes les informations sur cette formation \u00e0 distance sur :<\/p>\n<p><a href=\"https:\/\/www.akademiebios.eu\/kurse\/workshop-von-der-vision-zum-erfolg-lebensvision-berufsvision\/\" target=\"_blank\" rel=\"noopener\">www.akademiebios.eu\/kurse\/workshop-von-der-vision-zum-erfolg-lebensvision-berufsvision\/<\/a><\/p>\n<h2 style=\"padding-top: 25px;\">Lieu<\/h2>\n<p>en ligne via live Zoom Meeting<\/p>\n<h2 style=\"padding-top: 25px;\">Prix<\/h2>\n<p><strong>pour les 2 dates :<\/strong> EUR 270,- (\u00e9galement payable en 3 versements de 90 \u20ac par mois)<\/p>\n<h2 style=\"padding-top: 25px;\">Documents<\/h2>\n<ul dir=\"ltr\">\n<li>Les pr\u00e9sentations et les exercices seront enregistr\u00e9s et pourront \u00eatre visionn\u00e9s ult\u00e9rieurement.<\/li>\n<li>Scripts d\u00e9taill\u00e9s avec listes de contr\u00f4le, questionnaires et fiches d'exercices<\/li>\n<li>Voyages m\u00e9ditatifs int\u00e9rieurs pour renforcer la clart\u00e9, la motivation et le pouvoir de r\u00e9alisation<\/li>\n<\/ul>\n<h2 style=\"padding-top: 25px;\">Intervenante<\/h2>\n<p>Dott.ssa. Ernestina Mazza<\/p>","protected":false},"excerpt":{"rendered":"<p>En 8 \u00e9tapes sur le chemin de la clart\u00e9, vers une cr\u00e9ation pleine de sens et la r\u00e9alisation de ta vision.<\/p>","protected":false},"featured_media":11568,"comment_status":"open","ping_status":"closed","template":"","meta":{"_acf_changed":false,"bwfblock_default_font":""},"product_brand":[],"product_cat":[102],"product_tag":[247,333],"class_list":{"0":"post-11563","1":"product","2":"type-product","3":"status-publish","4":"has-post-thumbnail","6":"product_cat-kurse","7":"product_tag-persoenlichkeitsentwicklung","8":"product_tag-hochsensibilitaet","10":"first","11":"instock","12":"virtual","13":"taxable","14":"purchasable","15":"product-type-simple"},"bundled_by":[],"bundle_stock_status":"instock","bundle_stock_quantity":null,"bundle_virtual":false,"bundle_layout":"","bundle_add_to_cart_form_location":"","bundle_editable_in_cart":false,"bundle_sold_individually_context":"","bundle_item_grouping":"","bundle_min_size":"","bundle_max_size":"","bundle_price":[],"bundled_items":[],"bundle_sell_ids":[],"acf":[],"_links":{"self":[{"href":"https:\/\/new.bios-shop.eu\/fr\/wp-json\/wp\/v2\/product\/11563","targetHints":{"allow":["GET"]}}],"collection":[{"href":"https:\/\/new.bios-shop.eu\/fr\/wp-json\/wp\/v2\/product"}],"about":[{"href":"https:\/\/new.bios-shop.eu\/fr\/wp-json\/wp\/v2\/types\/product"}],"replies":[{"embeddable":true,"href":"https:\/\/new.bios-shop.eu\/fr\/wp-json\/wp\/v2\/comments?post=11563"}],"wp:featuredmedia":[{"embeddable":true,"href":"https:\/\/new.bios-shop.eu\/fr\/wp-json\/wp\/v2\/media\/11568"}],"wp:attachment":[{"href":"https:\/\/new.bios-shop.eu\/fr\/wp-json\/wp\/v2\/media?parent=11563"}],"wp:term":[{"taxonomy":"product_brand","embeddable":true,"href":"https:\/\/new.bios-shop.eu\/fr\/wp-json\/wp\/v2\/product_brand?post=11563"},{"taxonomy":"product_cat","embeddable":true,"href":"https:\/\/new.bios-shop.eu\/fr\/wp-json\/wp\/v2\/product_cat?post=11563"},{"taxonomy":"product_tag","embeddable":true,"href":"https:\/\/new.bios-shop.eu\/fr\/wp-json\/wp\/v2\/product_tag?post=11563"}],"curies":[{"name":"wp","href":"https:\/\/api.w.org\/{rel}","templated":true}]}}