
{"id":7595,"date":"2019-12-27T01:54:00","date_gmt":"2019-12-27T00:54:00","guid":{"rendered":"https:\/\/www.bios-shop.eu\/?page_id=7595"},"modified":"2019-12-27T03:20:20","modified_gmt":"2019-12-27T02:20:20","slug":"livraison-en-librairie","status":"publish","type":"page","link":"https:\/\/new.bios-shop.eu\/fr\/buchhandel-auslieferung\/","title":{"rendered":"Librairie et livraison"},"content":{"rendered":"<h2 class=\"wp-block-heading\">Conditions pour les libraires<\/h2>\n\n\n\n<p>Nous accordons aux libraires les conditions habituelles des librairies de <strong>30% R\u00e9duction sur les commandes individuelles<\/strong> (frais de port en sus). Si au moins quatre de nos livres (avec au moins 2 pi\u00e8ces chacun) sont pris en commission et que <strong>\u00eatre disponibles sur le pr\u00e9sentoir de la librairie<\/strong>nous sommes heureux de <strong>40% Remise librairie<\/strong> un. <\/p>\n\n\n\n<p>Les retours sont toujours possibles chez nous, tant que les livres sont \u00e0 l'\u00e9tat neuf.<br><\/p>\n\n\n\n<h2 class=\"wp-block-heading\">Livraison DACH<\/h2>\n\n\n\n<p><strong>Livraison pour l'Allemagne, l'Autriche et la Suisse : <\/strong><br>Artha Buchdienst \/ Livraison des \u00e9diteurs<br>Contact : Rolf Mihm<br>42, rue Gr\u00fcntenseestr.<br>87466 Oy-Mittelberg<br>Allemagne<br>T\u00e9l\u00e9phone : +49 8361 8031<br>E-mail de commande : <a href=\"mailto:va@artha.de\">va@artha.de<\/a><br><\/p>\n\n\n\n<h2 class=\"wp-block-heading\">Modes de livraison et frais d'envoi<\/h2>\n\n\n\n<p><strong>Pour l'Allemagne et l'Autriche :<\/strong><br>Notre service de livraison Artha Buchdienst livre nos livres via les chariots de livres de KNV, Libri, Umbreit et Morawa aux prix habituels au kilo. <\/p>\n\n\n\n<p>Nous proposons \u00e9galement la livraison par la poste (DE\/AT), DHL et DPD, les frais d'envoi \u00e9tant \u00e0 la charge de la librairie. Ceux-ci s'\u00e9l\u00e8vent \u00e0 environ 4,30 \u20ac en fonction du volume de la commande.<\/p>\n\n\n\n<p><strong>Pour la Suisse :<\/strong><br>Les librairies de Suisse peuvent commander nos livres directement aupr\u00e8s du Centre suisse du livre, auquel est rattach\u00e9 notre livreur Artha.<\/p>","protected":false},"excerpt":{"rendered":"<p>Konditionen f\u00fcr den Buchhandel Wir gew\u00e4hren dem Buchhandel die \u00fcblichen Buchhandelskonditionen von 30% Rabatt auf Einzelbestellungen (zzgl. Porto). Wenn mindestens vier unserer B\u00fccher (mit mind. jew. 2 St\u00fcck) auf Kommission genommen werden und in der Auslage der Buchhandlung aufliegen, r\u00e4umen wir gerne 40% Buchhandelsrabatt ein. Remissionen sind bei uns immer m\u00f6glich, solange die B\u00fccher in [&#8230;]\n","protected":false},"author":2,"featured_media":0,"parent":0,"menu_order":0,"comment_status":"closed","ping_status":"closed","template":"","meta":{"_acf_changed":false,"bwfblock_default_font":"","footnotes":""},"class_list":["post-7595","page","type-page","status-publish","hentry"],"acf":[],"_links":{"self":[{"href":"https:\/\/new.bios-shop.eu\/fr\/wp-json\/wp\/v2\/pages\/7595","targetHints":{"allow":["GET"]}}],"collection":[{"href":"https:\/\/new.bios-shop.eu\/fr\/wp-json\/wp\/v2\/pages"}],"about":[{"href":"https:\/\/new.bios-shop.eu\/fr\/wp-json\/wp\/v2\/types\/page"}],"author":[{"embeddable":true,"href":"https:\/\/new.bios-shop.eu\/fr\/wp-json\/wp\/v2\/users\/2"}],"replies":[{"embeddable":true,"href":"https:\/\/new.bios-shop.eu\/fr\/wp-json\/wp\/v2\/comments?post=7595"}],"version-history":[{"count":0,"href":"https:\/\/new.bios-shop.eu\/fr\/wp-json\/wp\/v2\/pages\/7595\/revisions"}],"wp:attachment":[{"href":"https:\/\/new.bios-shop.eu\/fr\/wp-json\/wp\/v2\/media?parent=7595"}],"curies":[{"name":"wp","href":"https:\/\/api.w.org\/{rel}","templated":true}]}}