
{"id":316,"date":"2018-11-15T12:48:15","date_gmt":"2018-11-15T12:48:15","guid":{"rendered":"https:\/\/www.bios-shop.eu\/impressum\/"},"modified":"2025-10-02T09:45:00","modified_gmt":"2025-10-02T08:45:00","slug":"mentions-legales","status":"publish","type":"page","link":"https:\/\/new.bios-shop.eu\/fr\/impressum\/","title":{"rendered":"Mentions l\u00e9gales"},"content":{"rendered":"<div class=\"woocommerce woocommerce-gzd woocommerce-gzd-complaints-shortcode\">\n\t\t\t<h3>Information en vertu de l'article 19 (3) AStG<\/h3>\n\t\t<p>Alternative Dispute Resolution Act - Boutiques en ligne<\/p>\n\t\nNous ne sommes pas tenus de participer \u00e0 une proc\u00e9dure de r\u00e8glement des litiges devant un organisme de conciliation des consommateurs et ne sommes pas dispos\u00e9s \u00e0 le faire.<\/div>\n\n\n\n<p>Obligation d'information selon le \u00a75 de la loi sur le commerce \u00e9lectronique, le \u00a714 du code des entreprises, le \u00a763 du code du commerce et l'obligation de publication selon le \u00a725 de la loi sur les m\u00e9dias :<\/p>\n\n\n\n<p><strong>akademie bios - Dr. Ernestina Mazza OG<\/strong><br>\u00e9galement connu sous la marque&nbsp;<strong>acad\u00e9mie bios<\/strong><br>Rue des mineurs 46\/1\/2<br>8010 Graz<br>Autriche<br><br>Mobile : +43 (0) 699 \/ 11 22 54 16<br>Email :&nbsp;<a href=\"mailto:info@akademiebios.eu\" target=\"_blank\" rel=\"noreferrer noopener\">info@akademiebios.eu<\/a><br>Web :<a href=\"https:\/\/www.akademiebios.eu\/\" target=\"_blank\" rel=\"noopener\">&nbsp;www.akademiebios.eu<\/a><\/p>\n\n\n\n<p><br><strong>IDE :\u00a0<\/strong>\u00a0ATU 6849 4523\u00a0<br><strong>Juridiction comp\u00e9tente :<\/strong>\u00a0Graz-West<br><strong>Num\u00e9ro du registre du commerce :<\/strong>\u00a0\u00a0FN 409990 b\u00a0<br><strong>Autorit\u00e9 de surveillance :<\/strong>\u00a0\u00a0LG de droit civil de Graz<br><strong>Chambre des m\u00e9tiers :<\/strong>\u00a0 WKO Steiermark &gt; Humanenergetik, maison d'\u00e9dition de livres et de m\u00e9dias<br><strong>Autorit\u00e9 conform\u00e9ment \u00e0 l'ECG :<\/strong> Magistrat de la ville de Graz<br><strong>Objet de l'entreprise :<\/strong>\u00a0 Formation initiale et continue \/ formation pour adultes dans la promotion de la sant\u00e9, l'\u00e9nerg\u00e9tique MTC, le travail corporel, la th\u00e9orie des arch\u00e9types, la psychologie, l'entra\u00eenement mental, la num\u00e9rologie, etc., activit\u00e9 d'\u00e9dition avec des livres et des produits m\u00e9diatiques<\/p>\n\n\n\n<p><strong>Associ\u00e9s autoris\u00e9s \u00e0 repr\u00e9senter l'entreprise :<\/strong>\u00a0(FH) Clemens Mazza, Dott.ssa. Ernestina Mazza, dipl\u00f4m\u00e9e en p\u00e9dagogie<br><strong>Direction de l'entreprise :<\/strong>\u00a0(FH) Clemens Mazza<br><strong>Direction p\u00e9dagogique de l'acad\u00e9mie :<\/strong>\u00a0Dott.ssa. Ernestina, dipl\u00f4m\u00e9e en p\u00e9dagogie <br><br><strong>Responsable du contenu \u00e9ditorial du blog :<\/strong><br>Dott.ssa. Ernestina, Bergmanngasse 46\/1\/2, 8010 Graz, Autriche<\/p>\n\n\n\n<p><br><strong>Coordonn\u00e9es bancaires de l'Acad\u00e9mie :<\/strong><br>Caisse d'\u00e9pargne de la Styrie<br>IBAN : AT25 2081 5000 4001 9655<br>BIC : STSPAT2GXXX<\/p>\n\n\n\n<p><br><strong>bios<sup>\u00ae<\/sup>&nbsp;maison d'\u00e9dition<\/strong><br>une marque de&nbsp;<strong>&nbsp;akademie bios - Dr. Ernestina Mazza OG<\/strong><br>VKNR : 120313, GLN : 9007981203131<\/p>\n\n\n\n<p>Rue des mineurs 46\/1\/2<br>8010 Graz<br>Autriche<br><br>Mobile : +43 (0) 699 \/ 1 777 9 111<br>Email :&nbsp;<a rel=\"noreferrer noopener\" href=\"mailto:verlag@akademiebios.eu\" target=\"_blank\">info@bios-shop.eu<\/a><br>Web :&nbsp;<a rel=\"noreferrer noopener\" href=\"https:\/\/www.akademiebios.eu\/buchbestellung\/\" target=\"_blank\">www.bios-shop.eu<\/a><\/p>\n\n\n\n<p><\/p>\n\n\n\n<p><strong>Coordonn\u00e9es bancaires de l'\u00e9diteur pour les clients d'Autriche et de Suisse :<\/strong><br>Caisse d'\u00e9pargne de la Styrie<br>IBAN : AT90 2081 5000 0696 6220<br>BIC : STSPAT2GXXX<br><br><strong>Coordonn\u00e9es bancaires de la maison d'\u00e9dition pour les clients d'Allemagne :<\/strong><br>Caisse d'\u00e9pargne de la Styrie<br>IBAN : AT76 2081 5000 4002 8243<br>BIC : STSPAT2GXXX<br><br><\/p>\n\n\n\n<figure class=\"wp-block-image\"><a href=\"https:\/\/www.fairness-im-handel.de\/\" target=\"_blank\" rel=\"noreferrer noopener\"><img decoding=\"async\" src=\"https:\/\/www.akademiebios.eu\/wp-content\/uploads\/2018\/04\/logo-fairness.png\" alt=\"Initiative : Commerce \u00e9quitable\" title=\"\"><\/a><\/figure>\n\n\n\n<p>Membre de l'initiative \"Commerce \u00e9quitable\".<br>Informations sur l'initiative :&nbsp;<a rel=\"noreferrer noopener\" href=\"https:\/\/www.fairness-im-handel.de\/\" target=\"_blank\">https:\/\/www.fairness-im-handel.de<\/a><\/p>\n\n\n\n<p><\/p>\n\n\n\n<h2 class=\"wp-block-heading\"><strong>Conception et r\u00e9alisation du site web<\/strong><\/h2>\n\n\n\n<p>(FH) Clemens Mazza, concepteur de m\u00e9dias<br><br><\/p>\n\n\n\n<h2 class=\"wp-block-heading\"><strong>Sources des images<\/strong><\/h2>\n\n\n\n<p>Toutes les photos - \u00e0 l'exception de celle du Dr Ernestina Mazza - proviennent de la banque d'images www.fotolia.com et leur source est mentionn\u00e9e sur la page correspondante, sous l'image. Si aucune indication de la source n'est visible, la photo en question appartient au domaine public.<\/p>\n\n\n\n<h4 class=\"wp-block-heading\">Sources des images de couverture dans le slider :<\/h4>\n\n\n\n<p>1 - Femme au lever du soleil : \u00a9 Maridav - stock.adobe.com<br>2 - Couple dans une prairie : \u00a9 vectorfusionart - stock.adobe.com<br>3 - Deux femmes en coaching sur un canap\u00e9 \/ une chaise : \u00a9 Katarzyna Bialasiewicz Photographee.eu - stock.adobe.com<br>4 - Femme assise sur la balustrade d'un ponton au bord de la mer : \u00a9 XtravaganT - Fotolia<br>5 - Motif de No\u00ebl avec bougie : \u00a9 drubig-photo - stock.adobe.com<\/p>\n\n\n\n<p><\/p>\n\n\n\n<h2 class=\"wp-block-heading\"><strong>Avis de droit d'auteur<\/strong><\/h2>\n\n\n\n<p><strong>\u200b<\/strong>Tous droits r\u00e9serv\u00e9s, en particulier le droit de reproduction et de diffusion ainsi que de traduction. Aucune partie de l'ouvrage ne peut \u00eatre reproduite sous quelque forme que ce soit, que ce soit par des proc\u00e9d\u00e9s photom\u00e9caniques, y compris la photocopie, le microfilm ou tout autre proc\u00e9d\u00e9, sans l'autorisation \u00e9crite de l'\u00e9diteur, ni \u00eatre enregistr\u00e9e, trait\u00e9e, reproduite, diffus\u00e9e ou utilis\u00e9e d'une autre mani\u00e8re \u00e0 l'aide de syst\u00e8mes \u00e9lectroniques, en particulier dans des banques de donn\u00e9es.<\/p>\n\n\n\n<p>Une copie priv\u00e9e des contenus n'est autoris\u00e9e qu'\u00e0 des fins priv\u00e9es et ne peut \u00eatre consult\u00e9e par le public (conform\u00e9ment \u00e0 l'article 42, paragraphes 1 et 4, de la loi autrichienne sur les droits d'auteur).<\/p>\n\n\n\n<p><strong>Les textes de ce site sont r\u00e9dig\u00e9s avec la&nbsp;<\/strong><a href=\"https:\/\/www.copyscape.com\/\" rel=\"noreferrer noopener\" target=\"_blank\"><strong>logiciel de d\u00e9tection de plagiat en ligne Copyscape<\/strong><\/a><strong>&nbsp;de v\u00e9rifier en permanence et de mani\u00e8re automatis\u00e9e si ces contenus sont copi\u00e9s sur d'autres sites web.<\/strong>&nbsp;et il est donc possible de d\u00e9tecter des plagiats, m\u00eame partiels ou l\u00e9g\u00e8rement modifi\u00e9s. Nous nous r\u00e9servons \u00e0 cet \u00e9gard tous les droits, notamment en mati\u00e8re de dommages et int\u00e9r\u00eats, d'\u00e9limination, d'abstention et de publication de jugement.<br><\/p>","protected":false},"excerpt":{"rendered":"<p>Informationspflicht laut \u00a75 E-Commerce Gesetz, \u00a714 Unternehmensgesetzbuch, \u00a763 Gewerbeordnung und Offenlegungspflicht laut \u00a725 Mediengesetz: akademie bios&nbsp;&#8211; Dr. Ernestina Mazza OGauch bekannt unter der Marke&nbsp;akademie bios\u00aeBergmanngasse 46\/1\/28010 Graz\u00d6sterreich Mobil: +43 (0) 699 \/ 11 22 54 16Email:&nbsp;info@akademiebios.euWeb:&nbsp;www.akademiebios.eu UID:\u00a0\u00a0ATU\u00a06849 4523\u00a0Gerichtsstand:\u00a0Graz-WestFirmenbuchnummer:\u00a0\u00a0FN 409990 b\u00a0Aufsichtsbeh\u00f6rde:\u00a0\u00a0LG f\u00fcr Zivilrechtssachen GrazGewerbl. Kammer:\u00a0 WKO Steiermark > Humanenergetik, Buch- und MedienverlagBeh\u00f6rde gem\u00e4\u00df ECG: Magistrat der [&#8230;]\n","protected":false},"author":1,"featured_media":0,"parent":0,"menu_order":0,"comment_status":"closed","ping_status":"closed","template":"","meta":{"_acf_changed":false,"bwfblock_default_font":"","footnotes":""},"class_list":["post-316","page","type-page","status-publish","hentry"],"acf":[],"_links":{"self":[{"href":"https:\/\/new.bios-shop.eu\/fr\/wp-json\/wp\/v2\/pages\/316","targetHints":{"allow":["GET"]}}],"collection":[{"href":"https:\/\/new.bios-shop.eu\/fr\/wp-json\/wp\/v2\/pages"}],"about":[{"href":"https:\/\/new.bios-shop.eu\/fr\/wp-json\/wp\/v2\/types\/page"}],"author":[{"embeddable":true,"href":"https:\/\/new.bios-shop.eu\/fr\/wp-json\/wp\/v2\/users\/1"}],"replies":[{"embeddable":true,"href":"https:\/\/new.bios-shop.eu\/fr\/wp-json\/wp\/v2\/comments?post=316"}],"version-history":[{"count":0,"href":"https:\/\/new.bios-shop.eu\/fr\/wp-json\/wp\/v2\/pages\/316\/revisions"}],"wp:attachment":[{"href":"https:\/\/new.bios-shop.eu\/fr\/wp-json\/wp\/v2\/media?parent=316"}],"curies":[{"name":"wp","href":"https:\/\/api.w.org\/{rel}","templated":true}]}}