
{"id":13482,"date":"2023-12-07T10:27:13","date_gmt":"2023-12-07T09:27:13","guid":{"rendered":"https:\/\/www.bios-shop.eu\/?page_id=13482"},"modified":"2023-12-07T12:51:16","modified_gmt":"2023-12-07T11:51:16","slug":"dr-ernestina-mazza","status":"publish","type":"page","link":"https:\/\/new.bios-shop.eu\/fr\/autoren\/","title":{"rendered":"Auteurs"},"content":{"rendered":"<h2 class=\"wp-block-heading\" id=\"dr-ernestina-mazza\"><strong>Dr. Ernestina Mazza<\/strong><\/h2>\n\n\n\n<p><strong>Auteur, animatrice de s\u00e9minaires et coach<\/strong><\/p>\n\n\n\n<p>Depuis 20 ans, j'accompagne des personnes sur leur chemin dans le cadre de formations, de s\u00e9minaires et de s\u00e9ances individuelles. Dans mes livres et mes blogs, je partage avec toi mes connaissances et mes exp\u00e9riences. Je veux ainsi t'aider \u00e0 reconna\u00eetre ton unicit\u00e9 et \u00e0 vivre ton potentiel.<\/p>\n\n\n\n<p>Pour en savoir plus sur moi, consulte<br><a href=\"https:\/\/www.psychologischenumerologie.eu\/dr-ernestina-mazza\/\" target=\"_blank\" rel=\"noreferrer noopener\">www.psychologischenumerologie.eu\/dr-ernestina-mazza\/<\/a><\/p>","protected":false},"excerpt":{"rendered":"<p>Dr Ernestina Mazza Auteur, animatrice de s\u00e9minaires et coach Depuis 20 ans, j'accompagne des personnes sur leur chemin dans le cadre de formations, de s\u00e9minaires et de s\u00e9ances individuelles. Dans mes livres et mes blogs, je partage avec toi mes connaissances et mes exp\u00e9riences. Je veux ainsi t'aider \u00e0 reconna\u00eetre ton unicit\u00e9 et \u00e0 vivre ton potentiel. Tu trouveras plus d'informations sur moi sur:www.psychologischenumerologie.eu\/dr-ernestina-mazza\/<\/p>","protected":false},"author":1,"featured_media":0,"parent":0,"menu_order":0,"comment_status":"closed","ping_status":"closed","template":"","meta":{"_acf_changed":false,"bwfblock_default_font":"","footnotes":""},"class_list":["post-13482","page","type-page","status-publish","hentry"],"acf":[],"_links":{"self":[{"href":"https:\/\/new.bios-shop.eu\/fr\/wp-json\/wp\/v2\/pages\/13482","targetHints":{"allow":["GET"]}}],"collection":[{"href":"https:\/\/new.bios-shop.eu\/fr\/wp-json\/wp\/v2\/pages"}],"about":[{"href":"https:\/\/new.bios-shop.eu\/fr\/wp-json\/wp\/v2\/types\/page"}],"author":[{"embeddable":true,"href":"https:\/\/new.bios-shop.eu\/fr\/wp-json\/wp\/v2\/users\/1"}],"replies":[{"embeddable":true,"href":"https:\/\/new.bios-shop.eu\/fr\/wp-json\/wp\/v2\/comments?post=13482"}],"version-history":[{"count":0,"href":"https:\/\/new.bios-shop.eu\/fr\/wp-json\/wp\/v2\/pages\/13482\/revisions"}],"wp:attachment":[{"href":"https:\/\/new.bios-shop.eu\/fr\/wp-json\/wp\/v2\/media?parent=13482"}],"curies":[{"name":"wp","href":"https:\/\/api.w.org\/{rel}","templated":true}]}}