
{"id":12329,"date":"2023-02-09T03:53:17","date_gmt":"2023-02-09T02:53:17","guid":{"rendered":"https:\/\/www.bios-shop.eu\/?page_id=12329"},"modified":"2023-02-09T04:12:32","modified_gmt":"2023-02-09T03:12:32","slug":"modes-de-paiement-3","status":"publish","type":"page","link":"https:\/\/new.bios-shop.eu\/fr\/zahlungsweisen-3\/","title":{"rendered":"Modes de paiement"},"content":{"rendered":"<h2 class=\"wp-block-heading\">Remarques sur les modes de paiement propos\u00e9s<\/h2>\n\n\n\n<h3 class=\"wp-block-heading\">Klarna<\/h3>\n\n\n\n<p>En collaboration avec Klarna Bank AB (publ), Sveav\u00e4gen 46, 111 34 Stockholm, Su\u00e8de, nous proposons les options de paiement suivantes. Le paiement est effectu\u00e9 \u00e0 chaque fois \u00e0 Klarna :<\/p>\n\n\n\n<ul class=\"wp-block-list\">\n<li>Facture : le d\u00e9lai de paiement est de 14 jours \u00e0 compter de l'envoi de la marchandise\/du billet\/ou, pour les autres services, de la mise \u00e0 disposition du service. Vous trouverez les conditions de facturation Achat de facture pour les livraisons en Allemagne sous <a href=\"https:\/\/cdn.klarna.com\/1.0\/shared\/content\/legal\/terms\/EID\/de_de\/invoice?fee=0\" target=\"_blank\" rel=\"noreferrer noopener\">https:\/\/cdn.klarna.com\/1.0\/shared\/content\/legal\/terms\/EID\/de_de\/invo<\/a><a href=\"https:\/\/cdn.klarna.com\/1.0\/shared\/content\/legal\/terms\/EID\/de_de\/invoice?fee=0\" target=\"_blank\" rel=\"noreferrer noopener nofollow\">ice?fee=0<\/a> et pour les livraisons en Autriche, sous <a href=\"https:\/\/cdn.klarna.com\/1.0\/shared\/content\/legal\/terms\/EID\/de_at\/invoice?fee=0\" target=\"_blank\" rel=\"noreferrer noopener nofollow\">https:\/\/cdn.klarna.com\/1.0\/shared\/content\/legal\/terms\/EID\/de_at\/invoice?fee=0<\/a>.<\/li>\n\n\n\n<li>Achat en plusieurs fois : le service de financement de Klarna vous permet de r\u00e9gler vos achats de mani\u00e8re flexible par mensualit\u00e9s d'au moins 1\/24e du montant total (avec un minimum de 6,95 EUR) ou selon les conditions autrement indiqu\u00e9es dans la caisse. Le paiement \u00e9chelonn\u00e9 est d\u00fb \u00e0 la fin de chaque mois apr\u00e8s l'envoi d'une facture mensuelle par Klarna. Vous trouverez ici de plus amples informations sur l'achat \u00e0 temp\u00e9rament, y compris les conditions g\u00e9n\u00e9rales de vente et les informations europ\u00e9ennes standard sur le cr\u00e9dit \u00e0 la consommation : <a href=\"https:\/\/cdn.klarna.com\/1.0\/shared\/content\/legal\/terms\/EID\/de_de\/account\" target=\"_blank\" rel=\"noreferrer noopener nofollow\">https:\/\/cdn.klarna.com\/1.0\/shared\/content\/legal\/terms\/EID\/de_de\/account<\/a><\/li>\n\n\n\n<li>Imm\u00e9diatement : votre compte est d\u00e9bit\u00e9 imm\u00e9diatement apr\u00e8s la passation de la commande.<\/li>\n\n\n\n<li>Pr\u00e9l\u00e8vement automatique : Le pr\u00e9l\u00e8vement est effectu\u00e9 apr\u00e8s l'envoi de la marchandise. La date vous sera communiqu\u00e9e par e-mail.<\/li>\n<\/ul>\n\n\n\n<p>Vous trouverez des informations g\u00e9n\u00e9rales sur Klarna ici : www.klarna.com. Vos donn\u00e9es personnelles seront trait\u00e9es par Klarna conform\u00e9ment \u00e0 la l\u00e9gislation en vigueur en mati\u00e8re de protection des donn\u00e9es et aux informations contenues dans la politique de confidentialit\u00e9 de Klarna pour l'Allemagne et l'Autriche.<\/p>\n\n\n\n<p>L'utilisation des modes de paiement facture, achat \u00e0 temp\u00e9rament et pr\u00e9l\u00e8vement automatique pr\u00e9suppose un contr\u00f4le de solvabilit\u00e9 positif. Dans ce contexte, nous transmettons vos donn\u00e9es \u00e0 Klarna dans le cadre de la pr\u00e9paration et de l'ex\u00e9cution du contrat de vente afin de v\u00e9rifier votre adresse et votre solvabilit\u00e9. Nous vous prions de comprendre que nous ne pouvons vous proposer que les modes de paiement qui sont autoris\u00e9s sur la base des r\u00e9sultats de la v\u00e9rification de la solvabilit\u00e9. Vous trouverez ici de plus amples informations et les conditions d'utilisation de Klarna pour l'Allemagne : <a href=\"https:\/\/cdn.klarna.com\/1.0\/shared\/content\/legal\/terms\/K502554\/de_de\/use\" target=\"_blank\" rel=\"noreferrer noopener nofollow\">https:\/\/cdn.klarna.com\/1.0\/shared\/content\/legal\/terms\/K502554\/de_de\/use<\/a>r et pour l'Autriche ici : <a href=\"https:\/\/cdn.klarna.com\/1.0\/shared\/content\/legal\/terms\/K502554\/de_at\/user\" target=\"_blank\" rel=\"noreferrer noopener nofollow\">https:\/\/cdn.klarna.com\/1.0\/shared\/content\/legal\/terms\/K502554\/de_at\/user<\/a>.<\/p>\n\n\n\n<p><\/p>\n\n\n\n<h3 class=\"wp-block-heading\">Virement imm\u00e9diat - Paiement simple et direct.<\/h3>\n\n\n\n<p>Virement imm\u00e9diat - Paiement simple et direct.<br>\"Sofort\". est la proc\u00e9dure de virement direct de Sofort GmbH - A Klarna Group Company. Tu paies en toute s\u00e9curit\u00e9 et confortablement avec tes donn\u00e9es bancaires en ligne habituelles (PIN\/TAN) sans enregistrement - d\u00e8s maintenant dans le nouveau design Klarna. Le commer\u00e7ant re\u00e7oit une confirmation en temps r\u00e9el apr\u00e8s la cl\u00f4ture du virement. Il peut ainsi exp\u00e9dier imm\u00e9diatement les marchandises en stock et les biens num\u00e9riques - tu re\u00e7ois ainsi tes achats plus rapidement.<\/p>\n\n\n\n<p><\/p>\n\n\n\n<h3 class=\"wp-block-heading\">Google Pay<\/h3>\n\n\n\n<p>Vous pouvez payer avec Google Pay dans le cadre du processus de commande. Pour ce faire, vous devez confirmer le paiement via l'application mobile \"Google Pay\" sur un terminal pris en charge en respectant les \u00e9tapes de v\u00e9rification. Pour la transaction, Google Pay utilise les donn\u00e9es de paiement que vous avez enregistr\u00e9es dans l'application. Pour plus d'informations, consultez <a href=\"https:\/\/support.google.com\/pay\/merchants\/answer\/6345242?hl=de\" target=\"_blank\" rel=\"noreferrer noopener nofollow\">https:\/\/support.google.com\/pay\/merchants\/answer\/6345242?hl=de<\/a><\/p>\n\n\n\n<p><\/p>\n\n\n\n<h3 class=\"wp-block-heading\">Apple Pay<\/h3>\n\n\n\n<p>Vous pouvez payer avec Apple Pay dans le cadre du processus de commande. Pour ce faire, vous devez confirmer le paiement via le service \"Apple Pay\" sur un terminal Apple pris en charge, en respectant les \u00e9tapes de v\u00e9rification. Apple Pay utilise pour la transaction les donn\u00e9es de paiement que vous avez enregistr\u00e9es dans l'application Apple Wallet. Pour plus d'informations, voir <a href=\"https:\/\/support.apple.com\/de-de\/HT201469\" target=\"_blank\" rel=\"noreferrer noopener nofollow\">https:\/\/support.apple.com\/de-de\/HT201469<\/a><\/p>\n\n\n\n<p><\/p>\n\n\n\n<h3 class=\"wp-block-heading\">Paypal<\/h3>\n\n\n\n<p><em>Quelques \u00e9tapes seulement pour le paiement :<\/em><br><em>1. \u00e0 la caisse, choisissez \"PayPal\" comme mode de paiement.<\/em><br><em>2. pour effectuer le paiement, vous serez redirig\u00e9 vers le site PayPal.<\/em><br><em>3. si vous \u00eates d\u00e9j\u00e0 client de PayPal, vous pouvez vous connecter avec vos donn\u00e9es d'utilisateur PayPal et initier le paiement.<\/em><br><em>Si vous n'avez pas encore de compte PayPal, vous pouvez en cr\u00e9er un et ensuite confirmer le paiement. Pour les modes de paiement pr\u00e9l\u00e8vement via PayPal, carte de cr\u00e9dit via PayPal et achat sur facture via PayPal, il n'est pas n\u00e9cessaire de cr\u00e9er un compte PayPal.<\/em><br><em>4. vous serez ensuite redirig\u00e9 vers nous (www.bios-shop.eu).<\/em><\/p>","protected":false},"excerpt":{"rendered":"<p>Hinweise zu den angebotenen Zahlungsweisen Klarna In Zusammenarbeit mit Klarna Bank AB (publ), Sveav\u00e4gen 46, 111 34 Stockholm, Schweden, bieten wir die folgenden Zahlungsoptionen an. Die Zahlung erfolgt jeweils an Klarna: Allgemeine Informationen zu Klarna erhalten Sie hier: www.klarna.com. Ihre Personenangaben werden von Klarna in \u00dcbereinstimmung mit den geltenden Datenschutzbestimmungen und entsprechend den Angaben in [&#8230;]\n","protected":false},"author":2,"featured_media":0,"parent":0,"menu_order":0,"comment_status":"closed","ping_status":"closed","template":"","meta":{"_acf_changed":false,"bwfblock_default_font":"","footnotes":""},"class_list":["post-12329","page","type-page","status-publish","hentry"],"acf":[],"_links":{"self":[{"href":"https:\/\/new.bios-shop.eu\/fr\/wp-json\/wp\/v2\/pages\/12329","targetHints":{"allow":["GET"]}}],"collection":[{"href":"https:\/\/new.bios-shop.eu\/fr\/wp-json\/wp\/v2\/pages"}],"about":[{"href":"https:\/\/new.bios-shop.eu\/fr\/wp-json\/wp\/v2\/types\/page"}],"author":[{"embeddable":true,"href":"https:\/\/new.bios-shop.eu\/fr\/wp-json\/wp\/v2\/users\/2"}],"replies":[{"embeddable":true,"href":"https:\/\/new.bios-shop.eu\/fr\/wp-json\/wp\/v2\/comments?post=12329"}],"version-history":[{"count":0,"href":"https:\/\/new.bios-shop.eu\/fr\/wp-json\/wp\/v2\/pages\/12329\/revisions"}],"wp:attachment":[{"href":"https:\/\/new.bios-shop.eu\/fr\/wp-json\/wp\/v2\/media?parent=12329"}],"curies":[{"name":"wp","href":"https:\/\/api.w.org\/{rel}","templated":true}]}}