
{"id":364,"date":"2019-02-28T19:08:35","date_gmt":"2019-02-28T18:08:35","guid":{"rendered":"https:\/\/www.bios-shop.eu\/product\/persoenlichkeitsnumeroskop-kurz\/"},"modified":"2026-03-25T04:18:04","modified_gmt":"2026-03-25T03:18:04","slug":"personalnumeroscope-short","status":"publish","type":"product","link":"https:\/\/new.bios-shop.eu\/es\/produkt\/persoenlichkeitsnumeroskop-kurz\/","title":{"rendered":"Numeroscopio de la personalidad abreviado"},"content":{"rendered":"<p><span style=\"font-weight: 400;\"><\/span><\/p>\n<h2>Descripci\u00f3n<\/h2>\n<h3><strong>El breve an\u00e1lisis psicol\u00f3gico-numerol\u00f3gico de la personalidad<\/strong><\/h3>\n<p>El breve numeroscopio psicol\u00f3gico-numerol\u00f3gico de la personalidad con aprox. 45-50 p\u00e1ginas A4 se elabora a partir de sus datos numerol\u00f3gicos (nombre, apellidos y fecha de nacimiento de su nombre actual o \"nombre para sentirse bien\") en nuestro\u00a0<a href=\"https:\/\/rechner.psychologischenumerologie.eu\/\" target=\"_blank\" rel=\"noopener\">calculadora numerol\u00f3gica en l\u00ednea<\/a>\u00a0<strong>calculado individualmente para usted<\/strong>\u00a0y como\u00a0<strong>ebook en PDF con un bonito dise\u00f1o para imprimir y leer<\/strong>\u00a0disponible para su descarga.<\/p>\n<p><strong>Contenido:<\/strong><\/p>\n<ul>\n<li><strong>breves textos descriptivos de 27 (de los 34) n\u00fameros de un an\u00e1lisis psicol\u00f3gico-numerol\u00f3gico de la personalidad, que incluyen<\/strong><\/li>\n<li><strong>El n\u00famero de tu vida<\/strong>\u00a0con las secciones siguientes<strong>:<\/strong>\u00a0el tema familiar de la familia de origen, las fases de la vida, as\u00ed como los patrones de pensamiento y las estrategias de comportamiento<\/li>\n<li><strong>Su n\u00famero ra\u00edz<\/strong><\/li>\n<li><strong>A nivel del alma:<\/strong>\u00a0el n\u00famero de intensidad y el n\u00famero de iniciaci\u00f3n<\/li>\n<li><strong>Las facetas de la personalidad:<\/strong>\u00a0el Ritual de la Fecha de Nacimiento (con los n\u00fameros existentes, ausentes y aislados) y la Matriz del Alma con las Lecciones K\u00e1rmicas y el n\u00famero del Equilibrio del Alma<\/li>\n<li><strong>todos<\/strong>\u00a0Sus pruebas en el camino de la vida: es decir\u00a0<strong>todos<\/strong>\u00a0Ciclos vibracionales, retos y aspectos destacados y un avance del pr\u00f3ximo a\u00f1o del A\u00f1o Personal<\/li>\n<\/ul>\n<p><strong><br \/>\n-&gt; Se trata de una compra a cr\u00e9dito para crear usted mismo el numeroscopio<\/strong>\u00a0en la calculadora online de Numerolog\u00eda Psicol\u00f3gica:\u00a0<a href=\"https:\/\/rechner.psychologischenumerologie.eu\/\" target=\"_blank\" rel=\"noopener\">https:\/\/rechner.psychologischenumerologie.eu\/<\/a><\/p>\n<p><strong>Nota importante:<\/strong>\u00a0<strong>Para realizar pedidos en la tienda, debe utilizar la misma direcci\u00f3n de correo electr\u00f3nico (y la misma contrase\u00f1a) que utiliz\u00f3 para registrarse en el portal\u00a0<a href=\"https:\/\/rechner.psychologischenumerologie.eu\/\" target=\"_blank\" rel=\"noopener\">calculadora numerol\u00f3gica en l\u00ednea<\/a>\u00a0de lo contrario, la compra no podr\u00e1 asignarse en segundo plano.<\/strong><\/p>\n<h2 style=\"padding-top:25px;\">Pago<\/h2>\n<p>El pago es posible a trav\u00e9s de Paypal, tarjetas de cr\u00e9dito VISA y Mastercard y d\u00e9bito directo SEPA \/ transferencia bancaria de la cuenta.<\/p>\n<h2 style=\"padding-top:25px;\">\u00bfC\u00f3mo puedo acceder al PDF despu\u00e9s de comprarlo?<\/h2>\n<h3><strong>As\u00ed es como llego al PDF\/libro despu\u00e9s de la compra:<\/strong><\/h3>\n<p>Despu\u00e9s de comprar el cr\u00e9dito para un an\u00e1lisis numerol\u00f3gico, puede realizar usted mismo su an\u00e1lisis numerol\u00f3gico utilizando nuestra calculadora online de Numerolog\u00eda Psicol\u00f3gica en\u00a0<a href=\"https:\/\/rechner.psychologischenumerologie.eu\/\" target=\"_blank\" rel=\"noopener\">https:\/\/rechner.psychologischenumerologie.eu<\/a>\u00a0y desc\u00e1rguelo en formato PDF.<\/p>\n<p><strong>La creaci\u00f3n y la descarga funcionan del siguiente modo:<\/strong><\/p>\n<p><strong>1)<\/strong>\u00a0Inicie sesi\u00f3n en la calculadora numerol\u00f3gica con sus datos de usuario (direcci\u00f3n de correo electr\u00f3nico y contrase\u00f1a) que utiliz\u00f3 para bios-shop.eu:\u00a0<a href=\"https:\/\/rechner.psychologischenumerologie.eu\/login\" target=\"_blank\" rel=\"noopener\">https:\/\/rechner.psychologischenumerologie.eu\/login<\/a><br \/>\nPor favor, aseg\u00farese de que utiliza la misma direcci\u00f3n de correo electr\u00f3nico en la calculadora numerol\u00f3gica que en la tienda para que el cr\u00e9dito pueda asignarse correctamente.<\/p>\n<p><strong>2)<\/strong>\u00a0Despu\u00e9s de iniciar sesi\u00f3n, deber\u00eda tener un saldo de un cr\u00e9dito (o el n\u00famero de cr\u00e9ditos comprados) en la esquina superior izquierda, en \"Saldo\".<\/p>\n<p><strong>3)<\/strong>\u00a0Ahora cree su an\u00e1lisis numerol\u00f3gico con los datos que desee utilizando el bot\u00f3n + m\u00e1s y despu\u00e9s gu\u00e1rdelo en el ordenador utilizando el s\u00edmbolo del disquete (si no lo ha hecho ya).<\/p>\n<p><strong>4)<\/strong>\u00a0En el \u00e1rea \"Mis an\u00e1lisis\", abra la carpeta en la que ha guardado su an\u00e1lisis numerol\u00f3gico (su numeroscopio) haciendo clic en la flecha hacia abajo \"v\" y, a continuaci\u00f3n, haga clic en el s\u00edmbolo PDF de la l\u00ednea de sus datos guardados, a la derecha. En el men\u00fa que aparece, seleccione \"Comprar PDF corto\" y confirme que desea utilizar para ello un cr\u00e9dito de su saldo actual.<\/p>\n<p><strong>5)<\/strong>\u00a0A continuaci\u00f3n, haga clic de nuevo en el s\u00edmbolo PDF en la l\u00ednea de su an\u00e1lisis numerol\u00f3gico deseado para descargar el PDF y en \"Short PDF\".<\/p>\n<p><strong>\u00a1HECHO!<\/strong><\/p>\n<p>--&gt; El PDF se crea y se descarga inmediatamente en la carpeta de descargas est\u00e1ndar de su navegador.<\/p>\n<p><strong>\u00bfAlguna pregunta?<\/strong><\/p>\n<p>Si todav\u00eda tiene preguntas, por ejemplo, c\u00f3mo funciona exactamente todo el asunto, qu\u00e9 nombre debe utilizar para el an\u00e1lisis y qu\u00e9 m\u00e1s puede hacer la Calculadora Numerol\u00f3gica Psicol\u00f3gica Online, entonces le invitamos a echar un vistazo a la secci\u00f3n\u00a0<strong><a href=\"https:\/\/www.youtube.com\/playlist?list=PLdDfZZ2BgyGJl9SzEkKRAyBbrMuwfnw55\" target=\"_blank\" rel=\"noopener\">Ver tutoriales en v\u00eddeo sobre la Calculadora Numerol\u00f3gica Psicol\u00f3gica Online en YouTube<\/a><\/strong>.<\/p>\n<h2 style=\"padding-top:25px;\">Tutoriales en v\u00eddeo sobre la calculadora<\/h2>\n<h3><strong>C\u00f3mo llegar a nuestros 5 videotutoriales en YouTube:<\/strong><\/h3>\n<p>Si desea una explicaci\u00f3n detallada, ...<\/p>\n<ul>\n<li>c\u00f3mo funciona todo exactamente,<\/li>\n<li>qu\u00e9 nombre debe utilizar para el an\u00e1lisis,<\/li>\n<li>c\u00f3mo funciona la compra de un an\u00e1lisis numerol\u00f3gico facturable y<\/li>\n<li>qu\u00e9 m\u00e1s puede hacer la Calculadora Numerol\u00f3gica Psicol\u00f3gica Online, ...<\/li>\n<\/ul>\n<p>... entonces le invitamos a descargar el\u00a0<strong><a href=\"https:\/\/www.youtube.com\/playlist?list=PLdDfZZ2BgyGJl9SzEkKRAyBbrMuwfnw55\" target=\"_blank\" rel=\"noopener\">Ver tutoriales en v\u00eddeo sobre la Calculadora Numerol\u00f3gica Psicol\u00f3gica Online en YouTube<\/a><\/strong>.<\/p>\n<h2 style=\"padding-top:25px;\">Vista previa<\/h2>\n<p>Un ejemplo de 'Numeroscopio de Personalidad corto' Premium PDF-libro de 54 p\u00e1ginas A4, creado con la calculadora en l\u00ednea de Numerolog\u00eda Psicol\u00f3gica en\u00a0<a href=\"https:\/\/rechner.psychologischenumerologie.eu\/\" target=\"_blank\" rel=\"noopener\">https:\/\/rechner.psychologischenumerologie.eu<\/a>.<\/p>\n<p>Nota: Los datos de ejemplo con \"Viola Rosenberger, 10.04.1980\" son los mismos que en los libros de Numerolog\u00eda Psicol\u00f3gica Volumen 1 y Volumen 2.<\/p>","protected":false},"excerpt":{"rendered":"<p><strong>Numeroscopio breve de la personalidad con aprox. 45-50 p\u00e1ginas A4<\/strong> bas\u00e1ndose en sus datos numerol\u00f3gicos (nombre, apellidos y fecha de nacimiento) en forma de libro electr\u00f3nico en PDF con un bonito dise\u00f1o para imprimir y leer.<\/p>\n<p><span style=\"color: #00aae7;\"><strong>-&gt; Compra a cr\u00e9dito para crear t\u00fa mismo el numeroscopio<\/strong><\/span> en la calculadora online de Numerolog\u00eda Psicol\u00f3gica: <a href=\"https:\/\/rechner.psychologischenumerologie.eu\/\" target=\"_blank\" rel=\"noopener noreferrer\">https:\/\/rechner.psychologischenumerologie.eu\/<\/a><\/p>\n<p>ISBN: 978-3-902907-12-7<\/p>","protected":false},"featured_media":5640,"comment_status":"open","ping_status":"closed","template":"","meta":{"_acf_changed":false,"bwfblock_default_font":""},"product_brand":[],"product_cat":[103,99],"product_tag":[90,91],"class_list":{"0":"post-364","1":"product","2":"type-product","3":"status-publish","4":"has-post-thumbnail","6":"product_cat-numerologische-analysen","7":"product_cat-ebooks","8":"product_tag-numerologie","9":"product_tag-persoenlichkeit","11":"first","12":"instock","13":"virtual","14":"taxable","15":"purchasable","16":"product-type-simple"},"bundled_by":[],"bundle_stock_status":"instock","bundle_stock_quantity":null,"bundle_virtual":false,"bundle_layout":"","bundle_add_to_cart_form_location":"","bundle_editable_in_cart":false,"bundle_sold_individually_context":"","bundle_item_grouping":"","bundle_min_size":"","bundle_max_size":"","bundle_price":[],"bundled_items":[],"bundle_sell_ids":[],"acf":[],"_links":{"self":[{"href":"https:\/\/new.bios-shop.eu\/es\/wp-json\/wp\/v2\/product\/364","targetHints":{"allow":["GET"]}}],"collection":[{"href":"https:\/\/new.bios-shop.eu\/es\/wp-json\/wp\/v2\/product"}],"about":[{"href":"https:\/\/new.bios-shop.eu\/es\/wp-json\/wp\/v2\/types\/product"}],"replies":[{"embeddable":true,"href":"https:\/\/new.bios-shop.eu\/es\/wp-json\/wp\/v2\/comments?post=364"}],"wp:featuredmedia":[{"embeddable":true,"href":"https:\/\/new.bios-shop.eu\/es\/wp-json\/wp\/v2\/media\/5640"}],"wp:attachment":[{"href":"https:\/\/new.bios-shop.eu\/es\/wp-json\/wp\/v2\/media?parent=364"}],"wp:term":[{"taxonomy":"product_brand","embeddable":true,"href":"https:\/\/new.bios-shop.eu\/es\/wp-json\/wp\/v2\/product_brand?post=364"},{"taxonomy":"product_cat","embeddable":true,"href":"https:\/\/new.bios-shop.eu\/es\/wp-json\/wp\/v2\/product_cat?post=364"},{"taxonomy":"product_tag","embeddable":true,"href":"https:\/\/new.bios-shop.eu\/es\/wp-json\/wp\/v2\/product_tag?post=364"}],"curies":[{"name":"wp","href":"https:\/\/api.w.org\/{rel}","templated":true}]}}