
{"id":360,"date":"2019-02-28T19:08:33","date_gmt":"2019-02-28T18:08:33","guid":{"rendered":"https:\/\/www.bios-shop.eu\/product\/kraftvolle-entspannung\/"},"modified":"2025-12-22T15:04:10","modified_gmt":"2025-12-22T14:04:10","slug":"relajacion-poderosa","status":"publish","type":"product","link":"https:\/\/new.bios-shop.eu\/es\/produkt\/kraftvolle-entspannung\/","title":{"rendered":"Potente relajaci\u00f3n"},"content":{"rendered":"<p><span style=\"font-weight: 400;\"><\/span><\/p>\n<h2>Descripci\u00f3n<\/h2>\n<h3><strong>\u00bfDesea relajarse profundamente?<\/strong><\/h3>\n<p>Entonces deje que este CD le acompa\u00f1e amorosamente a su propio lugar de relajaci\u00f3n. Las sugerencias de relajaci\u00f3n regeneradora y la m\u00fasica le permiten experimentar la serenidad. La relajaci\u00f3n respiratoria, la relajaci\u00f3n muscular progresiva y las visualizaciones satisfacen su necesidad de paz interior y le aportan claridad y vitalidad.<\/p>\n<p>Sum\u00e9rgete en la profunda quietud de tu centro y extrae vitalidad de \u00e9l.<\/p>\n<h2 style=\"padding-top:25px;\">Contenido<\/strong><\/h2>\n<p>1. la seguridad de la relajaci\u00f3n (13:47 min.)<br \/>\n2. relajaci\u00f3n muscular progresiva (14:07 min.)<br \/>\n3. relajaci\u00f3n intensa en la naturaleza (12:24 min.)<br \/>\nTotal: 40:24 min.<\/p>","protected":false},"excerpt":{"rendered":"<p>Las sugerencias de relajaci\u00f3n regeneradora y la m\u00fasica le permiten experimentar la serenidad. La relajaci\u00f3n respiratoria, la relajaci\u00f3n muscular progresiva y las visualizaciones satisfacen su necesidad de paz interior y le aportan claridad y vitalidad.<\/p>\n<p><strong>1a ed. Noviembre de 2013, 3 meditaciones guiadas, total: 40:24 min.<\/strong><\/p>\n<p>ISBN: 978-3-902907-06-6<\/p>","protected":false},"featured_media":450,"comment_status":"open","ping_status":"closed","template":"","meta":{"_acf_changed":false,"bwfblock_default_font":""},"product_brand":[],"product_cat":[101],"product_tag":[85,247,337],"class_list":{"0":"post-360","1":"product","2":"type-product","3":"status-publish","4":"has-post-thumbnail","6":"product_cat-medien","7":"product_tag-mental-und-empathietraining","8":"product_tag-persoenlichkeitsentwicklung","9":"product_tag-meditation","10":"product_shipping_class-physical-products","12":"first","13":"instock","14":"taxable","15":"shipping-taxable","16":"purchasable","17":"product-type-simple"},"bundled_by":[],"bundle_stock_status":"instock","bundle_stock_quantity":null,"bundle_virtual":false,"bundle_layout":"","bundle_add_to_cart_form_location":"","bundle_editable_in_cart":false,"bundle_sold_individually_context":"","bundle_item_grouping":"","bundle_min_size":"","bundle_max_size":"","bundle_price":[],"bundled_items":[],"bundle_sell_ids":[],"acf":[],"_links":{"self":[{"href":"https:\/\/new.bios-shop.eu\/es\/wp-json\/wp\/v2\/product\/360","targetHints":{"allow":["GET"]}}],"collection":[{"href":"https:\/\/new.bios-shop.eu\/es\/wp-json\/wp\/v2\/product"}],"about":[{"href":"https:\/\/new.bios-shop.eu\/es\/wp-json\/wp\/v2\/types\/product"}],"replies":[{"embeddable":true,"href":"https:\/\/new.bios-shop.eu\/es\/wp-json\/wp\/v2\/comments?post=360"}],"wp:featuredmedia":[{"embeddable":true,"href":"https:\/\/new.bios-shop.eu\/es\/wp-json\/wp\/v2\/media\/450"}],"wp:attachment":[{"href":"https:\/\/new.bios-shop.eu\/es\/wp-json\/wp\/v2\/media?parent=360"}],"wp:term":[{"taxonomy":"product_brand","embeddable":true,"href":"https:\/\/new.bios-shop.eu\/es\/wp-json\/wp\/v2\/product_brand?post=360"},{"taxonomy":"product_cat","embeddable":true,"href":"https:\/\/new.bios-shop.eu\/es\/wp-json\/wp\/v2\/product_cat?post=360"},{"taxonomy":"product_tag","embeddable":true,"href":"https:\/\/new.bios-shop.eu\/es\/wp-json\/wp\/v2\/product_tag?post=360"}],"curies":[{"name":"wp","href":"https:\/\/api.w.org\/{rel}","templated":true}]}}