
{"id":358,"date":"2019-02-28T19:08:32","date_gmt":"2019-02-28T18:08:32","guid":{"rendered":"https:\/\/www.bios-shop.eu\/product\/dea-nova-lebe-dein-frau-sein\/"},"modified":"2026-03-29T00:21:16","modified_gmt":"2026-03-28T23:21:16","slug":"dea-nova-viva-su-esposa","status":"publish","type":"product","link":"https:\/\/new.bios-shop.eu\/es\/produkt\/dea-nova-lebe-dein-frau-sein\/","title":{"rendered":"Dea Nova - \u00a1Vive tu feminidad!"},"content":{"rendered":"<p><span style=\"font-weight: 400;\"><\/span><\/p>\n<h2>Descripci\u00f3n<\/h2>\n<h3><strong>\u00a1Vive tu feminidad!<\/strong><\/h3>\n<p>La naturaleza de la mujer es devoci\u00f3n a la vida, amar y vivir con compasi\u00f3n y aceptaci\u00f3n. No podemos satisfacer nuestro anhelo de alegr\u00eda de vivir, seguridad interior, relaciones armoniosas y vitalidad sin tener un acceso sanado a nuestra sensibilidad femenina. Estas meditaciones guiadas conectan a cada mujer con sus propias ra\u00edces femeninas. La esencia femenina incluye la gentileza y la amabilidad, la devoci\u00f3n, la compasi\u00f3n, la empat\u00eda, la intuici\u00f3n, la creatividad elegante y la belleza, la simple \"aceptaci\u00f3n\" y la pasi\u00f3n suave y salvaje. Todo esto se nos revela en este emocionante y seguro viaje del alma.<\/p>\n<h2 style=\"padding-top:25px;\">Contenido<\/strong><\/h2>\n<p>1. curaci\u00f3n de la feminidad (36 min.)<br \/>\n2. las maravillas del poder femenino (42 min.)<br \/>\nTotal: 78 minutos, meditaciones guiadas con m\u00fasica y ambiente<\/p>","protected":false},"excerpt":{"rendered":"<p>Estas meditaciones guiadas conectan a cada mujer con sus propias ra\u00edces femeninas. La esencia femenina incluye la dulzura y la bondad, la devoci\u00f3n, la compasi\u00f3n, la empat\u00eda, la intuici\u00f3n, la creatividad elegante y la belleza, la capacidad de simplemente \"aceptar\" y la pasi\u00f3n suave y salvaje.<\/p>\n<p><strong>1\u00aa ed. 2011, 2 meditaciones guiadas, total: 78 minutos<\/strong><\/p>\n<p>ISBN: 978-3-9503085-8-7<\/p>","protected":false},"featured_media":449,"comment_status":"open","ping_status":"closed","template":"","meta":{"_acf_changed":false,"bwfblock_default_font":""},"product_brand":[],"product_cat":[101],"product_tag":[96,247,337],"class_list":{"0":"post-358","1":"product","2":"type-product","3":"status-publish","4":"has-post-thumbnail","6":"product_cat-medien","7":"product_tag-archetypen","8":"product_tag-persoenlichkeitsentwicklung","9":"product_tag-meditation","10":"product_shipping_class-physical-products","12":"first","13":"instock","14":"taxable","15":"shipping-taxable","16":"purchasable","17":"product-type-simple"},"bundled_by":[],"bundle_stock_status":"instock","bundle_stock_quantity":null,"bundle_virtual":false,"bundle_layout":"","bundle_add_to_cart_form_location":"","bundle_editable_in_cart":false,"bundle_sold_individually_context":"","bundle_item_grouping":"","bundle_min_size":"","bundle_max_size":"","bundle_price":[],"bundled_items":[],"bundle_sell_ids":[],"acf":[],"_links":{"self":[{"href":"https:\/\/new.bios-shop.eu\/es\/wp-json\/wp\/v2\/product\/358","targetHints":{"allow":["GET"]}}],"collection":[{"href":"https:\/\/new.bios-shop.eu\/es\/wp-json\/wp\/v2\/product"}],"about":[{"href":"https:\/\/new.bios-shop.eu\/es\/wp-json\/wp\/v2\/types\/product"}],"replies":[{"embeddable":true,"href":"https:\/\/new.bios-shop.eu\/es\/wp-json\/wp\/v2\/comments?post=358"}],"wp:featuredmedia":[{"embeddable":true,"href":"https:\/\/new.bios-shop.eu\/es\/wp-json\/wp\/v2\/media\/449"}],"wp:attachment":[{"href":"https:\/\/new.bios-shop.eu\/es\/wp-json\/wp\/v2\/media?parent=358"}],"wp:term":[{"taxonomy":"product_brand","embeddable":true,"href":"https:\/\/new.bios-shop.eu\/es\/wp-json\/wp\/v2\/product_brand?post=358"},{"taxonomy":"product_cat","embeddable":true,"href":"https:\/\/new.bios-shop.eu\/es\/wp-json\/wp\/v2\/product_cat?post=358"},{"taxonomy":"product_tag","embeddable":true,"href":"https:\/\/new.bios-shop.eu\/es\/wp-json\/wp\/v2\/product_tag?post=358"}],"curies":[{"name":"wp","href":"https:\/\/api.w.org\/{rel}","templated":true}]}}