
{"id":357,"date":"2019-02-28T19:08:32","date_gmt":"2019-02-28T18:08:32","guid":{"rendered":"https:\/\/www.bios-shop.eu\/product\/lichtmeditationen-fuer-die-seele\/"},"modified":"2025-12-22T15:50:37","modified_gmt":"2025-12-22T14:50:37","slug":"meditaciones-de-luz-para-el-alma","status":"publish","type":"product","link":"https:\/\/new.bios-shop.eu\/es\/produkt\/lichtmeditationen-fuer-die-seele\/","title":{"rendered":"Meditaciones ligeras para el alma"},"content":{"rendered":"<p><span style=\"font-weight: 400;\"><\/span><\/p>\n<h2>Descripci\u00f3n<\/h2>\n<h3><strong>CD 5: Meditaciones ligeras para el alma<\/strong><\/h3>\n<p>Como s\u00edmbolo arquet\u00edpico, la luz es expresi\u00f3n de la pureza, el esp\u00edritu divino y la transformaci\u00f3n de la sombra en resplandor. La luz representa para nosotros la posibilidad de conectar con nuestra naturaleza divina. Podemos alcanzar un profundo estado de relajaci\u00f3n cuando conseguimos generar luz en nuestro inconsciente.<\/p>\n<p>Si lo hacemos con la ayuda de la imaginaci\u00f3n, conseguimos una sensaci\u00f3n de conexi\u00f3n total tanto con nuestro interior como con el universo.<\/p>\n<p>Cuando nos encontramos en este estado, el viaje interior que emprendemos mediante el CD y el significado simb\u00f3lico y arquet\u00edpico de la luz nos conduce por un camino consciente a trav\u00e9s de diferentes fases y etapas de nuestro ser. Cada etapa nos permite tomar conciencia de un nivel m\u00e1s de nuestra sutileza a trav\u00e9s del poder positivo de la luz.<\/p>\n<p>El viaje del alma, que se inicia con el CD, conduce a un conocimiento consciente del propio cuerpo, as\u00ed como a una limpieza intensiva de los \u00f3rganos y del nivel celular, incluida la informaci\u00f3n incrustada en ellos. Tras el examen atento y lleno de luz del propio cuerpo, se acompa\u00f1a al viajero en particular a activar sus chakras y su cuerpo de luz. Esto hace tangible el potencial espiritual y sutil de cada chakra. Asimismo, en el transcurso de la transformaci\u00f3n a la luz, cada centro energ\u00e9tico y cada capa \u00e1urica pueden desplegar el poder de la atenci\u00f3n concentrada. La meditaci\u00f3n consciente nos gu\u00eda al encuentro de la luz de nuestra alma y nos permite percibir atentamente este poder espiritual e integrarlo en nuestra vida cotidiana. Este CD es una invitaci\u00f3n a recordar que somos seres divinos llenos de luz y a mostrar que nuestra presencia espiritual puede integrarse f\u00e1cilmente en la vida cotidiana. Cada individuo debe recibir apoyo para recordar su propia singularidad y serenidad y, como resultado, sentirse fortalecido.<\/p>\n<h2 style=\"padding-top:25px;\">Contenido<\/strong><\/h2>\n<p>1. meditaci\u00f3n ligera para el cuerpo (16 min.)<br \/>\n2. meditaci\u00f3n de los chakras (38 min.)<br \/>\n3. activar los poderes de autocuraci\u00f3n (23 min.)<br \/>\n<strong>Total: 77 minutos<\/strong><\/p>","protected":false},"excerpt":{"rendered":"<p>El viaje del alma, que encuentra su impulso a trav\u00e9s del CD, conduce a la percepci\u00f3n consciente del propio cuerpo, as\u00ed como a una limpieza intensiva de los \u00f3rganos y del nivel celular junto con la informaci\u00f3n incrustada en \u00e9l. Tras el examen ligero y consciente del propio cuerpo, se acompa\u00f1a al viajero en particular a la activaci\u00f3n de sus chakras y su cuerpo de luz. De este modo, el potencial espiritual y sutil de cada chakra se hace tangible.<\/p>\n<p><strong>1\u00aa ed. 2011, 3 meditaciones guiadas, total: 77 minutos<\/strong><\/p>\n<p>ISBN: 978-3-9503085-4-9<\/p>","protected":false},"featured_media":457,"comment_status":"open","ping_status":"closed","template":"","meta":{"_acf_changed":false,"bwfblock_default_font":""},"product_brand":[],"product_cat":[101],"product_tag":[337,84],"class_list":{"0":"post-357","1":"product","2":"type-product","3":"status-publish","4":"has-post-thumbnail","6":"product_cat-medien","7":"product_tag-meditation","8":"product_tag-energetik","9":"product_shipping_class-physical-products","11":"first","12":"instock","13":"taxable","14":"shipping-taxable","15":"purchasable","16":"product-type-simple"},"bundled_by":[],"bundle_stock_status":"instock","bundle_stock_quantity":null,"bundle_virtual":false,"bundle_layout":"","bundle_add_to_cart_form_location":"","bundle_editable_in_cart":false,"bundle_sold_individually_context":"","bundle_item_grouping":"","bundle_min_size":"","bundle_max_size":"","bundle_price":[],"bundled_items":[],"bundle_sell_ids":[],"acf":[],"_links":{"self":[{"href":"https:\/\/new.bios-shop.eu\/es\/wp-json\/wp\/v2\/product\/357","targetHints":{"allow":["GET"]}}],"collection":[{"href":"https:\/\/new.bios-shop.eu\/es\/wp-json\/wp\/v2\/product"}],"about":[{"href":"https:\/\/new.bios-shop.eu\/es\/wp-json\/wp\/v2\/types\/product"}],"replies":[{"embeddable":true,"href":"https:\/\/new.bios-shop.eu\/es\/wp-json\/wp\/v2\/comments?post=357"}],"wp:featuredmedia":[{"embeddable":true,"href":"https:\/\/new.bios-shop.eu\/es\/wp-json\/wp\/v2\/media\/457"}],"wp:attachment":[{"href":"https:\/\/new.bios-shop.eu\/es\/wp-json\/wp\/v2\/media?parent=357"}],"wp:term":[{"taxonomy":"product_brand","embeddable":true,"href":"https:\/\/new.bios-shop.eu\/es\/wp-json\/wp\/v2\/product_brand?post=357"},{"taxonomy":"product_cat","embeddable":true,"href":"https:\/\/new.bios-shop.eu\/es\/wp-json\/wp\/v2\/product_cat?post=357"},{"taxonomy":"product_tag","embeddable":true,"href":"https:\/\/new.bios-shop.eu\/es\/wp-json\/wp\/v2\/product_tag?post=357"}],"curies":[{"name":"wp","href":"https:\/\/api.w.org\/{rel}","templated":true}]}}