
{"id":356,"date":"2019-02-28T19:08:30","date_gmt":"2019-02-28T18:08:30","guid":{"rendered":"https:\/\/www.bios-shop.eu\/product\/wandlung-mit-der-kraft-des-herzens\/"},"modified":"2025-12-22T16:00:44","modified_gmt":"2025-12-22T15:00:44","slug":"transformacion-con-la-fuerza-del-corazon","status":"publish","type":"product","link":"https:\/\/new.bios-shop.eu\/es\/produkt\/wandlung-mit-der-kraft-des-herzens\/","title":{"rendered":"Transformaci\u00f3n con el poder del coraz\u00f3n"},"content":{"rendered":"<p><span style=\"font-weight: 400;\"><\/span><\/p>\n<h2>Descripci\u00f3n<\/h2>\n<h3><strong>CD 4: Transformaci\u00f3n con el poder del coraz\u00f3n<\/strong><\/h3>\n<p>Estas meditaciones guiadas acompa\u00f1an nuestra alma a la contemplaci\u00f3n y nos permiten volver a sentir las profundidades de nuestra alma. A trav\u00e9s de la experiencia del silencio, nos conducen a esas poderosas im\u00e1genes interiores del centro del coraz\u00f3n que acompa\u00f1an eficazmente nuestra curaci\u00f3n interior en el inconsciente. Estas meditaciones con im\u00e1genes arquet\u00edpicas y m\u00fasica especial nos permiten estar presentes, atentos y sanados en nuestro coraz\u00f3n. La inmersi\u00f3n en el silencio acompa\u00f1a al autoconocimiento, es pr\u00e1ctica y puede integrarse f\u00e1cilmente en la vida cotidiana.<\/p>\n<p>Tener un coraz\u00f3n abierto, despreocupado y que vibre libremente: Este es el objetivo de muchas personas que anhelan unas relaciones interpersonales aut\u00e9nticas y claras. Las amistades, las relaciones de pareja y los lazos familiares determinan la calidad de nuestras vidas. Cuanto m\u00e1s brillantes y amorosas sean estas relaciones, m\u00e1s f\u00e1cil y relajado ser\u00e1 nuestro camino por la vida.<\/p>\n<h2 style=\"padding-top:25px;\">Contenido<\/strong><\/h2>\n<p align=\"left\">1. abrir el coraz\u00f3n (31 min.)<br \/>\n2. abrirse al amor (25 min.)<br \/>\n<strong>Total: 56 minutos<\/strong><\/p>\n<p><strong>Folleto del CD:\u00a0<\/strong><a href=\"https:\/\/new.bios-shop.eu\/wp-content\/uploads\/CD-Booklet_Seelenreisen-CD-4.pdf\" target=\"_blank\" rel=\"noopener\">Transformaci\u00f3n con el poder del coraz\u00f3n en PDF<\/a><\/p>","protected":false},"excerpt":{"rendered":"<p>Tener un coraz\u00f3n abierto, despreocupado y que vibre libremente: Este es el objetivo de muchas personas que anhelan unas relaciones interpersonales aut\u00e9nticas y claras. Las amistades, las relaciones de pareja y los lazos familiares determinan la calidad de nuestras vidas. Cuanto m\u00e1s brillantes y amorosas sean estas relaciones, m\u00e1s f\u00e1cil y relajado ser\u00e1 nuestro camino por la vida.<\/p>\n<p><strong>2 meditaciones guiadas, total: 56 minutos<\/strong><\/p>\n<p>ISBN: 978-3-9503085-3-2<\/p>","protected":false},"featured_media":461,"comment_status":"open","ping_status":"closed","template":"","meta":{"_acf_changed":false,"bwfblock_default_font":""},"product_brand":[],"product_cat":[101],"product_tag":[337,85,247],"class_list":{"0":"post-356","1":"product","2":"type-product","3":"status-publish","4":"has-post-thumbnail","6":"product_cat-medien","7":"product_tag-meditation","8":"product_tag-mental-und-empathietraining","9":"product_tag-persoenlichkeitsentwicklung","10":"product_shipping_class-physical-products","12":"first","13":"instock","14":"taxable","15":"shipping-taxable","16":"purchasable","17":"product-type-simple"},"bundled_by":[],"bundle_stock_status":"instock","bundle_stock_quantity":null,"bundle_virtual":false,"bundle_layout":"","bundle_add_to_cart_form_location":"","bundle_editable_in_cart":false,"bundle_sold_individually_context":"","bundle_item_grouping":"","bundle_min_size":"","bundle_max_size":"","bundle_price":[],"bundled_items":[],"bundle_sell_ids":[],"acf":[],"_links":{"self":[{"href":"https:\/\/new.bios-shop.eu\/es\/wp-json\/wp\/v2\/product\/356","targetHints":{"allow":["GET"]}}],"collection":[{"href":"https:\/\/new.bios-shop.eu\/es\/wp-json\/wp\/v2\/product"}],"about":[{"href":"https:\/\/new.bios-shop.eu\/es\/wp-json\/wp\/v2\/types\/product"}],"replies":[{"embeddable":true,"href":"https:\/\/new.bios-shop.eu\/es\/wp-json\/wp\/v2\/comments?post=356"}],"wp:featuredmedia":[{"embeddable":true,"href":"https:\/\/new.bios-shop.eu\/es\/wp-json\/wp\/v2\/media\/461"}],"wp:attachment":[{"href":"https:\/\/new.bios-shop.eu\/es\/wp-json\/wp\/v2\/media?parent=356"}],"wp:term":[{"taxonomy":"product_brand","embeddable":true,"href":"https:\/\/new.bios-shop.eu\/es\/wp-json\/wp\/v2\/product_brand?post=356"},{"taxonomy":"product_cat","embeddable":true,"href":"https:\/\/new.bios-shop.eu\/es\/wp-json\/wp\/v2\/product_cat?post=356"},{"taxonomy":"product_tag","embeddable":true,"href":"https:\/\/new.bios-shop.eu\/es\/wp-json\/wp\/v2\/product_tag?post=356"}],"curies":[{"name":"wp","href":"https:\/\/api.w.org\/{rel}","templated":true}]}}