
{"id":355,"date":"2019-02-28T19:08:30","date_gmt":"2019-02-28T18:08:30","guid":{"rendered":"https:\/\/www.bios-shop.eu\/product\/die-heilende-kraft-der-naturelemente\/"},"modified":"2025-12-22T16:01:05","modified_gmt":"2025-12-22T15:01:05","slug":"el-poder-curativo-de-los-elementos-naturales","status":"publish","type":"product","link":"https:\/\/new.bios-shop.eu\/es\/produkt\/die-heilende-kraft-der-naturelemente\/","title":{"rendered":"El poder curativo de los elementos naturales"},"content":{"rendered":"<p><span style=\"font-weight: 400;\"><\/span><\/p>\n<h2>Descripci\u00f3n<\/h2>\n<h3><strong>CD 3: El poder curativo de los elementos naturales<\/strong><\/h3>\n<p>Estas meditaciones guiadas acompa\u00f1an nuestra alma a la contemplaci\u00f3n y nos permiten volver a sentir las profundidades de nuestra alma. A trav\u00e9s de la experiencia del silencio, nos conducen a esas poderosas im\u00e1genes interiores del centro del coraz\u00f3n que acompa\u00f1an eficazmente nuestra curaci\u00f3n interior en el inconsciente. Estas meditaciones con im\u00e1genes arquet\u00edpicas y m\u00fasica especial nos permiten estar presentes, atentos y sanados en nuestro coraz\u00f3n. La inmersi\u00f3n en el silencio acompa\u00f1a al autoconocimiento, es pr\u00e1ctica y puede integrarse f\u00e1cilmente en la vida cotidiana.<\/p>\n<p>Todo el mundo siente el deseo de pasear por la naturaleza sin preocupaciones y disfrutar del efecto refrescante del paisaje con total seguridad. Sin embargo, esta necesidad est\u00e1 cada vez menos integrada en nuestra vida cotidiana. Este CD de meditaci\u00f3n ayuda a los oyentes a conectar con el poder de los elementos naturales y a recuperar el acceso a la energ\u00eda vital oculta en ellos.<\/p>\n<h2 style=\"padding-top:25px;\">Contenido<\/strong><\/h2>\n<p align=\"left\">1. enraizarse en la tierra (20 min.)<br \/>\n2. empezar de nuevo con la ligereza del viento (15 min.)<br \/>\n3. Sum\u00e9rjase en la vitalidad del agua (22 min.)<br \/>\n4. encender el poder del fuego interior (15 min.)<\/p>\n<p align=\"left\"><strong>Total: 72 minutos<\/strong><\/p>\n<p><strong>Folleto del CD:\u00a0<\/strong><a href=\"https:\/\/new.bios-shop.eu\/wp-content\/uploads\/CD-Booklet_Seelenreisen-CD-3.pdf\" target=\"_blank\" rel=\"noopener\">El poder curativo de los elementos naturales en PDF<\/a><\/p>","protected":false},"excerpt":{"rendered":"<p>Todo el mundo siente el anhelo de pasear despreocupadamente por la naturaleza y disfrutar del efecto refrescante del paisaje con total seguridad. Sin embargo, esta necesidad est\u00e1 cada vez menos integrada en la vida cotidiana personal. Este CD de meditaci\u00f3n ayuda al oyente a conectar con el poder de los elementos naturales y a encontrar de nuevo el acceso a la energ\u00eda vital oculta en ellos.<\/p>\n<p><strong>4 meditaciones guiadas, total: 72 min.<\/strong><\/p>\n<p>ISBN: 978-3-9503085-2-5<\/p>","protected":false},"featured_media":459,"comment_status":"open","ping_status":"closed","template":"","meta":{"_acf_changed":false,"bwfblock_default_font":""},"product_brand":[],"product_cat":[101],"product_tag":[95,337],"class_list":{"0":"post-355","1":"product","2":"type-product","3":"status-publish","4":"has-post-thumbnail","6":"product_cat-medien","7":"product_tag-schamanismus","8":"product_tag-meditation","9":"product_shipping_class-physical-products","11":"first","12":"instock","13":"taxable","14":"shipping-taxable","15":"purchasable","16":"product-type-simple"},"bundled_by":[],"bundle_stock_status":"instock","bundle_stock_quantity":null,"bundle_virtual":false,"bundle_layout":"","bundle_add_to_cart_form_location":"","bundle_editable_in_cart":false,"bundle_sold_individually_context":"","bundle_item_grouping":"","bundle_min_size":"","bundle_max_size":"","bundle_price":[],"bundled_items":[],"bundle_sell_ids":[],"acf":[],"_links":{"self":[{"href":"https:\/\/new.bios-shop.eu\/es\/wp-json\/wp\/v2\/product\/355","targetHints":{"allow":["GET"]}}],"collection":[{"href":"https:\/\/new.bios-shop.eu\/es\/wp-json\/wp\/v2\/product"}],"about":[{"href":"https:\/\/new.bios-shop.eu\/es\/wp-json\/wp\/v2\/types\/product"}],"replies":[{"embeddable":true,"href":"https:\/\/new.bios-shop.eu\/es\/wp-json\/wp\/v2\/comments?post=355"}],"wp:featuredmedia":[{"embeddable":true,"href":"https:\/\/new.bios-shop.eu\/es\/wp-json\/wp\/v2\/media\/459"}],"wp:attachment":[{"href":"https:\/\/new.bios-shop.eu\/es\/wp-json\/wp\/v2\/media?parent=355"}],"wp:term":[{"taxonomy":"product_brand","embeddable":true,"href":"https:\/\/new.bios-shop.eu\/es\/wp-json\/wp\/v2\/product_brand?post=355"},{"taxonomy":"product_cat","embeddable":true,"href":"https:\/\/new.bios-shop.eu\/es\/wp-json\/wp\/v2\/product_cat?post=355"},{"taxonomy":"product_tag","embeddable":true,"href":"https:\/\/new.bios-shop.eu\/es\/wp-json\/wp\/v2\/product_tag?post=355"}],"curies":[{"name":"wp","href":"https:\/\/api.w.org\/{rel}","templated":true}]}}