
{"id":14706,"date":"2024-09-07T15:52:10","date_gmt":"2024-09-07T14:52:10","guid":{"rendered":"https:\/\/www.bios-shop.eu\/?post_type=product&#038;p=14706"},"modified":"2025-12-22T15:35:46","modified_gmt":"2025-12-22T14:35:46","slug":"apoyo-energico-al-deseo-de-tener-hijos-2","status":"publish","type":"product","link":"https:\/\/new.bios-shop.eu\/es\/produkt\/wunder-der-weiblichkeit-entfalten\/","title":{"rendered":"Hacer realidad el milagro de la feminidad: \"Apoyar energ\u00e9ticamente a las mujeres y sus dolencias desde el ciclo menstrual hasta la menopausia\"."},"content":{"rendered":"<p class=\"tve-droppable\">Este seminario intensivo le ofrece la oportunidad de familiarizarse en profundidad con la\u00a0<strong>mental y f\u00edsico <\/strong><strong>El desarrollo de la mujer y la naturaleza simb\u00f3lica de lo femenino\u00a0<\/strong>que tratar.<\/p>\n<p class=\"tve-droppable\">Miraremos y aprenderemos a comprender la aventura de ser mujer desde diferentes \u00e1ngulos: El\u00a0<strong>Medicina tradicional china<\/strong>\u00a0y\u00a0<strong>Teor\u00eda india de los chakras<\/strong>que\u00a0<strong>Trabajo corporal energ\u00e9tico y craneosacral<\/strong>que\u00a0<strong>teor\u00eda del arquetipo femenino<\/strong>\u00a0y\u00a0<strong>Coaching orientado a la soluci\u00f3n<\/strong>\u00a0constituyen los pilares te\u00f3ricos de este programa de formaci\u00f3n. A partir de cada una de estas disciplinas y m\u00e9todos\u00a0<strong>Procedimientos, rituales y t\u00e9cnicas \u00fatiles y eficaces\u00a0<\/strong>presentado, que\u00a0<strong>Despertar la esencia femenina<\/strong>. Los contenidos de este seminario y programa de estudios le permitir\u00e1n acompa\u00f1ar a las mujeres de forma sensible y consciente en las distintas etapas de su desarrollo femenino.<\/p>\n<p class=\"tve-droppable\">M\u00e1s informaci\u00f3n sobre el seminario en: <a href=\"https:\/\/www.akademiebios.eu\/weiblichkeit-heilen-menstruation-wechseljahre\/\" target=\"_blank\" rel=\"noopener\">https:\/\/www.akademiebios.eu\/weiblichkeit-heilen-menstruation-wechseljahre\/<\/a><\/p>\n<h2><\/h2>\n<h2 class=\"tve-droppable\">Contenido<\/h2>\n<h3 class=\"\" data-css=\"tve-u-192f84047d7\"><strong>M\u00f3dulo 1: Nociones b\u00e1sicas sobre el cuerpo femenino<\/strong><\/h3>\n<p>Introducci\u00f3n a sentir y reconocer el propio cuerpo como base de la identidad femenina.<\/p>\n<ul class=\"\" type=\"disc\">\n<li>Introducci\u00f3n a la anatom\u00eda femenina y a la autoestima f\u00edsica<\/li>\n<li>Trabajo corporal energ\u00e9tico y t\u00e9cnicas de autotratamiento<\/li>\n<li>Meditaciones b\u00e1sicas para fortalecer la conciencia corporal<\/li>\n<\/ul>\n<p>&nbsp;<\/p>\n<h3 class=\"\"><strong>M\u00f3dulo 2: Ritual y meditaci\u00f3n para el cuerpo femenino<\/strong><\/h3>\n<p>Desarrolla una profunda conexi\u00f3n con tu propio cuerpo a trav\u00e9s de rituales y meditaci\u00f3n guiada.<\/p>\n<ul class=\"\" type=\"disc\">\n<li>Construir rituales para reforzar el poder femenino en el d\u00eda a d\u00eda<\/li>\n<li>T\u00e9cnicas de visualizaci\u00f3n para interiorizar la sensaci\u00f3n del cuerpo<\/li>\n<li>Ejercicios de relajaci\u00f3n y reducci\u00f3n del estr\u00e9s<\/li>\n<\/ul>\n<p>&nbsp;<\/p>\n<h3 class=\"\"><strong>M\u00f3dulo 3: Equilibrio energ\u00e9tico y ecualizaci\u00f3n de los chakras<\/strong><\/h3>\n<p>Comprender y aplicar conceptos energ\u00e9ticos para armonizar el cuerpo femenino.<\/p>\n<ul class=\"\" type=\"disc\">\n<li>T\u00e9cnicas para reconocer y disolver bloqueos energ\u00e9ticos<\/li>\n<li>Introducci\u00f3n a la teor\u00eda de los chakras y su importancia para la energ\u00eda femenina<\/li>\n<li>Uso de acupresi\u00f3n y esencias florales para autotratamiento<\/li>\n<\/ul>\n<p>&nbsp;<\/p>\n<h3 class=\"\"><strong>M\u00f3dulo 4: Psicosom\u00e1tica de los \u00f3rganos femeninos<\/strong><\/h3>\n<p>Comprender la conexi\u00f3n entre cuerpo y psique y fortalecer los \u00f3rganos en su totalidad.<\/p>\n<ul class=\"\" type=\"disc\">\n<li>Reconocer las conexiones psicosom\u00e1ticas entre los \u00f3rganos femeninos<\/li>\n<li>Ejercicios para fomentar una sensaci\u00f3n positiva en los \u00f3rganos<\/li>\n<li>M\u00e9todos para resolver los da\u00f1os emocionales<\/li>\n<\/ul>\n<p>&nbsp;<\/p>\n<h3 class=\"\"><strong>M\u00f3dulo 5: Simbolismo y met\u00e1fora de los \u00f3rganos sexuales femeninos<\/strong><\/h3>\n<p>Comprensi\u00f3n m\u00e1s profunda de los aspectos espirituales de los \u00f3rganos reproductores femeninos.<\/p>\n<ul class=\"\" type=\"disc\">\n<li>Interpretaci\u00f3n de los significados simb\u00f3licos de los \u00f3rganos sexuales<\/li>\n<li>Uso de rituales para el apoyo energ\u00e9tico de los \u00f3rganos sexuales<\/li>\n<li>Introducci\u00f3n a los conceptos de la MTC y su aplicaci\u00f3n a los \u00f3rganos femeninos<\/li>\n<\/ul>\n<p>&nbsp;<\/p>\n<h3 class=\"\"><strong>M\u00f3dulo 6: Fortalecimiento de los \u00f3rganos reproductores<\/strong><\/h3>\n<p>Activaci\u00f3n y fortalecimiento de los \u00f3rganos sexuales mediante ejercicios y t\u00e9cnicas espec\u00edficos.<\/p>\n<ul class=\"\" type=\"disc\">\n<li>Yoga y ejercicios tao\u00edstas especiales para mujeres<\/li>\n<li>Uso de mudras para energizar los \u00f3rganos sexuales<\/li>\n<li>T\u00e9cnicas de autotratamiento para la pr\u00e1ctica diaria<\/li>\n<\/ul>\n<h3 class=\"\"><strong>M\u00f3dulo 7: El ciclo menstrual como espejo del yo<\/strong><\/h3>\n<p>Explorar el ciclo menstrual como camino hacia el autoconocimiento y la armon\u00eda.<\/p>\n<ul class=\"\" type=\"disc\">\n<li>Comprender las distintas fases del ciclo y su significado<\/li>\n<li>Ejercicios para apoyar su propia fase del ciclo<\/li>\n<li>T\u00e9cnicas para aliviar las molestias<\/li>\n<\/ul>\n<p>&nbsp;<\/p>\n<h3 class=\"\"><strong>M\u00f3dulo\u00a0<\/strong>8:\u00a0<strong>La conciencia c\u00edclica y sus arquetipos<\/strong><\/h3>\n<ul class=\"\">\n<li>Arquetipos del ciclo femenino<br \/>\nExplorar el ciclo menstrual como fuente de fuerza y potencial creativo.<\/li>\n<li>Reconocer sus propios patrones c\u00edclicos y su influencia en la vida cotidiana.<\/li>\n<\/ul>\n<ul class=\"\" type=\"disc\">\n<li>Pr\u00e1cticas cham\u00e1nicas y energ\u00e9ticas para honrar el ciclo<\/li>\n<li>Trabajo ritual para celebrar y aceptar el ciclo<\/li>\n<\/ul>\n<h3 class=\"\"><strong><br \/>\nM\u00f3dulo 9: Pr\u00e1cticas curativas para el ciclo femenino<\/strong><\/h3>\n<p>Aplicaci\u00f3n de t\u00e9cnicas curativas especialmente desarrolladas para apoyar y armonizar el ciclo menstrual.<\/p>\n<ul class=\"\" type=\"disc\">\n<li>Integraci\u00f3n de ejercicios de relajaci\u00f3n en la vida cotidiana<\/li>\n<li>Profundizaci\u00f3n en los m\u00e9todos de curaci\u00f3n cham\u00e1nica para mujeres<\/li>\n<li>T\u00e9cnicas de autotratamiento espec\u00edficas para las distintas fases del ciclo<\/li>\n<\/ul>\n<p>&nbsp;<\/p>\n<h3 class=\"\"><strong>M\u00f3dulo 10: Visi\u00f3n hol\u00edstica de la energ\u00eda femenina<\/strong><\/h3>\n<p>Re\u00fane todos los elementos del seminario para promover un estilo de vida sano, lleno de energ\u00eda y armonioso.<\/p>\n<ul class=\"\" type=\"disc\">\n<li>Desarrollo de una visi\u00f3n hol\u00edstica de la salud femenina<\/li>\n<li>Creaci\u00f3n de un plan de bienestar personal teniendo en cuenta todas las t\u00e9cnicas aprendidas<\/li>\n<li>Meditaci\u00f3n final para integrar y consolidar el contenido del seminario<\/li>\n<\/ul>","protected":false},"excerpt":{"rendered":"<p class=\"tve-droppable\">En nuestro tiempo, es una prioridad absoluta volver a despertar y fortalecer el poder y la empat\u00eda femeninos y la fuerza elemental maternal.<\/p>\n<p class=\"tve-droppable\">Este seminario intensivo le ofrece la oportunidad de familiarizarse en profundidad con la\u00a0<strong>mental y f\u00edsico\u00a0<\/strong><strong>Desarrollo de la mujer\u00a0<\/strong>que tratar.<\/p>","protected":false},"featured_media":14707,"comment_status":"open","ping_status":"closed","template":"","meta":{"_acf_changed":false,"bwfblock_default_font":""},"product_brand":[],"product_cat":[102],"product_tag":[247],"class_list":{"0":"post-14706","1":"product","2":"type-product","3":"status-publish","4":"has-post-thumbnail","6":"product_cat-kurse","7":"product_tag-persoenlichkeitsentwicklung","9":"first","10":"instock","11":"virtual","12":"taxable","13":"purchasable","14":"product-type-simple"},"bundled_by":[],"bundle_stock_status":"instock","bundle_stock_quantity":null,"bundle_virtual":false,"bundle_layout":"","bundle_add_to_cart_form_location":"","bundle_editable_in_cart":false,"bundle_sold_individually_context":"","bundle_item_grouping":"","bundle_min_size":"","bundle_max_size":"","bundle_price":[],"bundled_items":[],"bundle_sell_ids":[],"acf":[],"_links":{"self":[{"href":"https:\/\/new.bios-shop.eu\/es\/wp-json\/wp\/v2\/product\/14706","targetHints":{"allow":["GET"]}}],"collection":[{"href":"https:\/\/new.bios-shop.eu\/es\/wp-json\/wp\/v2\/product"}],"about":[{"href":"https:\/\/new.bios-shop.eu\/es\/wp-json\/wp\/v2\/types\/product"}],"replies":[{"embeddable":true,"href":"https:\/\/new.bios-shop.eu\/es\/wp-json\/wp\/v2\/comments?post=14706"}],"wp:featuredmedia":[{"embeddable":true,"href":"https:\/\/new.bios-shop.eu\/es\/wp-json\/wp\/v2\/media\/14707"}],"wp:attachment":[{"href":"https:\/\/new.bios-shop.eu\/es\/wp-json\/wp\/v2\/media?parent=14706"}],"wp:term":[{"taxonomy":"product_brand","embeddable":true,"href":"https:\/\/new.bios-shop.eu\/es\/wp-json\/wp\/v2\/product_brand?post=14706"},{"taxonomy":"product_cat","embeddable":true,"href":"https:\/\/new.bios-shop.eu\/es\/wp-json\/wp\/v2\/product_cat?post=14706"},{"taxonomy":"product_tag","embeddable":true,"href":"https:\/\/new.bios-shop.eu\/es\/wp-json\/wp\/v2\/product_tag?post=14706"}],"curies":[{"name":"wp","href":"https:\/\/api.w.org\/{rel}","templated":true}]}}