
{"id":13413,"date":"2023-11-23T20:26:21","date_gmt":"2023-11-23T19:26:21","guid":{"rendered":"https:\/\/www.bios-shop.eu\/?post_type=product&#038;p=13413"},"modified":"2025-12-22T14:15:27","modified_gmt":"2025-12-22T13:15:27","slug":"taller-sanar-al-gemelo-perdido-un-camino-hacia-la-plenitud","status":"publish","type":"product","link":"https:\/\/new.bios-shop.eu\/es\/produkt\/seminar-heilung-des-verlorenen-zwillings-ein-weg-zur-ganzheit\/","title":{"rendered":"Sanar al gemelo perdido - Un camino hacia la plenitud"},"content":{"rendered":"<p>\u00bfSe siente a menudo incompleto o como si buscara algo en su vida que parece inencontrable?<\/p>\n<p>\u00bfHas tenido alguna vez la sensaci\u00f3n de que falta una conexi\u00f3n profunda o una parte de ti?<\/p>\n<p>\u00bfBusca respuestas a preguntas que yacen en lo m\u00e1s profundo de su pasado?<\/p>\n<p>&nbsp;<\/p>\n<p>Este seminario \u00fanico abre las puertas a una dimensi\u00f3n poco conocida pero fundamental de su ser: el mundo del gemelo perdido.<\/p>\n<p>Est\u00e1 dirigido a todos aquellos que buscan la plenitud y desean explorar los profundos efectos de las experiencias prenatales en sus vidas.<\/p>\n<p>&nbsp;<\/p>\n<p>En cuatro m\u00f3dulos, nos adentramos en la exploraci\u00f3n del gemelo perdido, aprendemos a reconocer los signos y s\u00edntomas y utilizamos las constelaciones sist\u00e9micas para iniciar procesos de curaci\u00f3n. Con cada paso del seminario, desarrollar\u00e1s una comprensi\u00f3n m\u00e1s profunda de los aspectos ocultos de tu personalidad y aprender\u00e1s habilidades pr\u00e1cticas para sanar heridas emocionales.<\/p>\n<p>No se requieren conocimientos previos, s\u00f3lo una mente abierta y la voluntad de embarcarse en un viaje transformador. Al final del seminario, recibir\u00e1 un certificado en el que se reconocer\u00e1n sus conocimientos y habilidades reci\u00e9n adquiridos.<\/p>\n<p><strong>\u00bfLe gustar\u00eda iniciar el viaje hacia un yo m\u00e1s completo? <\/strong><\/p>\n<p>Entonces este seminario es perfecto para usted.<\/p>\n<p><strong>Inscr\u00edbase ahora y descubra el poder curativo de la plenitud.<\/strong><\/p>\n<h2 style=\"padding-top: 25px;\">Contenido del seminario<\/h2>\n<p>M\u00f3dulo 1: Descubrimiento y comprensi\u00f3n<\/p>\n<p>M\u00f3dulo 2: Memoria corporal y huellas emocionales<\/p>\n<p>M\u00f3dulo 3: Enfoques sist\u00e9micos y trabajo de constelaci\u00f3n<\/p>\n<p>M\u00f3dulo 4: Integraci\u00f3n y transformaci\u00f3n<\/p>\n<p>&nbsp;<\/p>\n<h2>Conocimientos previos<\/h2>\n<p>No se requieren conocimientos previos espec\u00edficos; el seminario est\u00e1 abierto a terapeutas, m\u00e9dicos alternativos, psic\u00f3logos y cualquier persona interesada en el tema.<\/p>\n<p>&nbsp;<\/p>\n<h2>Confirmaci\u00f3n de participaci\u00f3n<\/h2>\n<p>Al finalizar el seminario, los participantes reciben un certificado de asistencia, que acredita los conocimientos y habilidades adquiridos en el \u00e1mbito de la curaci\u00f3n del gemelo perdido.<\/p>\n<p>Encontrar\u00e1 todos los detalles sobre el taller y las fechas actuales aqu\u00ed.<\/p>\n<p>Los participantes en el seminario aprender\u00e1n a reconocer y resolver traumas prenatales profundamente arraigados, lo que conducir\u00e1 a una mayor paz interior, al fortalecimiento de la confianza b\u00e1sica y a la mejora de las relaciones.<\/p>\n<h2 style=\"padding-top: 25px;\">Lo que aprender\u00e1 en este curso<\/h2>\n<ul>\n<li>Profundo conocimiento de la din\u00e1mica del gemelo perdido<\/li>\n<li>Habilidades para la identificaci\u00f3n y el tratamiento terap\u00e9utico del trauma prenatal<\/li>\n<li>M\u00e9todos de trabajo de constelaci\u00f3n para resolver el trauma de la p\u00e9rdida<\/li>\n<li>T\u00e9cnicas de autoayuda para la integraci\u00f3n emocional y f\u00edsica.<\/li>\n<\/ul>\n<p>&nbsp;<\/p>\n<h2>Entrenador<\/h2>\n<p>Dott.ssa. Mag. Dipl. P\u00e4d. Ernestina Mazza; autora, directora de seminarios, coach y asesora social y de vida.<\/p>\n<p>Llevo 20 a\u00f1os acompa\u00f1ando a personas en su camino en formaciones, seminarios y sesiones individuales. En mis libros y blogs comparto contigo mis conocimientos y mi gran experiencia.<\/p>\n<p>Quiero ayudarte a reconocer tu singularidad y a vivir tu potencial.<\/p>\n<p style=\"padding-top: 25px;\"><strong>Puede obtener m\u00e1s informaci\u00f3n sobre m\u00ed en:<\/strong><\/p>\n<p><a href=\"https:\/\/www.akademiebios.eu\/ernestina-mazza\/\" target=\"_blank\" rel=\"noopener\">https:\/\/www.akademiebios.eu\/ernestina-mazza\/<\/a><\/p>\n<p>&nbsp;<\/p>\n<p>&nbsp;<\/p>\n<p>&nbsp;<\/p>\n<p>&nbsp;<\/p>","protected":false},"excerpt":{"rendered":"<p>Este seminario est\u00e1 dirigido a todos aquellos que buscan la plenitud y desean explorar los profundos efectos de las experiencias prenatales en sus vidas.<\/p>","protected":false},"featured_media":13422,"comment_status":"open","ping_status":"closed","template":"","meta":{"_acf_changed":false,"bwfblock_default_font":""},"product_brand":[],"product_cat":[102],"product_tag":[247],"class_list":{"0":"post-13413","1":"product","2":"type-product","3":"status-publish","4":"has-post-thumbnail","6":"product_cat-kurse","7":"product_tag-persoenlichkeitsentwicklung","9":"first","10":"instock","11":"virtual","12":"taxable","13":"purchasable","14":"product-type-simple"},"bundled_by":[],"bundle_stock_status":"instock","bundle_stock_quantity":null,"bundle_virtual":false,"bundle_layout":"","bundle_add_to_cart_form_location":"","bundle_editable_in_cart":false,"bundle_sold_individually_context":"","bundle_item_grouping":"","bundle_min_size":"","bundle_max_size":"","bundle_price":[],"bundled_items":[],"bundle_sell_ids":[],"acf":[],"_links":{"self":[{"href":"https:\/\/new.bios-shop.eu\/es\/wp-json\/wp\/v2\/product\/13413","targetHints":{"allow":["GET"]}}],"collection":[{"href":"https:\/\/new.bios-shop.eu\/es\/wp-json\/wp\/v2\/product"}],"about":[{"href":"https:\/\/new.bios-shop.eu\/es\/wp-json\/wp\/v2\/types\/product"}],"replies":[{"embeddable":true,"href":"https:\/\/new.bios-shop.eu\/es\/wp-json\/wp\/v2\/comments?post=13413"}],"wp:featuredmedia":[{"embeddable":true,"href":"https:\/\/new.bios-shop.eu\/es\/wp-json\/wp\/v2\/media\/13422"}],"wp:attachment":[{"href":"https:\/\/new.bios-shop.eu\/es\/wp-json\/wp\/v2\/media?parent=13413"}],"wp:term":[{"taxonomy":"product_brand","embeddable":true,"href":"https:\/\/new.bios-shop.eu\/es\/wp-json\/wp\/v2\/product_brand?post=13413"},{"taxonomy":"product_cat","embeddable":true,"href":"https:\/\/new.bios-shop.eu\/es\/wp-json\/wp\/v2\/product_cat?post=13413"},{"taxonomy":"product_tag","embeddable":true,"href":"https:\/\/new.bios-shop.eu\/es\/wp-json\/wp\/v2\/product_tag?post=13413"}],"curies":[{"name":"wp","href":"https:\/\/api.w.org\/{rel}","templated":true}]}}