
{"id":11850,"date":"2022-12-18T17:34:14","date_gmt":"2022-12-18T16:34:14","guid":{"rendered":"https:\/\/www.bios-shop.eu\/?post_type=product&#038;p=11850"},"modified":"2025-12-22T15:28:01","modified_gmt":"2025-12-22T14:28:01","slug":"energia-y-nutricion","status":"publish","type":"product","link":"https:\/\/new.bios-shop.eu\/es\/produkt\/energetik-und-ernaehrung\/","title":{"rendered":"Energ\u00eda y nutrici\u00f3n"},"content":{"rendered":"<p>En este seminario exploraremos el significado psicol\u00f3gico y simb\u00f3lico de los alimentos m\u00e1s importantes y c\u00f3mo crear una dieta consciente mediante ejercicios de meditaci\u00f3n y atenci\u00f3n plena. En este seminario tambi\u00e9n aprender\u00e1s t\u00e9cnicas energ\u00e9ticas que te ayudar\u00e1n a dinamizar los alimentos que consumes.<\/p>\n<p>Tu preferencia por determinados alimentos revela mucho sobre tu car\u00e1cter, tus deseos, tus patrones de pensamiento, tus defectos e incluso tus talentos. Por lo tanto, un examen consciente y profundo de tu relaci\u00f3n con la comida desde una perspectiva simb\u00f3lica y energ\u00e9tica te ofrece la oportunidad de desarrollar tu intuici\u00f3n para tu forma personal e intuitiva de comer.<\/p>\n<h2 style=\"padding-top: 25px;\">Contenido del seminario<\/h2>\n<ul>\n<li>Significado simb\u00f3lico, metaf\u00f3rico y psicol\u00f3gico de los alimentos m\u00e1s importantes<\/li>\n<li>Ejercicios de atenci\u00f3n plena y meditaci\u00f3n, as\u00ed como rituales para acompa\u00f1ar las distintas comidas.<\/li>\n<li>Meditaciones guiadas y autotratamientos para estimular el metabolismo y reforzar la digesti\u00f3n<\/li>\n<li>T\u00e9cnicas energ\u00e9ticas para dinamizar la alimentaci\u00f3n<\/li>\n<li>Trabajo energ\u00e9tico, cham\u00e1nico y ritual para dinamizar los alimentos<\/li>\n<li>Conexiones entre cerebro, metabolismo y nutrici\u00f3n<\/li>\n<li>Im\u00e1genes interiores, autocuidado y ejercicios de atenci\u00f3n plena para encontrar el acceso a su propia forma intuitiva e individual de comer.<\/li>\n<\/ul>\n<p>Puede reservar este seminario como <strong>Formaci\u00f3n a distancia<\/strong>\u00a0y organizar de forma aut\u00f3noma la interiorizaci\u00f3n de los contenidos pr\u00e1cticos y te\u00f3ricos en funci\u00f3n de su ritmo de aprendizaje y de sus recursos de tiempo.<\/p>\n<p>Toda la informaci\u00f3n sobre este programa de ense\u00f1anza a distancia puede consultarse en: <a href=\"https:\/\/www.akademiebios.eu\/kurse\/fernstudium-energetik-ernaehrung\/\" target=\"_blank\" rel=\"noopener\">www.akademiebios.eu\/kurse\/fernstudium-energetik-ernaehrung\/<\/a><\/p>\n<p><strong>Orador:<\/strong> Dott.ssa. Ernestina Mazza<\/p>","protected":false},"excerpt":{"rendered":"<p>Aprenda t\u00e9cnicas energ\u00e9ticas para dinamizar su alimentaci\u00f3n. Adem\u00e1s, descubre c\u00f3mo dar forma a tu dieta consciente mediante meditaciones y ejercicios de atenci\u00f3n plena.<\/p>","protected":false},"featured_media":14408,"comment_status":"open","ping_status":"closed","template":"","meta":{"_acf_changed":false,"bwfblock_default_font":""},"product_brand":[],"product_cat":[102],"product_tag":[247],"class_list":{"0":"post-11850","1":"product","2":"type-product","3":"status-publish","4":"has-post-thumbnail","6":"product_cat-kurse","7":"product_tag-persoenlichkeitsentwicklung","9":"first","10":"instock","11":"virtual","12":"taxable","13":"purchasable","14":"product-type-simple"},"bundled_by":[],"bundle_stock_status":"instock","bundle_stock_quantity":null,"bundle_virtual":false,"bundle_layout":"","bundle_add_to_cart_form_location":"","bundle_editable_in_cart":false,"bundle_sold_individually_context":"","bundle_item_grouping":"","bundle_min_size":"","bundle_max_size":"","bundle_price":[],"bundled_items":[],"bundle_sell_ids":[],"acf":[],"_links":{"self":[{"href":"https:\/\/new.bios-shop.eu\/es\/wp-json\/wp\/v2\/product\/11850","targetHints":{"allow":["GET"]}}],"collection":[{"href":"https:\/\/new.bios-shop.eu\/es\/wp-json\/wp\/v2\/product"}],"about":[{"href":"https:\/\/new.bios-shop.eu\/es\/wp-json\/wp\/v2\/types\/product"}],"replies":[{"embeddable":true,"href":"https:\/\/new.bios-shop.eu\/es\/wp-json\/wp\/v2\/comments?post=11850"}],"wp:featuredmedia":[{"embeddable":true,"href":"https:\/\/new.bios-shop.eu\/es\/wp-json\/wp\/v2\/media\/14408"}],"wp:attachment":[{"href":"https:\/\/new.bios-shop.eu\/es\/wp-json\/wp\/v2\/media?parent=11850"}],"wp:term":[{"taxonomy":"product_brand","embeddable":true,"href":"https:\/\/new.bios-shop.eu\/es\/wp-json\/wp\/v2\/product_brand?post=11850"},{"taxonomy":"product_cat","embeddable":true,"href":"https:\/\/new.bios-shop.eu\/es\/wp-json\/wp\/v2\/product_cat?post=11850"},{"taxonomy":"product_tag","embeddable":true,"href":"https:\/\/new.bios-shop.eu\/es\/wp-json\/wp\/v2\/product_tag?post=11850"}],"curies":[{"name":"wp","href":"https:\/\/api.w.org\/{rel}","templated":true}]}}