
{"id":11563,"date":"2022-10-09T23:19:02","date_gmt":"2022-10-09T22:19:02","guid":{"rendered":"https:\/\/www.bios-shop.eu\/?post_type=product&#038;p=11563"},"modified":"2025-12-22T15:24:34","modified_gmt":"2025-12-22T14:24:34","slug":"de-la-vision-al-exito","status":"publish","type":"product","link":"https:\/\/new.bios-shop.eu\/es\/produkt\/vision-zum-erfolg\/","title":{"rendered":"De la visi\u00f3n al \u00e9xito: el camino hacia una realizaci\u00f3n significativa de su visi\u00f3n de la vida y de su carrera profesional."},"content":{"rendered":"<h2><strong>El camino hacia la claridad y la realizaci\u00f3n de su visi\u00f3n<\/strong><\/h2>\n<p>Los siguientes 8 pasos conforman el camino hacia la claridad y el dise\u00f1o y la realizaci\u00f3n significativos de su visi\u00f3n.<\/p>\n<h3><strong>Paso 1: Encontrar una visi\u00f3n<\/strong><\/h3>\n<ul>\n<li>Crear claridad para su visi\u00f3n de la vida personal y profesional<\/li>\n<li>Dar forma, im\u00e1genes y palabras a sus ideas, intenciones y planes de vida<\/li>\n<li>Responde a la pregunta: \u00bfPor qu\u00e9 quiero esto, qu\u00e9 quiero?<\/li>\n<\/ul>\n<h3><strong>Paso 2: Dise\u00f1o del tablero de visi\u00f3n<\/strong><\/h3>\n<ul>\n<li>Lluvia de ideas en el tablero de la visi\u00f3n<\/li>\n<li>Viaje interior mediador hacia su propia visi\u00f3n de la vida<\/li>\n<li>Variedad de m\u00e9todos (tablero de visi\u00f3n para clarificar objetivos, tablero de visi\u00f3n para visualizar objetivos).<\/li>\n<li>Selecci\u00f3n de materiales<\/li>\n<li>Dise\u00f1o intuitivo del tablero de visi\u00f3n<\/li>\n<li>Interpretaci\u00f3n de im\u00e1genes y textos para aclarar visiones y objetivos<\/li>\n<li>Dise\u00f1o consciente y espec\u00edfico del tablero de visi\u00f3n<\/li>\n<\/ul>\n<h3><strong>Paso 3: Eliminar los obst\u00e1culos en el camino hacia la visi\u00f3n<\/strong><\/h3>\n<ul>\n<li><span lang=\"DE\">S<\/span><span lang=\"DE\">entrenamiento de la autoestima<\/span><\/li>\n<li><span lang=\"DE\">Disolver los bloqueos que frenan el \u00e9xito profesional<\/span><\/li>\n<li><span lang=\"DE\">Clarificaci\u00f3n y realizaci\u00f3n gradual de la visi\u00f3n personal y profesional<\/span><\/li>\n<li><span lang=\"DE\">Entrenamiento mental: la resonancia adecuada para la prosperidad y el \u00e9xito<\/span><\/li>\n<\/ul>\n<h3><strong>Paso 4: Comprender al cliente y reconocer sus necesidades<\/strong><\/h3>\n<ul>\n<li><span lang=\"DE\">Formaci\u00f3n en empat\u00eda: aprender a empatizar con los clientes<\/span><\/li>\n<li>Reconocer su propia vocaci\u00f3n y centrarse en el grupo destinatario adecuado<\/li>\n<li>C\u00e9ntrate y cuenta tu propia historia<\/li>\n<\/ul>\n<h3><strong>Paso 5: Desarrollar el dinamismo y la asertividad<\/strong><\/h3>\n<ul>\n<li><span lang=\"DE\">Definici\u00f3n y consecuci\u00f3n de objetivos<\/span><\/li>\n<li><span lang=\"DE\">Encontrar soluciones \u00a0<\/span><\/li>\n<li><span lang=\"DE\">Tomar decisiones seguras y con visi\u00f3n de futuro\u00a0<\/span><\/li>\n<li><span lang=\"DE\">Mantener la visi\u00f3n y encontrar motivaci\u00f3n<\/span><\/li>\n<\/ul>\n<h3><strong>Paso 6: Comunicaci\u00f3n y desarrollo de redes<\/strong><\/h3>\n<ul>\n<li><span lang=\"DE\">Desarrollo de una declaraci\u00f3n de misi\u00f3n, una \"identidad corporativa\".<\/span><\/li>\n<li><span lang=\"DE\">Dise\u00f1o corporativo (dise\u00f1o de empresa)<\/span><\/li>\n<li><span lang=\"DE\">Desarrollar los grupos destinatarios<\/span><\/li>\n<li><span lang=\"DE\">Comunicaci\u00f3n centrada en el cliente<\/span><\/li>\n<li><span lang=\"DE\">Redacci\u00f3n, relaciones p\u00fablicas y publicidad en redes sociales<\/span><\/li>\n<\/ul>\n<h3><strong>Paso 7: Tu aparici\u00f3n como empresario independiente<\/strong><\/h3>\n<ul>\n<li><span lang=\"DE\">Estrategias de marketing<\/span><\/li>\n<li><span lang=\"DE\">Aumentar el nivel de concienciaci\u00f3n<\/span><\/li>\n<li>Reconocer los valores fundamentales de su trabajo<\/li>\n<li>Pedir el precio \"justo<\/li>\n<li>Posicionarse visiblemente en el mercado<\/li>\n<\/ul>\n<h3><strong>Paso 8: Planificar la aplicaci\u00f3n con serenidad<\/strong><\/h3>\n<ul>\n<li class=\"\">Asistencia para planificar con \u00e9xito la aplicaci\u00f3n paso a paso<\/li>\n<li class=\"\">Realizar su propia visi\u00f3n con flexibilidad y apertura al cambio<\/li>\n<li class=\"\">Reforzar la capacidad de diferenciaci\u00f3n<\/li>\n<li class=\"\">Mant\u00e9ngase en confianza<\/li>\n<li class=\"\">Conf\u00ede en su intuici\u00f3n<\/li>\n<\/ul>\n<h2 style=\"padding-top: 25px;\">Fechas<\/h2>\n<p>Toda la informaci\u00f3n sobre este programa de ense\u00f1anza a distancia puede consultarse en:<\/p>\n<p><a href=\"https:\/\/www.akademiebios.eu\/kurse\/workshop-von-der-vision-zum-erfolg-lebensvision-berufsvision\/\" target=\"_blank\" rel=\"noopener\">www.akademiebios.eu\/kurse\/workshop-von-der-vision-zum-erfolg-lebensvision-berufsvision\/<\/a><\/p>\n<h2 style=\"padding-top: 25px;\">Ubicaci\u00f3n<\/h2>\n<p>en l\u00ednea a trav\u00e9s de una reuni\u00f3n en directo con Zoom<\/p>\n<h2 style=\"padding-top: 25px;\">Precio<\/h2>\n<p><strong>para las 2 fechas:<\/strong> 270 euros (tambi\u00e9n se puede pagar en 3 plazos de 90 euros al mes)<\/p>\n<h2 style=\"padding-top: 25px;\">Documentos<\/h2>\n<ul dir=\"ltr\">\n<li>Las conferencias y sesiones de formaci\u00f3n se grabar\u00e1n y podr\u00e1n verse posteriormente.<\/li>\n<li>Guiones detallados con listas de control, cuestionarios y hojas de ejercicios<\/li>\n<li>Viajes de meditaci\u00f3n interior para reforzar la claridad, la motivaci\u00f3n y el poder de realizaci\u00f3n<\/li>\n<\/ul>\n<h2 style=\"padding-top: 25px;\">Altavoz<\/h2>\n<p>Dott.ssa. Ernestina Mazza<\/p>","protected":false},"excerpt":{"rendered":"<p>En 8 pasos por el camino de la claridad hacia la creaci\u00f3n significativa y la realizaci\u00f3n de tu visi\u00f3n.<\/p>","protected":false},"featured_media":11568,"comment_status":"open","ping_status":"closed","template":"","meta":{"_acf_changed":false,"bwfblock_default_font":""},"product_brand":[],"product_cat":[102],"product_tag":[247,333],"class_list":{"0":"post-11563","1":"product","2":"type-product","3":"status-publish","4":"has-post-thumbnail","6":"product_cat-kurse","7":"product_tag-persoenlichkeitsentwicklung","8":"product_tag-hochsensibilitaet","10":"first","11":"instock","12":"virtual","13":"taxable","14":"purchasable","15":"product-type-simple"},"bundled_by":[],"bundle_stock_status":"instock","bundle_stock_quantity":null,"bundle_virtual":false,"bundle_layout":"","bundle_add_to_cart_form_location":"","bundle_editable_in_cart":false,"bundle_sold_individually_context":"","bundle_item_grouping":"","bundle_min_size":"","bundle_max_size":"","bundle_price":[],"bundled_items":[],"bundle_sell_ids":[],"acf":[],"_links":{"self":[{"href":"https:\/\/new.bios-shop.eu\/es\/wp-json\/wp\/v2\/product\/11563","targetHints":{"allow":["GET"]}}],"collection":[{"href":"https:\/\/new.bios-shop.eu\/es\/wp-json\/wp\/v2\/product"}],"about":[{"href":"https:\/\/new.bios-shop.eu\/es\/wp-json\/wp\/v2\/types\/product"}],"replies":[{"embeddable":true,"href":"https:\/\/new.bios-shop.eu\/es\/wp-json\/wp\/v2\/comments?post=11563"}],"wp:featuredmedia":[{"embeddable":true,"href":"https:\/\/new.bios-shop.eu\/es\/wp-json\/wp\/v2\/media\/11568"}],"wp:attachment":[{"href":"https:\/\/new.bios-shop.eu\/es\/wp-json\/wp\/v2\/media?parent=11563"}],"wp:term":[{"taxonomy":"product_brand","embeddable":true,"href":"https:\/\/new.bios-shop.eu\/es\/wp-json\/wp\/v2\/product_brand?post=11563"},{"taxonomy":"product_cat","embeddable":true,"href":"https:\/\/new.bios-shop.eu\/es\/wp-json\/wp\/v2\/product_cat?post=11563"},{"taxonomy":"product_tag","embeddable":true,"href":"https:\/\/new.bios-shop.eu\/es\/wp-json\/wp\/v2\/product_tag?post=11563"}],"curies":[{"name":"wp","href":"https:\/\/api.w.org\/{rel}","templated":true}]}}