
{"id":11468,"date":"2022-10-01T14:56:34","date_gmt":"2022-10-01T13:56:34","guid":{"rendered":"https:\/\/www.bios-shop.eu\/?post_type=product&#038;p=11468"},"modified":"2025-12-22T15:18:59","modified_gmt":"2025-12-22T14:18:59","slug":"alta-sensibilidad-adultos-adolescentes-ninos-2","status":"publish","type":"product","link":"https:\/\/new.bios-shop.eu\/es\/produkt\/hochsensibilitaet-erwachsene-jugendliche-kinder\/","title":{"rendered":"Alta sensibilidad de adultos, j\u00f3venes y ni\u00f1os"},"content":{"rendered":"<h2><strong>Contenido y objetivos del seminario<\/strong><\/h2>\n<ul>\n<li>Alta sensibilidad desde una perspectiva psicol\u00f3gica y de desarrollo personal<\/li>\n<li>Alta sensibilidad desde una perspectiva energ\u00e9tica (ense\u00f1anzas sobre los chakras y el aura)<\/li>\n<li>Alta sensibilidad desde la perspectiva de la medicina tradicional china<\/li>\n<li>Alta sensibilidad desde la perspectiva de la visi\u00f3n cham\u00e1nica del mundo y de las personas<\/li>\n<li>La alta sensibilidad como poderoso rasgo de personalidad y talento personal<\/li>\n<li>Activar los recursos internos para afrontar de forma constructiva la alta sensibilidad<\/li>\n<li>Comprensi\u00f3n y apoyo respetuoso a ni\u00f1os y j\u00f3venes muy sensibles<\/li>\n<li>Demarcaci\u00f3n consciente y empoderamiento personal para personas altamente sensibles: Ejercicios, rituales, tratamientos energ\u00e9ticos y ejercicios de visualizaci\u00f3n.<\/li>\n<li>Utilizar y vivir la alta sensibilidad como un poderoso recurso en la vida cotidiana<\/li>\n<li>Hacer las paces con su propia alta sensibilidad<\/li>\n<li>Apoyo energ\u00e9tico para personas muy sensibles<\/li>\n<\/ul>\n<p>Puede reservar este seminario como <strong>Formaci\u00f3n a distancia<\/strong>\u00a0y organizar de forma aut\u00f3noma la interiorizaci\u00f3n de los contenidos pr\u00e1cticos y te\u00f3ricos en funci\u00f3n de su ritmo de aprendizaje y de sus recursos de tiempo.<\/p>\n<p>Toda la informaci\u00f3n sobre este programa de ense\u00f1anza a distancia puede consultarse en: <a href=\"https:\/\/www.akademiebios.eu\/veranstaltungen\/seminar-hochsensibilitaet\/\" target=\"_blank\" rel=\"noopener\">www.akademiebios.eu\/veranstaltungen\/seminar-hochsensibilitaet\/<\/a><\/p>\n<h2 style=\"padding-top: 25px;\">Fecha<\/h2>\n<p><strong>Formaci\u00f3n a distancia - en l\u00ednea en cualquier momento - con grabaciones de v\u00eddeo, grabaciones de audio y gui\u00f3n<\/strong><\/p>\n<p><strong>Altavoz<\/strong>Dott.ssa. Ernestina Mazza<\/p>","protected":false},"excerpt":{"rendered":"<p>Aprenda opciones de apoyo ritual, cham\u00e1nico, energ\u00e9tico y de MTC, as\u00ed como formas de tratamiento para acompa\u00f1arse profesionalmente a s\u00ed mismo y a otras personas altamente sensibles a las que les resulta dif\u00edcil encontrar su camino y soportar las cargas de su entorno.<\/p>","protected":false},"featured_media":11523,"comment_status":"open","ping_status":"closed","template":"","meta":{"_acf_changed":false,"bwfblock_default_font":""},"product_brand":[],"product_cat":[102],"product_tag":[333],"class_list":{"0":"post-11468","1":"product","2":"type-product","3":"status-publish","4":"has-post-thumbnail","6":"product_cat-kurse","7":"product_tag-hochsensibilitaet","9":"first","10":"instock","11":"virtual","12":"taxable","13":"purchasable","14":"product-type-simple"},"bundled_by":[],"bundle_stock_status":"instock","bundle_stock_quantity":null,"bundle_virtual":false,"bundle_layout":"","bundle_add_to_cart_form_location":"","bundle_editable_in_cart":false,"bundle_sold_individually_context":"","bundle_item_grouping":"","bundle_min_size":"","bundle_max_size":"","bundle_price":[],"bundled_items":[],"bundle_sell_ids":[],"acf":[],"_links":{"self":[{"href":"https:\/\/new.bios-shop.eu\/es\/wp-json\/wp\/v2\/product\/11468","targetHints":{"allow":["GET"]}}],"collection":[{"href":"https:\/\/new.bios-shop.eu\/es\/wp-json\/wp\/v2\/product"}],"about":[{"href":"https:\/\/new.bios-shop.eu\/es\/wp-json\/wp\/v2\/types\/product"}],"replies":[{"embeddable":true,"href":"https:\/\/new.bios-shop.eu\/es\/wp-json\/wp\/v2\/comments?post=11468"}],"wp:featuredmedia":[{"embeddable":true,"href":"https:\/\/new.bios-shop.eu\/es\/wp-json\/wp\/v2\/media\/11523"}],"wp:attachment":[{"href":"https:\/\/new.bios-shop.eu\/es\/wp-json\/wp\/v2\/media?parent=11468"}],"wp:term":[{"taxonomy":"product_brand","embeddable":true,"href":"https:\/\/new.bios-shop.eu\/es\/wp-json\/wp\/v2\/product_brand?post=11468"},{"taxonomy":"product_cat","embeddable":true,"href":"https:\/\/new.bios-shop.eu\/es\/wp-json\/wp\/v2\/product_cat?post=11468"},{"taxonomy":"product_tag","embeddable":true,"href":"https:\/\/new.bios-shop.eu\/es\/wp-json\/wp\/v2\/product_tag?post=11468"}],"curies":[{"name":"wp","href":"https:\/\/api.w.org\/{rel}","templated":true}]}}