
{"id":318,"date":"2018-11-15T12:48:15","date_gmt":"2018-11-15T12:48:15","guid":{"rendered":"https:\/\/www.bios-shop.eu\/widerrufsbelehrung\/"},"modified":"2020-07-06T16:11:03","modified_gmt":"2020-07-06T15:11:03","slug":"revocacion","status":"publish","type":"page","link":"https:\/\/new.bios-shop.eu\/es\/widerruf\/","title":{"rendered":"Revocaci\u00f3n"},"content":{"rendered":"<p>Los consumidores tienen derecho de desistimiento con arreglo a las siguientes disposiciones, en virtud de las cuales se considera consumidor a toda persona f\u00edsica que celebre un negocio jur\u00eddico con fines que no puedan atribuirse predominantemente ni a su actividad comercial ni a su actividad profesional independiente:<br><\/p>\n\n\n\n<h2 class=\"wp-block-heading\">A. Pol\u00edtica de cancelaci\u00f3n para los consumidores<\/h2>\n\n\n\n<h3 class=\"wp-block-heading\">Derecho de retractaci\u00f3n<\/h3>\n\n\n\n<p>Estas disposiciones se aplican exclusivamente a los clientes que sean consumidores en el sentido de la KSchG.<\/p>\n\n\n\n<p><strong>Concedemos a todos nuestros clientes de Austria, Alemania, Suiza, Italia, Francia, B\u00e9lgica, Liechtenstein y Luxemburgo&nbsp;<\/strong><strong>derecho a rescindir el presente contrato&nbsp;<\/strong><strong>en un plazo de catorce d\u00edas sin indicar los motivos (derecho legal de devoluci\u00f3n).<\/strong><\/p>\n\n\n\n<p>El plazo de desistimiento es de catorce d\u00edas a partir del d\u00eda en que usted o un tercero designado por usted, que no sea el transportista, haya tomado o haya tomado posesi\u00f3n de la \u00faltima mercanc\u00eda.<\/p>\n\n\n\n<p>Para ejercer su derecho de desistimiento, deber\u00e1 informarnos (akademie bios - Dr. Ernestina Mazza OG, Bergmanngasse 46\/1\/2, 8010 Graz, Austria, Tel.: +43 699 1 777 9 111, e-mail: info@akademiebios.eu) mediante una declaraci\u00f3n clara (por ejemplo, una carta o un e-mail enviado por correo postal) de su decisi\u00f3n de desistir del presente contrato. Para ello, puede utilizar el modelo de formulario de desistimiento adjunto, que, no obstante, no es obligatorio.<\/p>\n\n\n\n<p>Para cumplir el plazo de cancelaci\u00f3n, basta con que env\u00ede la notificaci\u00f3n del ejercicio del derecho de cancelaci\u00f3n antes de que finalice el plazo de cancelaci\u00f3n.<\/p>\n\n\n\n<h3 class=\"wp-block-heading\">Consecuencias de la revocaci\u00f3n<\/h3>\n\n\n\n<p>Si rescinde el presente contrato, deberemos reembolsarle todos los pagos que hayamos recibido de usted, incluidos los gastos de entrega (a excepci\u00f3n de los gastos adicionales resultantes del hecho de que usted haya elegido un tipo de entrega distinto de la entrega est\u00e1ndar m\u00e1s barata ofrecida por nosotros), sin demora y a m\u00e1s tardar en un plazo de catorce d\u00edas a partir del d\u00eda en que hayamos recibido la notificaci\u00f3n de su rescisi\u00f3n del presente contrato. Para este reembolso, utilizaremos el mismo medio de pago que usted utiliz\u00f3 para la transacci\u00f3n original, a menos que se acuerde expresamente otra cosa con usted; en ning\u00fan caso se le cobrar\u00e1 por este reembolso. Podremos denegar el reembolso hasta que hayamos recibido los bienes o hasta que usted haya presentado una prueba de que ha devuelto los bienes, seg\u00fan qu\u00e9 condici\u00f3n se cumpla primero.<\/p>\n\n\n\n<p>Deber\u00e1 devolvernos o entregarnos la mercanc\u00eda a nosotros o a Artha Verlagsauslieferung, Gr\u00fcntenseestr. 42, 87466, Oy-Mittelberg \/ Haslach, Alemania, sin demora y, en cualquier caso, a m\u00e1s tardar catorce d\u00edas a partir del d\u00eda en que nos notifique la revocaci\u00f3n del presente contrato. El plazo se cumple si env\u00eda la mercanc\u00eda antes de que finalice el plazo de catorce d\u00edas.<\/p>\n\n\n\n<p><strong>Usted deber\u00e1 correr con los gastos ordinarios del env\u00edo de devoluci\u00f3n si la mercanc\u00eda entregada se corresponde con la pedida, la mercanc\u00eda se entreg\u00f3 en perfecto estado y si el precio del art\u00edculo a devolver no supera un importe de 40 euros.<\/strong>&nbsp;De lo contrario, la devoluci\u00f3n ser\u00e1 gratuita para usted. En este caso, p\u00f3ngase en contacto con nosotros.<\/p>\n\n\n\n<p>Las obligaciones de reembolso de pagos deben cumplirse en un plazo de 30 d\u00edas. El plazo comienza para usted con el env\u00edo de su notificaci\u00f3n de cancelaci\u00f3n o del art\u00edculo, para nosotros con su recepci\u00f3n.<\/p>\n\n\n\n<p>S\u00f3lo tiene que pagar la p\u00e9rdida de valor de los bienes si dicha p\u00e9rdida de valor se debe a una manipulaci\u00f3n de los bienes que no sea necesaria para comprobar la calidad, las caracter\u00edsticas y el funcionamiento de los bienes.<\/p>\n\n\n\n<h3 class=\"wp-block-heading\">Exclusi\u00f3n o expiraci\u00f3n prematura del derecho de desistimiento<\/h3>\n\n\n\n<p>No existe derecho de desistimiento o cancelaci\u00f3n en el sentido de la KSchG en el caso de peri\u00f3dicos, diarios y revistas y, en particular, en el caso de contratos para la entrega de grabaciones de audio o v\u00eddeo en un paquete precintado si el precinto se ha retirado despu\u00e9s de la entrega.<\/p>\n\n\n\n<p><strong>No tiene derecho de desistimiento al inscribirse en seminarios, conferencias y cursos.&nbsp;<\/strong>Si desea anular inscripciones vinculantes a formaciones o cursos, tenga en cuenta nuestras condiciones de anulaci\u00f3n para formaciones, seminarios, supervisi\u00f3n y acompa\u00f1amiento individual en el&nbsp;<a href=\"https:\/\/new.bios-shop.eu\/es\/agb\/\">AGB<\/a>.<\/p>\n\n\n\n<p><strong>El derecho de desistimiento expira anticipadamente en los contratos de suministro de contenidos digitales<\/strong>si hemos iniciado la ejecuci\u00f3n del contrato despu\u00e9s de que usted haya aceptado expresamente que iniciemos la ejecuci\u00f3n del contrato antes de que expire el plazo de desistimiento y nos ha confirmado que pierde su derecho de desistimiento con su consentimiento con el inicio de la ejecuci\u00f3n del contrato. <\/p>\n\n\n\n<h3 class=\"wp-block-heading\">Notas generales<\/h3>\n\n\n\n<p>1)&nbsp;<strong>Evite da\u00f1ar y contaminar la mercanc\u00eda.&nbsp;<\/strong>Devu\u00e9lvanos la mercanc\u00eda en el embalaje original con todos los accesorios y con todos los componentes del embalaje. Si es necesario, utilice un embalaje exterior protector. Si ya no dispone del embalaje original, utilice un embalaje adecuado que garantice una protecci\u00f3n suficiente contra da\u00f1os durante el transporte.<br>2)&nbsp;<strong>No nos devuelva la mercanc\u00eda a portes debidos.<\/strong>&nbsp;Si desea que le reembolsemos los gastos de env\u00edo, lo cual s\u00f3lo es posible si el valor de la mercanc\u00eda supera los 40 euros o si la mercanc\u00eda es defectuosa, h\u00e1ganoslo saber y facil\u00edtenos sus datos bancarios. Entonces le transferiremos los gastos de env\u00edo habituales.<br>3) Tenga en cuenta que los puntos 1-2 antes mencionados no son un requisito previo para el ejercicio efectivo del derecho de desistimiento.<br><br><\/p>\n\n\n\n<h2 class=\"wp-block-heading\">B. Formulario de desistimiento<\/h2>\n\n\n\n<p>Si desea rescindir el contrato, copie el texto que figura a continuaci\u00f3n en un correo electr\u00f3nico, rellene los campos vac\u00edos, env\u00edenos este correo y devu\u00e9lvanos la mercanc\u00eda a portes pagados:<\/p>\n\n\n\n<p>A<\/p>\n\n\n\n<p>akademie bios - Dra. Ernestina Mazza OG<br>Bergmanngasse 46\/1\/2<br>8010 Graz<br>Austria<br>Correo electr\u00f3nico: info@akademiebios.eu<\/p>\n\n\n\n<p>Yo\/nosotros (*) revoco\/revocamos por la presente el contrato celebrado por m\u00ed\/nosotros (*) para la compra de los siguientes bienes (*)\/la prestaci\u00f3n del siguiente servicio (*)<\/p>\n\n\n\n<p>_______________________________________________________<\/p>\n\n\n\n<p>_______________________________________________________<\/p>\n\n\n\n<p>Pedido el (*) ____________ \/ recibido el (*) __________________<\/p>\n\n\n\n<p>________________________________________________________<br>Nombre del consumidor o consumidores<\/p>\n\n\n\n<p>________________________________________________________<br>Direcci\u00f3n del consumidor o consumidores<\/p>\n\n\n\n<p>________________________________________________________<br>Firma del consumidor o consumidores (s\u00f3lo en caso de notificaci\u00f3n en papel)<\/p>\n\n\n\n<p>_________________________<br>Fecha<\/p>\n\n\n\n<p>(*) T\u00e1chese lo que no proceda<\/p>","protected":false},"excerpt":{"rendered":"<p>Verbrauchern steht ein Widerrufsrecht nach folgender Ma\u00dfgabe zu, wobei Verbraucher jede nat\u00fcrliche Person ist, die ein Rechtsgesch\u00e4ft zu Zwecken abschlie\u00dft, die \u00fcberwiegend weder ihrer gewerblichen noch ihrer selbst\u00e4ndigen beruflichen T\u00e4tigkeit zugerechnet werden k\u00f6nnen: A. Widerrufsbelehrung f\u00fcr Verbraucher Widerrufsrecht Diese Bestimmungen gelten ausschlie\u00dflich f\u00fcr Kunden, die Verbraucher im Sinne des KSchG sind. Wir gew\u00e4hren allen unseren [&#8230;]\n","protected":false},"author":1,"featured_media":0,"parent":0,"menu_order":0,"comment_status":"closed","ping_status":"closed","template":"","meta":{"_acf_changed":false,"bwfblock_default_font":"","footnotes":""},"class_list":["post-318","page","type-page","status-publish","hentry"],"acf":[],"_links":{"self":[{"href":"https:\/\/new.bios-shop.eu\/es\/wp-json\/wp\/v2\/pages\/318","targetHints":{"allow":["GET"]}}],"collection":[{"href":"https:\/\/new.bios-shop.eu\/es\/wp-json\/wp\/v2\/pages"}],"about":[{"href":"https:\/\/new.bios-shop.eu\/es\/wp-json\/wp\/v2\/types\/page"}],"author":[{"embeddable":true,"href":"https:\/\/new.bios-shop.eu\/es\/wp-json\/wp\/v2\/users\/1"}],"replies":[{"embeddable":true,"href":"https:\/\/new.bios-shop.eu\/es\/wp-json\/wp\/v2\/comments?post=318"}],"version-history":[{"count":0,"href":"https:\/\/new.bios-shop.eu\/es\/wp-json\/wp\/v2\/pages\/318\/revisions"}],"wp:attachment":[{"href":"https:\/\/new.bios-shop.eu\/es\/wp-json\/wp\/v2\/media?parent=318"}],"curies":[{"name":"wp","href":"https:\/\/api.w.org\/{rel}","templated":true}]}}