
{"id":316,"date":"2018-11-15T12:48:15","date_gmt":"2018-11-15T12:48:15","guid":{"rendered":"https:\/\/www.bios-shop.eu\/impressum\/"},"modified":"2025-10-02T09:45:00","modified_gmt":"2025-10-02T08:45:00","slug":"imprimir","status":"publish","type":"page","link":"https:\/\/new.bios-shop.eu\/es\/impressum\/","title":{"rendered":"Aviso legal"},"content":{"rendered":"<div class=\"woocommerce woocommerce-gzd woocommerce-gzd-complaints-shortcode\">\n\t\t\t<h3>Informaci\u00f3n con arreglo al art\u00edculo 19, apartado 3, de la AStG<\/h3>\n\t\t<p>Ley de resoluci\u00f3n alternativa de litigios - Tiendas en l\u00ednea<\/p>\n\t\nNo estamos obligados ni dispuestos a participar en un procedimiento de resoluci\u00f3n de litigios ante una junta arbitral de consumo.<\/div>\n\n\n\n<p>Deber de informaci\u00f3n seg\u00fan el art\u00edculo 5 de la Ley de Comercio Electr\u00f3nico, el art\u00edculo 14 del C\u00f3digo de Sociedades, el art\u00edculo 63 de la Ley de Regulaci\u00f3n del Comercio y deber de divulgaci\u00f3n seg\u00fan el art\u00edculo 25 de la Ley de Medios de Comunicaci\u00f3n:<\/p>\n\n\n\n<p><strong>akademie bios - Dra. Ernestina Mazza OG<\/strong><br>tambi\u00e9n conocido bajo la marca&nbsp;<strong>academia bios<\/strong><br>Bergmanngasse 46\/1\/2<br>8010 Graz<br>Austria<br><br>M\u00f3vil: +43 (0) 699 \/ 11 22 54 16<br>Correo electr\u00f3nico:&nbsp;<a href=\"mailto:info@akademiebios.eu\" target=\"_blank\" rel=\"noreferrer noopener\">info@akademiebios.eu<\/a><br>Web:<a href=\"https:\/\/www.akademiebios.eu\/\" target=\"_blank\" rel=\"noopener\">&nbsp;www.akademiebios.eu<\/a><\/p>\n\n\n\n<p><br><strong>UID:\u00a0<\/strong>\u00a0ATU 6849 4523\u00a0<br><strong>Jurisdicci\u00f3n:<\/strong>\u00a0Graz-West<br><strong>N\u00famero de registro mercantil:<\/strong>\u00a0\u00a0FN 409990 b\u00a0<br><strong>Autoridad de control:<\/strong>\u00a0\u00a0LG para Asuntos Civiles Graz<br><strong>C\u00e1mara de Comercio:<\/strong>\u00a0 WKO Steiermark &gt; Humanenergetik, editorial de libros y medios de comunicaci\u00f3n<br><strong>Autoridad seg\u00fan ECG:<\/strong> Ayuntamiento de la ciudad de Graz<br><strong>Objeto de la empresa:<\/strong>\u00a0 Formaci\u00f3n y perfeccionamiento \/ educaci\u00f3n de adultos en promoci\u00f3n de la salud, MTC energ\u00e9tica, trabajo corporal, ense\u00f1anzas arquet\u00edpicas, psicolog\u00eda, entrenamiento mental, numerolog\u00eda, etc., actividades editoriales con libros y productos medi\u00e1ticos.<\/p>\n\n\n\n<p><strong>Accionistas autorizados a representar a la empresa:<\/strong>\u00a0Mag. (FH) Clemens Mazza, Dott.ssa. Mag. Dipl. P\u00e4d. Ernestina Mazza<br><strong>Gesti\u00f3n:<\/strong>\u00a0Mag. (FH) Clemens Mazza<br><strong>Direcci\u00f3n pedag\u00f3gica de la academia:<\/strong>\u00a0Dott.ssa. Mag. Dipl. P\u00e4d. Ernestina <br><br><strong>Responsable del contenido editorial del blog:<\/strong><br>Dott.ssa. Mag. Dipl. P\u00e4d. Ernestina, Bergmanngasse 46\/1\/2, 8010 Graz, Austria<\/p>\n\n\n\n<p><br><strong>Datos bancarios Academia:<\/strong><br>Steierm\u00e4rkische Sparkasse<br>IBAN: AT25 2081 5000 4001 9655<br>BIC: STSPAT2GXXX<\/p>\n\n\n\n<p><br><strong>bios<sup>\u00ae<\/sup>&nbsp;editor<\/strong><br>una marca de la&nbsp;<strong>&nbsp;akademie bios - Dra. Ernestina Mazza OG<\/strong><br>VKNR: 120313, GLN: 9007981203131<\/p>\n\n\n\n<p>Bergmanngasse 46\/1\/2<br>8010 Graz<br>Austria<br><br>M\u00f3vil: +43 (0) 699 \/ 1 777 9 111<br>Correo electr\u00f3nico:&nbsp;<a rel=\"noreferrer noopener\" href=\"mailto:verlag@akademiebios.eu\" target=\"_blank\">info@bios-shop.eu<\/a><br>Web:&nbsp;<a rel=\"noreferrer noopener\" href=\"https:\/\/www.akademiebios.eu\/buchbestellung\/\" target=\"_blank\">www.bios-shop.eu<\/a><\/p>\n\n\n\n<p><\/p>\n\n\n\n<p><strong>Datos bancarios del editor para clientes de Austria y Suiza:<\/strong><br>Steierm\u00e4rkische Sparkasse<br>IBAN: AT90 2081 5000 0696 6220<br>BIC: STSPAT2GXXX<br><br><strong>Datos bancarios del editor para clientes de Alemania:<\/strong><br>Steierm\u00e4rkische Sparkasse<br>IBAN: AT76 2081 5000 4002 8243<br>BIC: STSPAT2GXXX<br><br><\/p>\n\n\n\n<figure class=\"wp-block-image\"><a href=\"https:\/\/www.fairness-im-handel.de\/\" target=\"_blank\" rel=\"noreferrer noopener\"><img decoding=\"async\" src=\"https:\/\/www.akademiebios.eu\/wp-content\/uploads\/2018\/04\/logo-fairness.png\" alt=\"Iniciativa: Comercio justo\" title=\"\"><\/a><\/figure>\n\n\n\n<p>Miembro de la iniciativa \"Comercio justo\".<br>Informaci\u00f3n sobre la iniciativa:&nbsp;<a rel=\"noreferrer noopener\" href=\"https:\/\/www.fairness-im-handel.de\/\" target=\"_blank\">https:\/\/www.fairness-im-handel.de<\/a><\/p>\n\n\n\n<p><\/p>\n\n\n\n<h2 class=\"wp-block-heading\"><strong>Concepto y dise\u00f1o del sitio web<\/strong><\/h2>\n\n\n\n<p>Mag. (FH) Clemens Mazza, Dise\u00f1ador de medios de comunicaci\u00f3n<br><br><\/p>\n\n\n\n<h2 class=\"wp-block-heading\"><strong>Fuentes de im\u00e1genes<\/strong><\/h2>\n\n\n\n<p>Todas las fotos - excepto la de la Dra. Ernestina Mazza - proceden de la base de datos de im\u00e1genes www.fotolia.com y su fuente se indica en la p\u00e1gina correspondiente debajo de la imagen. Si no se indica la fuente, la imagen correspondiente es de dominio p\u00fablico.<\/p>\n\n\n\n<h4 class=\"wp-block-heading\">Fuentes de las im\u00e1genes de portada del deslizador:<\/h4>\n\n\n\n<p>1 - Mujer al amanecer: \u00a9 Maridav - stock.adobe.com<br>2 - Pareja en un prado: \u00a9 vectorfusionart - stock.adobe.com<br>3 - Dos mujeres entrenando en un sof\u00e1\/silla: \u00a9 Katarzyna Bialasiewicz Photographee.eu - stock.adobe.com<br>4 - Mujer sentada en la barandilla de un embarcadero junto al mar: \u00a9 XtravaganT - Fotolia<br>5 - Motivo navide\u00f1o con vela: \u00a9 drubig-photo - stock.adobe.com<\/p>\n\n\n\n<p><\/p>\n\n\n\n<h2 class=\"wp-block-heading\"><strong>Copyright<\/strong><\/h2>\n\n\n\n<p><strong>\u200b<\/strong>Reservados todos los derechos, en particular el derecho de reproducci\u00f3n y distribuci\u00f3n, as\u00ed como el de traducci\u00f3n. Ninguna parte de esta obra puede ser reproducida en forma alguna, ya sea por medios fotomec\u00e1nicos, incluida la fotocopia, el microfilm o cualquier otro procedimiento, ni almacenada, procesada, duplicada, distribuida o utilizada de otro modo mediante sistemas electr\u00f3nicos, en particular en bases de datos, sin la autorizaci\u00f3n escrita del editor.<\/p>\n\n\n\n<p>La copia privada de los contenidos s\u00f3lo est\u00e1 permitida para fines privados y no est\u00e1 abierta a la inspecci\u00f3n p\u00fablica (de conformidad con los apartados 1 y 4 del art\u00edculo 42 de la Ley austriaca de Propiedad Intelectual).<\/p>\n\n\n\n<p><strong>Los textos de este sitio web se han creado con el&nbsp;<\/strong><a href=\"https:\/\/www.copyscape.com\/\" rel=\"noreferrer noopener\" target=\"_blank\"><strong>software de comprobaci\u00f3n de plagios en l\u00ednea Copyscape<\/strong><\/a><strong>&nbsp;Comprobaci\u00f3n autom\u00e1tica continua de copias de este contenido en otros sitios web.<\/strong>&nbsp;por lo que puede detectarse el plagio, incluso en extractos o en forma ligeramente modificada. Nos reservamos todas las reclamaciones al respecto, en particular por da\u00f1os y perjuicios, retirada, requerimiento judicial y publicaci\u00f3n de sentencia.<br><\/p>","protected":false},"excerpt":{"rendered":"<p>Informationspflicht laut \u00a75 E-Commerce Gesetz, \u00a714 Unternehmensgesetzbuch, \u00a763 Gewerbeordnung und Offenlegungspflicht laut \u00a725 Mediengesetz: akademie bios&nbsp;&#8211; Dr. Ernestina Mazza OGauch bekannt unter der Marke&nbsp;akademie bios\u00aeBergmanngasse 46\/1\/28010 Graz\u00d6sterreich Mobil: +43 (0) 699 \/ 11 22 54 16Email:&nbsp;info@akademiebios.euWeb:&nbsp;www.akademiebios.eu UID:\u00a0\u00a0ATU\u00a06849 4523\u00a0Gerichtsstand:\u00a0Graz-WestFirmenbuchnummer:\u00a0\u00a0FN 409990 b\u00a0Aufsichtsbeh\u00f6rde:\u00a0\u00a0LG f\u00fcr Zivilrechtssachen GrazGewerbl. Kammer:\u00a0 WKO Steiermark > Humanenergetik, Buch- und MedienverlagBeh\u00f6rde gem\u00e4\u00df ECG: Magistrat der [&#8230;]\n","protected":false},"author":1,"featured_media":0,"parent":0,"menu_order":0,"comment_status":"closed","ping_status":"closed","template":"","meta":{"_acf_changed":false,"bwfblock_default_font":"","footnotes":""},"class_list":["post-316","page","type-page","status-publish","hentry"],"acf":[],"_links":{"self":[{"href":"https:\/\/new.bios-shop.eu\/es\/wp-json\/wp\/v2\/pages\/316","targetHints":{"allow":["GET"]}}],"collection":[{"href":"https:\/\/new.bios-shop.eu\/es\/wp-json\/wp\/v2\/pages"}],"about":[{"href":"https:\/\/new.bios-shop.eu\/es\/wp-json\/wp\/v2\/types\/page"}],"author":[{"embeddable":true,"href":"https:\/\/new.bios-shop.eu\/es\/wp-json\/wp\/v2\/users\/1"}],"replies":[{"embeddable":true,"href":"https:\/\/new.bios-shop.eu\/es\/wp-json\/wp\/v2\/comments?post=316"}],"version-history":[{"count":0,"href":"https:\/\/new.bios-shop.eu\/es\/wp-json\/wp\/v2\/pages\/316\/revisions"}],"wp:attachment":[{"href":"https:\/\/new.bios-shop.eu\/es\/wp-json\/wp\/v2\/media?parent=316"}],"curies":[{"name":"wp","href":"https:\/\/api.w.org\/{rel}","templated":true}]}}