
{"id":13482,"date":"2023-12-07T10:27:13","date_gmt":"2023-12-07T09:27:13","guid":{"rendered":"https:\/\/www.bios-shop.eu\/?page_id=13482"},"modified":"2023-12-07T12:51:16","modified_gmt":"2023-12-07T11:51:16","slug":"dr-ernestina-mazza","status":"publish","type":"page","link":"https:\/\/new.bios-shop.eu\/es\/autoren\/","title":{"rendered":"Autores"},"content":{"rendered":"<h2 class=\"wp-block-heading\" id=\"dr-ernestina-mazza\"><strong>Dra. Ernestina Mazza<\/strong><\/h2>\n\n\n\n<p><strong>Autora, animadora de seminarios y coach<\/strong><\/p>\n\n\n\n<p>Llevo 20 a\u00f1os guiando a las personas en su camino en cursos de formaci\u00f3n, seminarios y sesiones individuales. Comparto mis conocimientos y mi amplia experiencia contigo en mis libros y blogs. Quiero ayudarte a reconocer tu singularidad y a vivir tu potencial.<\/p>\n\n\n\n<p>Puede obtener m\u00e1s informaci\u00f3n sobre m\u00ed en:<br><a href=\"https:\/\/www.psychologischenumerologie.eu\/dr-ernestina-mazza\/\" target=\"_blank\" rel=\"noreferrer noopener\">www.psychologischenumerologie.eu\/dr-ernestina-mazza\/<\/a><\/p>","protected":false},"excerpt":{"rendered":"<p>Dra. Ernestina Mazza Autora, directora de seminarios y coach Llevo 20 a\u00f1os guiando a personas en su camino en cursos de formaci\u00f3n, seminarios y sesiones individuales. Comparto mis conocimientos y mi amplia experiencia con usted en mis libros y blogs. Quiero ayudarte a reconocer tu singularidad y a vivir tu potencial. Puedes encontrar m\u00e1s informaci\u00f3n sobre m\u00ed en: www.psychologischenumerologie.eu\/dr-ernestina-mazza\/<\/p>","protected":false},"author":1,"featured_media":0,"parent":0,"menu_order":0,"comment_status":"closed","ping_status":"closed","template":"","meta":{"_acf_changed":false,"bwfblock_default_font":"","footnotes":""},"class_list":["post-13482","page","type-page","status-publish","hentry"],"acf":[],"_links":{"self":[{"href":"https:\/\/new.bios-shop.eu\/es\/wp-json\/wp\/v2\/pages\/13482","targetHints":{"allow":["GET"]}}],"collection":[{"href":"https:\/\/new.bios-shop.eu\/es\/wp-json\/wp\/v2\/pages"}],"about":[{"href":"https:\/\/new.bios-shop.eu\/es\/wp-json\/wp\/v2\/types\/page"}],"author":[{"embeddable":true,"href":"https:\/\/new.bios-shop.eu\/es\/wp-json\/wp\/v2\/users\/1"}],"replies":[{"embeddable":true,"href":"https:\/\/new.bios-shop.eu\/es\/wp-json\/wp\/v2\/comments?post=13482"}],"version-history":[{"count":0,"href":"https:\/\/new.bios-shop.eu\/es\/wp-json\/wp\/v2\/pages\/13482\/revisions"}],"wp:attachment":[{"href":"https:\/\/new.bios-shop.eu\/es\/wp-json\/wp\/v2\/media?parent=13482"}],"curies":[{"name":"wp","href":"https:\/\/api.w.org\/{rel}","templated":true}]}}