
{"id":12329,"date":"2023-02-09T03:53:17","date_gmt":"2023-02-09T02:53:17","guid":{"rendered":"https:\/\/www.bios-shop.eu\/?page_id=12329"},"modified":"2023-02-09T04:12:32","modified_gmt":"2023-02-09T03:12:32","slug":"formas-de-pago-3","status":"publish","type":"page","link":"https:\/\/new.bios-shop.eu\/es\/zahlungsweisen-3\/","title":{"rendered":"Formas de pago"},"content":{"rendered":"<h2 class=\"wp-block-heading\">Notas sobre los medios de pago ofrecidos<\/h2>\n\n\n\n<h3 class=\"wp-block-heading\">Klarna<\/h3>\n\n\n\n<p>En colaboraci\u00f3n con Klarna Bank AB (publ), Sveav\u00e4gen 46, 111 34 Estocolmo, Suecia, ofrecemos las siguientes opciones de pago. El pago se realiza a Klarna en cada caso:<\/p>\n\n\n\n<ul class=\"wp-block-list\">\n<li>Factura: El plazo de pago es de 14 d\u00edas a partir del env\u00edo de la mercanc\u00eda\/billete\/ o, en el caso de otros servicios, de la prestaci\u00f3n del servicio. Encontrar\u00e1 las condiciones de compra a cuenta para env\u00edos a Alemania en <a href=\"https:\/\/cdn.klarna.com\/1.0\/shared\/content\/legal\/terms\/EID\/de_de\/invoice?fee=0\" target=\"_blank\" rel=\"noreferrer noopener\">https:\/\/cdn.klarna.com\/1.0\/shared\/content\/legal\/terms\/EID\/de_de\/invo<\/a><a href=\"https:\/\/cdn.klarna.com\/1.0\/shared\/content\/legal\/terms\/EID\/de_de\/invoice?fee=0\" target=\"_blank\" rel=\"noreferrer noopener nofollow\">ice?fee=0<\/a> y para las entregas a Austria en virtud de <a href=\"https:\/\/cdn.klarna.com\/1.0\/shared\/content\/legal\/terms\/EID\/de_at\/invoice?fee=0\" target=\"_blank\" rel=\"noreferrer noopener nofollow\">https:\/\/cdn.klarna.com\/1.0\/shared\/content\/legal\/terms\/EID\/de_at\/invoice?fee=0<\/a>.<\/li>\n\n\n\n<li>Compra a plazos: Con el servicio de financiaci\u00f3n de Klarna, puede pagar su compra de forma flexible en cuotas mensuales de al menos 1\/24 del importe total (pero de al menos 6,95 EUR) o en las condiciones que se especifiquen en la caja. El pago a plazos vence al final de cada mes, despu\u00e9s de que Klarna le env\u00ede una factura mensual. Para m\u00e1s informaci\u00f3n sobre la compra a plazos, incluidas las Condiciones Generales y la Informaci\u00f3n normalizada europea sobre el cr\u00e9dito al consumo, pulse aqu\u00ed: <a href=\"https:\/\/cdn.klarna.com\/1.0\/shared\/content\/legal\/terms\/EID\/de_de\/account\" target=\"_blank\" rel=\"noreferrer noopener nofollow\">https:\/\/cdn.klarna.com\/1.0\/shared\/content\/legal\/terms\/EID\/de_de\/account<\/a><\/li>\n\n\n\n<li>Inmediatamente: El importe se cargar\u00e1 en su cuenta inmediatamente despu\u00e9s de realizar el pedido.<\/li>\n\n\n\n<li>Domiciliaci\u00f3n bancaria: El cargo en cuenta se efectuar\u00e1 una vez enviada la mercanc\u00eda. Se le informar\u00e1 de la fecha por correo electr\u00f3nico.<\/li>\n<\/ul>\n\n\n\n<p>Encontrar\u00e1 informaci\u00f3n general sobre Klarna en: www.klarna.com. Sus datos personales ser\u00e1n tratados por Klarna de acuerdo con la normativa de protecci\u00f3n de datos aplicable y seg\u00fan lo especificado en la Pol\u00edtica de Protecci\u00f3n de Datos de Klarna Alemania\/Austria.<\/p>\n\n\n\n<p>El uso de los m\u00e9todos de pago factura, compra a plazos y domiciliaci\u00f3n bancaria requiere una comprobaci\u00f3n de cr\u00e9dito positiva. En este sentido, transmitimos sus datos a Klarna a efectos de la comprobaci\u00f3n de la direcci\u00f3n y del cr\u00e9dito en el marco del inicio de la compra y de la tramitaci\u00f3n del contrato de compra. Por favor, comprenda que s\u00f3lo podemos ofrecerle aquellos m\u00e9todos de pago que est\u00e9n permitidos en funci\u00f3n de los resultados de la comprobaci\u00f3n de cr\u00e9dito. Encontrar\u00e1 m\u00e1s informaci\u00f3n y las condiciones de uso de Klarna para Alemania aqu\u00ed: <a href=\"https:\/\/cdn.klarna.com\/1.0\/shared\/content\/legal\/terms\/K502554\/de_de\/use\" target=\"_blank\" rel=\"noreferrer noopener nofollow\">https:\/\/cdn.klarna.com\/1.0\/shared\/content\/legal\/terms\/K502554\/de_de\/use<\/a>r y para Austria aqu\u00ed: <a href=\"https:\/\/cdn.klarna.com\/1.0\/shared\/content\/legal\/terms\/K502554\/de_at\/user\" target=\"_blank\" rel=\"noreferrer noopener nofollow\">https:\/\/cdn.klarna.com\/1.0\/shared\/content\/legal\/terms\/K502554\/de_at\/user<\/a>.<\/p>\n\n\n\n<p><\/p>\n\n\n\n<h3 class=\"wp-block-heading\">Sofort\u00fcberweisung - Pago simple y directo.<\/h3>\n\n\n\n<p>Sofort\u00fcberweisung - Pago simple y directo.<br>\"Sofort\". es el procedimiento de transferencia bancaria directa de Sofort GmbH - A Klarna Group Company. Usted paga de forma segura y c\u00f3moda con sus datos habituales de banca online (PIN\/TAN) sin necesidad de registrarse - ahora con el nuevo dise\u00f1o de Klarna. El comerciante recibe una confirmaci\u00f3n en tiempo real despu\u00e9s de completar la transferencia. Esto le permite enviar inmediatamente los art\u00edculos en stock y los productos digitales, para que usted reciba sus compras m\u00e1s r\u00e1pidamente.<\/p>\n\n\n\n<p><\/p>\n\n\n\n<h3 class=\"wp-block-heading\">Google Pay<\/h3>\n\n\n\n<p>Puede pagar con Google Pay como parte del proceso de pedido. Para ello, debe confirmar el pago a trav\u00e9s de la aplicaci\u00f3n m\u00f3vil \"Google Pay\" en un dispositivo final compatible mientras cumple con los pasos de verificaci\u00f3n. Google Pay utiliza los datos de pago que has almacenado en la aplicaci\u00f3n para la transacci\u00f3n. Encontrar\u00e1 m\u00e1s informaci\u00f3n en <a href=\"https:\/\/support.google.com\/pay\/merchants\/answer\/6345242?hl=de\" target=\"_blank\" rel=\"noreferrer noopener nofollow\">https:\/\/support.google.com\/pay\/merchants\/answer\/6345242?hl=de<\/a><\/p>\n\n\n\n<p><\/p>\n\n\n\n<h3 class=\"wp-block-heading\">Apple Pay<\/h3>\n\n\n\n<p>Puedes pagar con Apple Pay durante el proceso de pedido. Para ello, deber\u00e1 confirmar el pago a trav\u00e9s del servicio \"Apple Pay\" en un dispositivo terminal Apple compatible cumpliendo los pasos de verificaci\u00f3n. Apple Pay utiliza para la transacci\u00f3n los datos de pago que tienes almacenados en la app Apple Wallet. Encontrar\u00e1 m\u00e1s informaci\u00f3n en <a href=\"https:\/\/support.apple.com\/de-de\/HT201469\" target=\"_blank\" rel=\"noreferrer noopener nofollow\">https:\/\/support.apple.com\/de-de\/HT201469<\/a><\/p>\n\n\n\n<p><\/p>\n\n\n\n<h3 class=\"wp-block-heading\">Paypal<\/h3>\n\n\n\n<p><em>S\u00f3lo unos pocos pasos para el pago:<\/em><br><em>Seleccione \"PayPal\" como m\u00e9todo de pago en la caja.<\/em><br><em>Para procesar el pago, se le redirigir\u00e1 al sitio web de PayPal.<\/em><br><em>Si ya es cliente de PayPal, puede iniciar sesi\u00f3n con sus datos de usuario de PayPal e iniciar el pago.<\/em><br><em>Si a\u00fan no dispone de una cuenta PayPal, puede crear una cuenta PayPal y, a continuaci\u00f3n, confirmar el pago. Para las formas de pago domiciliaci\u00f3n bancaria a trav\u00e9s de PayPal, tarjeta de cr\u00e9dito a trav\u00e9s de PayPal y compra a cuenta a trav\u00e9s de PayPal, no es necesario crear una cuenta PayPal.<\/em><br><em>4. a continuaci\u00f3n, se le dirigir\u00e1 de nuevo a nosotros (www.bios-shop.eu).<\/em><\/p>","protected":false},"excerpt":{"rendered":"<p>Hinweise zu den angebotenen Zahlungsweisen Klarna In Zusammenarbeit mit Klarna Bank AB (publ), Sveav\u00e4gen 46, 111 34 Stockholm, Schweden, bieten wir die folgenden Zahlungsoptionen an. Die Zahlung erfolgt jeweils an Klarna: Allgemeine Informationen zu Klarna erhalten Sie hier: www.klarna.com. Ihre Personenangaben werden von Klarna in \u00dcbereinstimmung mit den geltenden Datenschutzbestimmungen und entsprechend den Angaben in [&#8230;]\n","protected":false},"author":2,"featured_media":0,"parent":0,"menu_order":0,"comment_status":"closed","ping_status":"closed","template":"","meta":{"_acf_changed":false,"bwfblock_default_font":"","footnotes":""},"class_list":["post-12329","page","type-page","status-publish","hentry"],"acf":[],"_links":{"self":[{"href":"https:\/\/new.bios-shop.eu\/es\/wp-json\/wp\/v2\/pages\/12329","targetHints":{"allow":["GET"]}}],"collection":[{"href":"https:\/\/new.bios-shop.eu\/es\/wp-json\/wp\/v2\/pages"}],"about":[{"href":"https:\/\/new.bios-shop.eu\/es\/wp-json\/wp\/v2\/types\/page"}],"author":[{"embeddable":true,"href":"https:\/\/new.bios-shop.eu\/es\/wp-json\/wp\/v2\/users\/2"}],"replies":[{"embeddable":true,"href":"https:\/\/new.bios-shop.eu\/es\/wp-json\/wp\/v2\/comments?post=12329"}],"version-history":[{"count":0,"href":"https:\/\/new.bios-shop.eu\/es\/wp-json\/wp\/v2\/pages\/12329\/revisions"}],"wp:attachment":[{"href":"https:\/\/new.bios-shop.eu\/es\/wp-json\/wp\/v2\/media?parent=12329"}],"curies":[{"name":"wp","href":"https:\/\/api.w.org\/{rel}","templated":true}]}}