
{"id":7595,"date":"2019-12-27T01:54:00","date_gmt":"2019-12-27T00:54:00","guid":{"rendered":"https:\/\/www.bios-shop.eu\/?page_id=7595"},"modified":"2019-12-27T03:20:20","modified_gmt":"2019-12-27T02:20:20","slug":"bookstore-delivery","status":"publish","type":"page","link":"https:\/\/new.bios-shop.eu\/en\/buchhandel-auslieferung\/","title":{"rendered":"Book trade and delivery"},"content":{"rendered":"<h2 class=\"wp-block-heading\">Conditions for the book trade<\/h2>\n\n\n\n<p>We grant the book trade the usual book trade conditions of <strong>30% Discount on single orders<\/strong> (plus postage). If at least four of our books (with at least 2 pieces each) are taken on commission and <strong>be on display in the bookstore<\/strong>, we gladly clear <strong>40% Bookstore Discount<\/strong> one. <\/p>\n\n\n\n<p>Returns are always possible with us as long as the books are in mint condition.<br><\/p>\n\n\n\n<h2 class=\"wp-block-heading\">Delivery DACH<\/h2>\n\n\n\n<p><strong>Delivery for Germany, Austria and Switzerland: <\/strong><br>Artha Book Service \/ Publisher Delivery<br>Contact person: Rolf Mihm<br>Gr\u00fcntenseestr. 42<br>87466 Oy-Mittelberg<br>Germany<br>Phone: +49 8361 8031<br>Order email: <a href=\"mailto:va@artha.de\">va@artha.de<\/a><br><\/p>\n\n\n\n<h2 class=\"wp-block-heading\">Delivery routes and shipping costs<\/h2>\n\n\n\n<p><strong>For Germany and Austria:<\/strong><br>Our delivery service Artha Buchdienst delivers our books via the book carts of KNV, Libri, Umbreit and Morawa at the usual prices per kilo. <\/p>\n\n\n\n<p>Alternatively, we also offer delivery via post (DE\/AT), DHL and DPD, whereby the shipping costs are to be borne by the bookstore according to expenditure. These amount to approx. \u20ac 4.30 depending on the size of the order.<\/p>\n\n\n\n<p><strong>For Switzerland:<\/strong><br>Bookstores from Switzerland can order our books directly through the Swiss Book Center, to which our distributor Artha is affiliated.<\/p>","protected":false},"excerpt":{"rendered":"<p>Konditionen f\u00fcr den Buchhandel Wir gew\u00e4hren dem Buchhandel die \u00fcblichen Buchhandelskonditionen von 30% Rabatt auf Einzelbestellungen (zzgl. Porto). Wenn mindestens vier unserer B\u00fccher (mit mind. jew. 2 St\u00fcck) auf Kommission genommen werden und in der Auslage der Buchhandlung aufliegen, r\u00e4umen wir gerne 40% Buchhandelsrabatt ein. Remissionen sind bei uns immer m\u00f6glich, solange die B\u00fccher in [&#8230;]\n","protected":false},"author":2,"featured_media":0,"parent":0,"menu_order":0,"comment_status":"closed","ping_status":"closed","template":"","meta":{"_acf_changed":false,"bwfblock_default_font":"","footnotes":""},"class_list":["post-7595","page","type-page","status-publish","hentry"],"acf":[],"_links":{"self":[{"href":"https:\/\/new.bios-shop.eu\/en\/wp-json\/wp\/v2\/pages\/7595","targetHints":{"allow":["GET"]}}],"collection":[{"href":"https:\/\/new.bios-shop.eu\/en\/wp-json\/wp\/v2\/pages"}],"about":[{"href":"https:\/\/new.bios-shop.eu\/en\/wp-json\/wp\/v2\/types\/page"}],"author":[{"embeddable":true,"href":"https:\/\/new.bios-shop.eu\/en\/wp-json\/wp\/v2\/users\/2"}],"replies":[{"embeddable":true,"href":"https:\/\/new.bios-shop.eu\/en\/wp-json\/wp\/v2\/comments?post=7595"}],"version-history":[{"count":0,"href":"https:\/\/new.bios-shop.eu\/en\/wp-json\/wp\/v2\/pages\/7595\/revisions"}],"wp:attachment":[{"href":"https:\/\/new.bios-shop.eu\/en\/wp-json\/wp\/v2\/media?parent=7595"}],"curies":[{"name":"wp","href":"https:\/\/api.w.org\/{rel}","templated":true}]}}