
{"id":316,"date":"2018-11-15T12:48:15","date_gmt":"2018-11-15T12:48:15","guid":{"rendered":"https:\/\/www.bios-shop.eu\/impressum\/"},"modified":"2025-10-02T09:45:00","modified_gmt":"2025-10-02T08:45:00","slug":"imprint-2","status":"publish","type":"page","link":"https:\/\/new.bios-shop.eu\/en\/impressum\/","title":{"rendered":"Legal notice"},"content":{"rendered":"<div class=\"woocommerce woocommerce-gzd woocommerce-gzd-complaints-shortcode\">\n\t\t\t<h3>Information pursuant to \u00a7 19 (3) AStG<\/h3>\n\t\t<p>Alternative Dispute Resolution Act - Online stores<\/p>\n\t\nWe are not obliged or willing to participate in dispute resolution proceedings before a consumer arbitration board.<\/div>\n\n\n\n<p>Duty to inform according to \u00a75 E-Commerce Act, \u00a714 Company Code, \u00a763 Trade Regulation Act and duty to disclose according to \u00a725 Media Act:<\/p>\n\n\n\n<p><strong>academy bios - Dr. Ernestina Mazza OG<\/strong><br>also known under the brand&nbsp;<strong>academy bios\u00ae<\/strong><br>Bergmanngasse 46\/1\/2<br>8010 Graz<br>Austria<br><br>Mobile: +43 (0) 699 \/ 11 22 54 16<br>Email:&nbsp;<a href=\"mailto:info@akademiebios.eu\" target=\"_blank\" rel=\"noreferrer noopener\">info@akademiebios.eu<\/a><br>Web:<a href=\"https:\/\/www.akademiebios.eu\/\" target=\"_blank\" rel=\"noopener\">&nbsp;www.akademiebios.eu<\/a><\/p>\n\n\n\n<p><br><strong>UID:\u00a0<\/strong>\u00a0ATU 6849 4523\u00a0<br><strong>Jurisdiction:<\/strong>\u00a0Graz-West<br><strong>Company registration number:<\/strong>\u00a0\u00a0FN 409990 b\u00a0<br><strong>Supervisory authority:<\/strong>\u00a0\u00a0LG for civil law cases Graz<br><strong>Chamber of Commerce:<\/strong>\u00a0 WKO Styria &gt; Humanenergetics, book and media publisher<br><strong>Authority according to ECG:<\/strong> Municipality of the City of Graz<br><strong>Object of the company:<\/strong>\u00a0 Training and further education \/ adult education in health promotion, TCM energetics, bodywork, archetypal teachings, psychology, mental training, numerology, etc., publishing activities with book and media products<\/p>\n\n\n\n<p><strong>Shareholders authorized to represent the company:<\/strong>\u00a0Mag. (FH) Clemens Mazza, Dott.ssa. Mag. Dipl. P\u00e4d. Ernestina Mazza<br><strong>Management:<\/strong>\u00a0Mag. (FH) Clemens Mazza<br><strong>Pedagogical direction of the academy:<\/strong>\u00a0Dott.ssa. Mag. Dipl. P\u00e4d. Ernestina <br><br><strong>Responsible for the editorial content of the blog:<\/strong><br>Dott.ssa. Mag. Dipl. P\u00e4d. Ernestina, Bergmanngasse 46\/1\/2, 8010 Graz, Austria<\/p>\n\n\n\n<p><br><strong>Bank details Academy:<\/strong><br>Steierm\u00e4rkische Sparkasse<br>IBAN: AT25 2081 5000 4001 9655<br>BIC: STSPAT2GXXX<\/p>\n\n\n\n<p><br><strong>bios<sup>\u00ae<\/sup>&nbsp;publisher<\/strong><br>a brand of the&nbsp;<strong>&nbsp;academy bios - Dr. Ernestina Mazza OG<\/strong><br>VKNR: 120313, GLN: 9007981203131<\/p>\n\n\n\n<p>Bergmanngasse 46\/1\/2<br>8010 Graz<br>Austria<br><br>Mobile: +43 (0) 699 \/ 1 777 9 111<br>Email:&nbsp;<a rel=\"noreferrer noopener\" href=\"mailto:verlag@akademiebios.eu\" target=\"_blank\">info@bios-shop.eu<\/a><br>Web:&nbsp;<a rel=\"noreferrer noopener\" href=\"https:\/\/www.akademiebios.eu\/buchbestellung\/\" target=\"_blank\">www.bios-shop.eu<\/a><\/p>\n\n\n\n<p><\/p>\n\n\n\n<p><strong>Bank details publisher for customers from Austria and Switzerland:<\/strong><br>Steierm\u00e4rkische Sparkasse<br>IBAN: AT90 2081 5000 0696 6220<br>BIC: STSPAT2GXXX<br><br><strong>Bank details publisher for customers from Germany:<\/strong><br>Steierm\u00e4rkische Sparkasse<br>IBAN: AT76 2081 5000 4002 8243<br>BIC: STSPAT2GXXX<br><br><\/p>\n\n\n\n<figure class=\"wp-block-image\"><a href=\"https:\/\/www.fairness-im-handel.de\/\" target=\"_blank\" rel=\"noreferrer noopener\"><img decoding=\"async\" src=\"https:\/\/www.akademiebios.eu\/wp-content\/uploads\/2018\/04\/logo-fairness.png\" alt=\"Initiative: Fairness in trade\" title=\"\"><\/a><\/figure>\n\n\n\n<p>Member of the \"Fairness in Trade\" initiative.<br>Information on the initiative:&nbsp;<a rel=\"noreferrer noopener\" href=\"https:\/\/www.fairness-im-handel.de\/\" target=\"_blank\">https:\/\/www.fairness-im-handel.de<\/a><\/p>\n\n\n\n<p><\/p>\n\n\n\n<h2 class=\"wp-block-heading\"><strong>Conception and design of the website<\/strong><\/h2>\n\n\n\n<p>Mag. (FH) Clemens Mazza, Media Designer<br><br><\/p>\n\n\n\n<h2 class=\"wp-block-heading\"><strong>Image source information<\/strong><\/h2>\n\n\n\n<p>All photos - except the one of Dr. Ernestina Mazza - are from the image database www.fotolia.com and their source is indicated on the respective page below the image. If no source is indicated, the respective image is from the public domain.<\/p>\n\n\n\n<h4 class=\"wp-block-heading\">Image sources of the cover images in the slider:<\/h4>\n\n\n\n<p>1 - Woman at sunrise: \u00a9 Maridav - stock.adobe.com<br>2 - Couple on meadow: \u00a9 vectorfusionart - stock.adobe.com<br>3 - Two women coaching on couch \/chair: \u00a9 Katarzyna Bialasiewicz Photographee.eu - stock.adobe.com<br>4 - Woman sitting on jetty railing by the sea: \u00a9 XtravaganT - Fotolia<br>5 - Christmas motif with candle: \u00a9 drubig-photo - stock.adobe.com<\/p>\n\n\n\n<p><\/p>\n\n\n\n<h2 class=\"wp-block-heading\"><strong>Copyright notice<\/strong><\/h2>\n\n\n\n<p><strong>\u200b<\/strong>All rights reserved, in particular the right of reproduction and distribution as well as translation. No part of this work may be reproduced in any form, whether by photomechanical means including photocopying, microfilm or any other process, or stored, processed, duplicated, distributed or otherwise used by means of electronic systems, in particular in databases, without the written permission of the publisher.<\/p>\n\n\n\n<p>Private copying of the content is only permitted for private purposes and not for public viewing (in accordance with Section 42 (1) and (4) of the Austrian Copyright Act).<\/p>\n\n\n\n<p><strong>The texts on this website are created with the&nbsp;<\/strong><a href=\"https:\/\/www.copyscape.com\/\" rel=\"noreferrer noopener\" target=\"_blank\"><strong>online plagiarism checker software Copyscape<\/strong><\/a><strong>&nbsp;continuously checked automatically for copies of this content on other websites<\/strong>&nbsp;and thus plagiarism - even in excerpts or in slightly modified form - can be detected. We reserve all claims in this regard, in particular for damages, removal, omission and publication of judgment.<br><\/p>","protected":false},"excerpt":{"rendered":"<p>Informationspflicht laut \u00a75 E-Commerce Gesetz, \u00a714 Unternehmensgesetzbuch, \u00a763 Gewerbeordnung und Offenlegungspflicht laut \u00a725 Mediengesetz: akademie bios&nbsp;&#8211; Dr. Ernestina Mazza OGauch bekannt unter der Marke&nbsp;akademie bios\u00aeBergmanngasse 46\/1\/28010 Graz\u00d6sterreich Mobil: +43 (0) 699 \/ 11 22 54 16Email:&nbsp;info@akademiebios.euWeb:&nbsp;www.akademiebios.eu UID:\u00a0\u00a0ATU\u00a06849 4523\u00a0Gerichtsstand:\u00a0Graz-WestFirmenbuchnummer:\u00a0\u00a0FN 409990 b\u00a0Aufsichtsbeh\u00f6rde:\u00a0\u00a0LG f\u00fcr Zivilrechtssachen GrazGewerbl. Kammer:\u00a0 WKO Steiermark > Humanenergetik, Buch- und MedienverlagBeh\u00f6rde gem\u00e4\u00df ECG: Magistrat der [&#8230;]\n","protected":false},"author":1,"featured_media":0,"parent":0,"menu_order":0,"comment_status":"closed","ping_status":"closed","template":"","meta":{"_acf_changed":false,"bwfblock_default_font":"","footnotes":""},"class_list":["post-316","page","type-page","status-publish","hentry"],"acf":[],"_links":{"self":[{"href":"https:\/\/new.bios-shop.eu\/en\/wp-json\/wp\/v2\/pages\/316","targetHints":{"allow":["GET"]}}],"collection":[{"href":"https:\/\/new.bios-shop.eu\/en\/wp-json\/wp\/v2\/pages"}],"about":[{"href":"https:\/\/new.bios-shop.eu\/en\/wp-json\/wp\/v2\/types\/page"}],"author":[{"embeddable":true,"href":"https:\/\/new.bios-shop.eu\/en\/wp-json\/wp\/v2\/users\/1"}],"replies":[{"embeddable":true,"href":"https:\/\/new.bios-shop.eu\/en\/wp-json\/wp\/v2\/comments?post=316"}],"version-history":[{"count":0,"href":"https:\/\/new.bios-shop.eu\/en\/wp-json\/wp\/v2\/pages\/316\/revisions"}],"wp:attachment":[{"href":"https:\/\/new.bios-shop.eu\/en\/wp-json\/wp\/v2\/media?parent=316"}],"curies":[{"name":"wp","href":"https:\/\/api.w.org\/{rel}","templated":true}]}}